{"id":792860,"date":"2025-06-13T10:12:33","date_gmt":"2025-06-13T07:12:33","guid":{"rendered":"https:\/\/nextsnkr.com\/product\/balenciaga\/"},"modified":"2026-02-01T14:42:49","modified_gmt":"2026-02-01T11:42:49","slug":"balenciaga","status":"publish","type":"product","link":"https:\/\/nextsnkr.com\/no\/produkt\/balenciaga\/","title":{"rendered":"Balenciaga suede-tekstil joggesko-stil og komfort daglig"},"content":{"rendered":"<h2>Balenciaga suede-tekstil joggesko-stil og komfort daglig<\/h2>\n<p>&nbsp;<\/p>\n<p>Balenciaga joggesko er laget av en kombinasjon av semsket skinn og tekstiler av h\u00f8y kvalitet, som gir holdbarhet, letthet og maksimal komfort under bruk. Den stilige moderne designen gj\u00f8r denne modellen allsidig for hverdagslig utseende. Materialer av h\u00f8y kvalitet og n\u00f8yaktig utf\u00f8relse garanterer holdbarhet. Velg et merke som fremhever din stil og personlighet med hvert trinn.<\/p>\n","protected":false},"excerpt":{"rendered":"<p>Balenciaga joggesko er laget av en kombinasjon av semsket skinn og tekstiler av h\u00f8y kvalitet, som gir holdbarhet, letthet og maksimal komfort under bruk. Den stilige moderne designen gj\u00f8r denne modellen allsidig for hverdagslig utseende. Materialer av h\u00f8y kvalitet og n\u00f8yaktig utf\u00f8relse garanterer holdbarhet. Velg et merke som fremhever din stil og personlighet med hvert trinn.<\/p>\n","protected":false},"featured_media":792861,"comment_status":"open","ping_status":"open","template":"","meta":[],"product_brand":[],"product_cat":[3277,3278],"product_tag":[],"class_list":{"0":"post-792860","1":"product","2":"type-product","3":"status-publish","4":"has-post-thumbnail","6":"product_cat-all-product","7":"product_cat-krosivky","8":"pa_rozmir-910","9":"pa_rozmir-912","10":"pa_rozmir-914","11":"pa_rozmir-915","12":"pa_rozmir-916","13":"pa_rozmir-917","14":"pa_rozmir-918","15":"pa_rozmir-919","16":"pa_rozmir-920","17":"pa_rozmir-921","18":"pa_rozmir-922","20":"first","21":"onbackorder","22":"purchasable","23":"product-type-variable"},"_links":{"self":[{"href":"https:\/\/nextsnkr.com\/no\/wp-json\/wp\/v2\/product\/792860","targetHints":{"allow":["GET"]}}],"collection":[{"href":"https:\/\/nextsnkr.com\/no\/wp-json\/wp\/v2\/product"}],"about":[{"href":"https:\/\/nextsnkr.com\/no\/wp-json\/wp\/v2\/types\/product"}],"replies":[{"embeddable":true,"href":"https:\/\/nextsnkr.com\/no\/wp-json\/wp\/v2\/comments?post=792860"}],"version-history":[{"count":0,"href":"https:\/\/nextsnkr.com\/no\/wp-json\/wp\/v2\/product\/792860\/revisions"}],"wp:featuredmedia":[{"embeddable":true,"href":"https:\/\/nextsnkr.com\/no\/wp-json\/wp\/v2\/media\/792861"}],"wp:attachment":[{"href":"https:\/\/nextsnkr.com\/no\/wp-json\/wp\/v2\/media?parent=792860"}],"wp:term":[{"taxonomy":"product_brand","embeddable":true,"href":"https:\/\/nextsnkr.com\/no\/wp-json\/wp\/v2\/product_brand?post=792860"},{"taxonomy":"product_cat","embeddable":true,"href":"https:\/\/nextsnkr.com\/no\/wp-json\/wp\/v2\/product_cat?post=792860"},{"taxonomy":"product_tag","embeddable":true,"href":"https:\/\/nextsnkr.com\/no\/wp-json\/wp\/v2\/product_tag?post=792860"}],"curies":[{"name":"wp","href":"https:\/\/api.w.org\/{rel}","templated":true}]}}