{"id":790481,"date":"2025-06-13T10:18:37","date_gmt":"2025-06-13T07:18:37","guid":{"rendered":"https:\/\/nextsnkr.com\/product\/9060-white-black\/"},"modified":"2026-02-01T14:41:35","modified_gmt":"2026-02-01T11:41:35","slug":"9060-white-black","status":"publish","type":"product","link":"https:\/\/nextsnkr.com\/no\/produkt\/9060-white-black\/","title":{"rendered":"Sneakers 9060 Hvit \/ Svart-stilige skinnsko til hverdagsbruk"},"content":{"rendered":"<h2>Sneakers 9060 Hvit \/ Svart-stilige skinnsko til hverdagsbruk<\/h2>\n<p>&nbsp;<\/p>\n<p>9060 White \/ Black sneakers er laget av ekte l\u00e6r av h\u00f8y kvalitet, noe som sikrer holdbarhet, komfort og lang levetid. Den kontrasterende kombinasjonen av hvite og svarte farger gj\u00f8r modellen allsidig og enkel \u00e5 kombinere med enhver stil-fra sporty til urban. Den komfortable s\u00e5len gir demping og st\u00f8tte mens du g\u00e5r. Velg 9060 Hvit \/ Svart hvis du er ute etter p\u00e5litelige, moderne og praktiske joggesko for hver dag.<\/p>\n","protected":false},"excerpt":{"rendered":"<p>9060 White \/ Black sneakers er laget av ekte l\u00e6r av h\u00f8y kvalitet, noe som sikrer holdbarhet, komfort og lang levetid. Den kontrasterende kombinasjonen av hvite og svarte farger gj\u00f8r modellen allsidig og enkel \u00e5 kombinere med enhver stil-fra sporty til urban. Den komfortable s\u00e5len gir demping og st\u00f8tte mens du g\u00e5r. Velg 9060 Hvit \/ Svart hvis du er ute etter p\u00e5litelige, moderne og praktiske joggesko for hver dag.<\/p>\n","protected":false},"featured_media":790482,"comment_status":"open","ping_status":"open","template":"","meta":[],"product_brand":[],"product_cat":[3277,3278],"product_tag":[],"class_list":{"0":"post-790481","1":"product","2":"type-product","3":"status-publish","4":"has-post-thumbnail","6":"product_cat-all-product","7":"product_cat-krosivky","8":"pa_rozmir-910","9":"pa_rozmir-912","10":"pa_rozmir-914","11":"pa_rozmir-915","12":"pa_rozmir-916","13":"pa_rozmir-917","14":"pa_rozmir-918","15":"pa_rozmir-919","16":"pa_rozmir-920","17":"pa_rozmir-921","18":"pa_rozmir-922","20":"first","21":"instock","22":"purchasable","23":"product-type-variable"},"_links":{"self":[{"href":"https:\/\/nextsnkr.com\/no\/wp-json\/wp\/v2\/product\/790481","targetHints":{"allow":["GET"]}}],"collection":[{"href":"https:\/\/nextsnkr.com\/no\/wp-json\/wp\/v2\/product"}],"about":[{"href":"https:\/\/nextsnkr.com\/no\/wp-json\/wp\/v2\/types\/product"}],"replies":[{"embeddable":true,"href":"https:\/\/nextsnkr.com\/no\/wp-json\/wp\/v2\/comments?post=790481"}],"version-history":[{"count":0,"href":"https:\/\/nextsnkr.com\/no\/wp-json\/wp\/v2\/product\/790481\/revisions"}],"wp:featuredmedia":[{"embeddable":true,"href":"https:\/\/nextsnkr.com\/no\/wp-json\/wp\/v2\/media\/790482"}],"wp:attachment":[{"href":"https:\/\/nextsnkr.com\/no\/wp-json\/wp\/v2\/media?parent=790481"}],"wp:term":[{"taxonomy":"product_brand","embeddable":true,"href":"https:\/\/nextsnkr.com\/no\/wp-json\/wp\/v2\/product_brand?post=790481"},{"taxonomy":"product_cat","embeddable":true,"href":"https:\/\/nextsnkr.com\/no\/wp-json\/wp\/v2\/product_cat?post=790481"},{"taxonomy":"product_tag","embeddable":true,"href":"https:\/\/nextsnkr.com\/no\/wp-json\/wp\/v2\/product_tag?post=790481"}],"curies":[{"name":"wp","href":"https:\/\/api.w.org\/{rel}","templated":true}]}}