{"id":786787,"date":"2025-06-13T10:25:45","date_gmt":"2025-06-13T07:25:45","guid":{"rendered":"https:\/\/nextsnkr.com\/product\/acg-mountain-fly-2-gore-tex-black\/"},"modified":"2026-02-01T14:40:00","modified_gmt":"2026-02-01T11:40:00","slug":"acg-mountain-fly-2-gore-tex-black","status":"publish","type":"product","link":"https:\/\/nextsnkr.com\/no\/produkt\/acg-mountain-fly-2-gore-tex-black\/","title":{"rendered":"ACG Mountain Fly 2 Gore-Tex Svart Joggesko Vanntett Svart"},"content":{"rendered":"<h2>ACG Mountain Fly 2 Gore-Tex Svart Joggesko Vanntett Svart<\/h2>\n<p>&nbsp;<\/p>\n<p>ACG Mountain Fly 2 Gore-Tex Svarte joggesko er designet for maksimal beskyttelse og komfort under vanskelige v\u00e6rforhold. Modellen er utstyrt med En Gore-Tex membran, som gir vannmotstand og respirasjon, og en slitesterk gummibase garanterer p\u00e5litelig grep p\u00e5 overflaten. Den lette tekstiloverdelen gir komfort og fleksibilitet. Ideell for utend\u00f8rsaktiviteter, fotturer og urbane rytme i alle v\u00e6r. Produsent: Vietnam. SKU: 6700-962433<\/p>\n","protected":false},"excerpt":{"rendered":"<p>ACG Mountain Fly 2 Gore-Tex Svarte joggesko er designet for maksimal beskyttelse og komfort under vanskelige v\u00e6rforhold. Modellen er utstyrt med En Gore-Tex membran, som gir vannmotstand og respirasjon, og en slitesterk gummibase garanterer p\u00e5litelig grep p\u00e5 overflaten. Den lette tekstiloverdelen gir komfort og fleksibilitet. Ideell for utend\u00f8rsaktiviteter, fotturer og urbane rytme i alle v\u00e6r. Produsent: Vietnam. SKU: 6700-962433<\/p>\n","protected":false},"featured_media":786788,"comment_status":"open","ping_status":"open","template":"","meta":[],"product_brand":[],"product_cat":[3277,3278],"product_tag":[],"class_list":{"0":"post-786787","1":"product","2":"type-product","3":"status-publish","4":"has-post-thumbnail","6":"product_cat-all-product","7":"product_cat-krosivky","8":"pa_rozmir-910","9":"pa_rozmir-912","10":"pa_rozmir-914","11":"pa_rozmir-915","12":"pa_rozmir-916","13":"pa_rozmir-917","14":"pa_rozmir-918","15":"pa_rozmir-919","16":"pa_rozmir-920","17":"pa_rozmir-921","18":"pa_rozmir-922","20":"first","21":"onbackorder","22":"purchasable","23":"product-type-variable"},"_links":{"self":[{"href":"https:\/\/nextsnkr.com\/no\/wp-json\/wp\/v2\/product\/786787","targetHints":{"allow":["GET"]}}],"collection":[{"href":"https:\/\/nextsnkr.com\/no\/wp-json\/wp\/v2\/product"}],"about":[{"href":"https:\/\/nextsnkr.com\/no\/wp-json\/wp\/v2\/types\/product"}],"replies":[{"embeddable":true,"href":"https:\/\/nextsnkr.com\/no\/wp-json\/wp\/v2\/comments?post=786787"}],"version-history":[{"count":0,"href":"https:\/\/nextsnkr.com\/no\/wp-json\/wp\/v2\/product\/786787\/revisions"}],"wp:featuredmedia":[{"embeddable":true,"href":"https:\/\/nextsnkr.com\/no\/wp-json\/wp\/v2\/media\/786788"}],"wp:attachment":[{"href":"https:\/\/nextsnkr.com\/no\/wp-json\/wp\/v2\/media?parent=786787"}],"wp:term":[{"taxonomy":"product_brand","embeddable":true,"href":"https:\/\/nextsnkr.com\/no\/wp-json\/wp\/v2\/product_brand?post=786787"},{"taxonomy":"product_cat","embeddable":true,"href":"https:\/\/nextsnkr.com\/no\/wp-json\/wp\/v2\/product_cat?post=786787"},{"taxonomy":"product_tag","embeddable":true,"href":"https:\/\/nextsnkr.com\/no\/wp-json\/wp\/v2\/product_tag?post=786787"}],"curies":[{"name":"wp","href":"https:\/\/api.w.org\/{rel}","templated":true}]}}