{"id":784909,"date":"2025-06-13T10:28:33","date_gmt":"2025-06-13T07:28:33","guid":{"rendered":"https:\/\/nextsnkr.com\/product\/suede-xl-black-white\/"},"modified":"2026-02-01T14:39:11","modified_gmt":"2026-02-01T11:39:11","slug":"suede-xl-black-white","status":"publish","type":"product","link":"https:\/\/nextsnkr.com\/no\/produkt\/suede-xl-black-white\/","title":{"rendered":"Suede XL Svart \/ Hvit sneakers-stilige suede sneakers for daglig bruk"},"content":{"rendered":"<h2>Suede XL Svart \/ Hvit sneakers-stilige suede sneakers for daglig bruk<\/h2>\n<p>&nbsp;<\/p>\n<p>Suede XL Black \/ White sneakers er laget av semsket skinn av h\u00f8y kvalitet, noe som sikrer komfort og holdbarhet. Den svarte og hvite kombinasjonen gir allsidighet og er lett \u00e5 matche med ethvert utseende. Suede XL-modellen legger vekt p\u00e5 moderne stil, en behagelig passform og en p\u00e5litelig s\u00e5le til daglig bruk. Et ideelt valg for de som setter pris p\u00e5 komfort, stil og materialer av h\u00f8y kvalitet.<\/p>\n","protected":false},"excerpt":{"rendered":"<p>Suede XL Black \/ White sneakers er laget av semsket skinn av h\u00f8y kvalitet, noe som sikrer komfort og holdbarhet. Den svarte og hvite kombinasjonen gir allsidighet og er lett \u00e5 matche med ethvert utseende. Suede XL-modellen legger vekt p\u00e5 moderne stil, en behagelig passform og en p\u00e5litelig s\u00e5le til daglig bruk. Et ideelt valg for de som setter pris p\u00e5 komfort, stil og materialer av h\u00f8y kvalitet.<\/p>\n","protected":false},"featured_media":784911,"comment_status":"open","ping_status":"open","template":"","meta":[],"product_brand":[],"product_cat":[3277,3324],"product_tag":[],"class_list":{"0":"post-784909","1":"product","2":"type-product","3":"status-publish","4":"has-post-thumbnail","6":"product_cat-all-product","7":"product_cat-kedy","8":"pa_rozmir-910","9":"pa_rozmir-912","10":"pa_rozmir-914","11":"pa_rozmir-915","12":"pa_rozmir-916","13":"pa_rozmir-917","14":"pa_rozmir-918","15":"pa_rozmir-919","16":"pa_rozmir-920","17":"pa_rozmir-921","18":"pa_rozmir-922","20":"first","21":"instock","22":"purchasable","23":"product-type-variable"},"_links":{"self":[{"href":"https:\/\/nextsnkr.com\/no\/wp-json\/wp\/v2\/product\/784909","targetHints":{"allow":["GET"]}}],"collection":[{"href":"https:\/\/nextsnkr.com\/no\/wp-json\/wp\/v2\/product"}],"about":[{"href":"https:\/\/nextsnkr.com\/no\/wp-json\/wp\/v2\/types\/product"}],"replies":[{"embeddable":true,"href":"https:\/\/nextsnkr.com\/no\/wp-json\/wp\/v2\/comments?post=784909"}],"version-history":[{"count":0,"href":"https:\/\/nextsnkr.com\/no\/wp-json\/wp\/v2\/product\/784909\/revisions"}],"wp:featuredmedia":[{"embeddable":true,"href":"https:\/\/nextsnkr.com\/no\/wp-json\/wp\/v2\/media\/784911"}],"wp:attachment":[{"href":"https:\/\/nextsnkr.com\/no\/wp-json\/wp\/v2\/media?parent=784909"}],"wp:term":[{"taxonomy":"product_brand","embeddable":true,"href":"https:\/\/nextsnkr.com\/no\/wp-json\/wp\/v2\/product_brand?post=784909"},{"taxonomy":"product_cat","embeddable":true,"href":"https:\/\/nextsnkr.com\/no\/wp-json\/wp\/v2\/product_cat?post=784909"},{"taxonomy":"product_tag","embeddable":true,"href":"https:\/\/nextsnkr.com\/no\/wp-json\/wp\/v2\/product_tag?post=784909"}],"curies":[{"name":"wp","href":"https:\/\/api.w.org\/{rel}","templated":true}]}}