{"id":778369,"date":"2025-06-13T10:40:16","date_gmt":"2025-06-13T07:40:16","guid":{"rendered":"https:\/\/nextsnkr.com\/product\/adidas-ozweego-dark-grey\/"},"modified":"2026-02-01T14:36:59","modified_gmt":"2026-02-01T11:36:59","slug":"adidas-ozweego-dark-grey","status":"publish","type":"product","link":"https:\/\/nextsnkr.com\/no\/produkt\/adidas-ozweego-dark-grey\/","title":{"rendered":"Adidas Ozweego Dark Grey-treningssko i l\u00e6r \/ tekstil i dark grey"},"content":{"rendered":"<h2>Adidas Ozweego Dark Grey-treningssko i l\u00e6r \/ tekstil i dark grey<\/h2>\n<p>&nbsp;<\/p>\n<p>Adidas Ozweego M\u00f8rkegr\u00e5 joggesko er et stilig valg for de som setter pris p\u00e5 komfort og trendy design. Modellen er laget av en kombinasjon av l\u00e6r og tekstiler, som gir holdbarhet, ventilasjon og letthet. Den st\u00f8tdempende s\u00e5len gir komfort i l\u00f8pet av en aktiv dag, og den allsidige m\u00f8rkegr\u00e5 fargen kan enkelt kombineres med hvilken som helst garderobe. Laget I Vietnam i henhold til h\u00f8ye kvalitetsstandarder. Ideell for urban stil og daglig bruk.<\/p>\n","protected":false},"excerpt":{"rendered":"<p>Adidas Ozweego M\u00f8rkegr\u00e5 joggesko er et stilig valg for de som setter pris p\u00e5 komfort og trendy design. Modellen er laget av en kombinasjon av l\u00e6r og tekstiler, som gir holdbarhet, ventilasjon og letthet. Den st\u00f8tdempende s\u00e5len gir komfort i l\u00f8pet av en aktiv dag, og den allsidige m\u00f8rkegr\u00e5 fargen kan enkelt kombineres med hvilken som helst garderobe. Laget I Vietnam i henhold til h\u00f8ye kvalitetsstandarder. Ideell for urban stil og daglig bruk.<\/p>\n","protected":false},"featured_media":778370,"comment_status":"open","ping_status":"open","template":"","meta":[],"product_brand":[],"product_cat":[3277],"product_tag":[],"class_list":{"0":"post-778369","1":"product","2":"type-product","3":"status-publish","4":"has-post-thumbnail","6":"product_cat-all-product","7":"pa_rozmir-910","8":"pa_rozmir-912","9":"pa_rozmir-914","10":"pa_rozmir-915","11":"pa_rozmir-916","12":"pa_rozmir-917","13":"pa_rozmir-918","14":"pa_rozmir-919","15":"pa_rozmir-920","16":"pa_rozmir-921","17":"pa_rozmir-922","19":"first","20":"onbackorder","21":"purchasable","22":"product-type-variable"},"_links":{"self":[{"href":"https:\/\/nextsnkr.com\/no\/wp-json\/wp\/v2\/product\/778369","targetHints":{"allow":["GET"]}}],"collection":[{"href":"https:\/\/nextsnkr.com\/no\/wp-json\/wp\/v2\/product"}],"about":[{"href":"https:\/\/nextsnkr.com\/no\/wp-json\/wp\/v2\/types\/product"}],"replies":[{"embeddable":true,"href":"https:\/\/nextsnkr.com\/no\/wp-json\/wp\/v2\/comments?post=778369"}],"version-history":[{"count":0,"href":"https:\/\/nextsnkr.com\/no\/wp-json\/wp\/v2\/product\/778369\/revisions"}],"wp:featuredmedia":[{"embeddable":true,"href":"https:\/\/nextsnkr.com\/no\/wp-json\/wp\/v2\/media\/778370"}],"wp:attachment":[{"href":"https:\/\/nextsnkr.com\/no\/wp-json\/wp\/v2\/media?parent=778369"}],"wp:term":[{"taxonomy":"product_brand","embeddable":true,"href":"https:\/\/nextsnkr.com\/no\/wp-json\/wp\/v2\/product_brand?post=778369"},{"taxonomy":"product_cat","embeddable":true,"href":"https:\/\/nextsnkr.com\/no\/wp-json\/wp\/v2\/product_cat?post=778369"},{"taxonomy":"product_tag","embeddable":true,"href":"https:\/\/nextsnkr.com\/no\/wp-json\/wp\/v2\/product_tag?post=778369"}],"curies":[{"name":"wp","href":"https:\/\/api.w.org\/{rel}","templated":true}]}}