{"id":778129,"date":"2025-06-13T10:40:38","date_gmt":"2025-06-13T07:40:38","guid":{"rendered":"https:\/\/nextsnkr.com\/product\/adidas-dass-ler-all-white\/"},"modified":"2026-02-01T14:36:54","modified_gmt":"2026-02-01T11:36:54","slug":"adidas-dass-ler-all-white","status":"publish","type":"product","link":"https:\/\/nextsnkr.com\/no\/produkt\/adidas-dass-ler-all-white\/","title":{"rendered":"Adidas dass-ler alle Hvite skinn sneakers"},"content":{"rendered":"<h2>Adidas dass-ler alle Hvite skinn sneakers<\/h2>\n<p>&nbsp;<\/p>\n<p>Stilig Adidas Dass-ler Alle Hvite sneakers er laget for de som setter pris p\u00e5 minimalisme og allsidighet. Modellen er laget av l\u00e6r, som sikrer holdbarhet, komfort og en behagelig passform. Den klassiske helhvite designen kan enkelt kombineres med enhver stil-fra uformell til sporty. Det perfekte valget for daglig bruk, turg\u00e5ing og den dynamiske urbane rytmen. Velg p\u00e5litelighet og up\u00e5klagelig stil Fra Adidas.<\/p>\n","protected":false},"excerpt":{"rendered":"<p>Stilig Adidas Dass-ler Alle Hvite sneakers er laget for de som setter pris p\u00e5 minimalisme og allsidighet. Modellen er laget av l\u00e6r, som sikrer holdbarhet, komfort og en behagelig passform. Den klassiske helhvite designen kan enkelt kombineres med enhver stil-fra uformell til sporty. Det perfekte valget for daglig bruk, turg\u00e5ing og den dynamiske urbane rytmen. Velg p\u00e5litelighet og up\u00e5klagelig stil Fra Adidas.<\/p>\n","protected":false},"featured_media":778130,"comment_status":"open","ping_status":"open","template":"","meta":[],"product_brand":[],"product_cat":[3277,3324],"product_tag":[],"class_list":{"0":"post-778129","1":"product","2":"type-product","3":"status-publish","4":"has-post-thumbnail","6":"product_cat-all-product","7":"product_cat-kedy","8":"pa_rozmir-910","9":"pa_rozmir-912","10":"pa_rozmir-914","11":"pa_rozmir-915","12":"pa_rozmir-916","13":"pa_rozmir-917","14":"pa_rozmir-918","15":"pa_rozmir-919","16":"pa_rozmir-920","17":"pa_rozmir-921","18":"pa_rozmir-922","20":"first","21":"onbackorder","22":"purchasable","23":"product-type-variable"},"_links":{"self":[{"href":"https:\/\/nextsnkr.com\/no\/wp-json\/wp\/v2\/product\/778129","targetHints":{"allow":["GET"]}}],"collection":[{"href":"https:\/\/nextsnkr.com\/no\/wp-json\/wp\/v2\/product"}],"about":[{"href":"https:\/\/nextsnkr.com\/no\/wp-json\/wp\/v2\/types\/product"}],"replies":[{"embeddable":true,"href":"https:\/\/nextsnkr.com\/no\/wp-json\/wp\/v2\/comments?post=778129"}],"version-history":[{"count":0,"href":"https:\/\/nextsnkr.com\/no\/wp-json\/wp\/v2\/product\/778129\/revisions"}],"wp:featuredmedia":[{"embeddable":true,"href":"https:\/\/nextsnkr.com\/no\/wp-json\/wp\/v2\/media\/778130"}],"wp:attachment":[{"href":"https:\/\/nextsnkr.com\/no\/wp-json\/wp\/v2\/media?parent=778129"}],"wp:term":[{"taxonomy":"product_brand","embeddable":true,"href":"https:\/\/nextsnkr.com\/no\/wp-json\/wp\/v2\/product_brand?post=778129"},{"taxonomy":"product_cat","embeddable":true,"href":"https:\/\/nextsnkr.com\/no\/wp-json\/wp\/v2\/product_cat?post=778129"},{"taxonomy":"product_tag","embeddable":true,"href":"https:\/\/nextsnkr.com\/no\/wp-json\/wp\/v2\/product_tag?post=778129"}],"curies":[{"name":"wp","href":"https:\/\/api.w.org\/{rel}","templated":true}]}}