{"id":775159,"date":"2025-06-13T10:48:47","date_gmt":"2025-06-13T07:48:47","guid":{"rendered":"https:\/\/nextsnkr.com\/product\/nike-air-force-1-07-hight-white\/"},"modified":"2026-02-01T14:35:40","modified_gmt":"2026-02-01T11:35:40","slug":"nike-air-force-1-07-hight-white","status":"publish","type":"product","link":"https:\/\/nextsnkr.com\/no\/produkt\/nike-air-force-1-07-hight-white\/","title":{"rendered":"Nike Air Force 1&#8217;07 H\u00f8ye Hvite Sneakers-klassiske l\u00e6rsko"},"content":{"rendered":"<h2>Nike Air Force 1&#8217;07 H\u00f8ye Hvite Sneakers-klassiske l\u00e6rsko<\/h2>\n<p>&nbsp;<\/p>\n<p>Nike Air Force 1 &#8216; 07 H\u00f8ye Hvite joggesko er laget av l\u00e6r av h\u00f8y kvalitet for maksimal komfort og holdbarhet. Den klassiske hvite designen understreker stil og allsidighet, egnet for daglig bruk og utend\u00f8rsaktiviteter. Modellen Fra Nike-merket gir en behagelig passform, en p\u00e5litelig s\u00e5le og stabilitet n\u00e5r du g\u00e5r. Et ideelt valg for de som setter pris p\u00e5 komfort, kvalitet og et fasjonabelt utseende.<\/p>\n","protected":false},"excerpt":{"rendered":"<p>Nike Air Force 1 &#8216; 07 H\u00f8ye Hvite joggesko er laget av l\u00e6r av h\u00f8y kvalitet for maksimal komfort og holdbarhet. Den klassiske hvite designen understreker stil og allsidighet, egnet for daglig bruk og utend\u00f8rsaktiviteter. Modellen Fra Nike-merket gir en behagelig passform, en p\u00e5litelig s\u00e5le og stabilitet n\u00e5r du g\u00e5r. Et ideelt valg for de som setter pris p\u00e5 komfort, kvalitet og et fasjonabelt utseende.<\/p>\n","protected":false},"featured_media":775160,"comment_status":"open","ping_status":"open","template":"","meta":[],"product_brand":[],"product_cat":[3277,3324],"product_tag":[],"class_list":{"0":"post-775159","1":"product","2":"type-product","3":"status-publish","4":"has-post-thumbnail","6":"product_cat-all-product","7":"product_cat-kedy","8":"pa_rozmir-910","9":"pa_rozmir-912","10":"pa_rozmir-914","11":"pa_rozmir-915","12":"pa_rozmir-916","13":"pa_rozmir-917","14":"pa_rozmir-918","15":"pa_rozmir-919","16":"pa_rozmir-920","17":"pa_rozmir-921","18":"pa_rozmir-922","20":"first","21":"instock","22":"purchasable","23":"product-type-variable"},"_links":{"self":[{"href":"https:\/\/nextsnkr.com\/no\/wp-json\/wp\/v2\/product\/775159","targetHints":{"allow":["GET"]}}],"collection":[{"href":"https:\/\/nextsnkr.com\/no\/wp-json\/wp\/v2\/product"}],"about":[{"href":"https:\/\/nextsnkr.com\/no\/wp-json\/wp\/v2\/types\/product"}],"replies":[{"embeddable":true,"href":"https:\/\/nextsnkr.com\/no\/wp-json\/wp\/v2\/comments?post=775159"}],"version-history":[{"count":0,"href":"https:\/\/nextsnkr.com\/no\/wp-json\/wp\/v2\/product\/775159\/revisions"}],"wp:featuredmedia":[{"embeddable":true,"href":"https:\/\/nextsnkr.com\/no\/wp-json\/wp\/v2\/media\/775160"}],"wp:attachment":[{"href":"https:\/\/nextsnkr.com\/no\/wp-json\/wp\/v2\/media?parent=775159"}],"wp:term":[{"taxonomy":"product_brand","embeddable":true,"href":"https:\/\/nextsnkr.com\/no\/wp-json\/wp\/v2\/product_brand?post=775159"},{"taxonomy":"product_cat","embeddable":true,"href":"https:\/\/nextsnkr.com\/no\/wp-json\/wp\/v2\/product_cat?post=775159"},{"taxonomy":"product_tag","embeddable":true,"href":"https:\/\/nextsnkr.com\/no\/wp-json\/wp\/v2\/product_tag?post=775159"}],"curies":[{"name":"wp","href":"https:\/\/api.w.org\/{rel}","templated":true}]}}