{"id":771549,"date":"2025-06-13T10:57:13","date_gmt":"2025-06-13T07:57:13","guid":{"rendered":"https:\/\/nextsnkr.com\/product\/nike-af1-lx-chrome-swooshees-white\/"},"modified":"2026-02-01T14:34:11","modified_gmt":"2026-02-01T11:34:11","slug":"nike-af1-lx-chrome-swooshees-white","status":"publish","type":"product","link":"https:\/\/nextsnkr.com\/no\/produkt\/nike-af1-lx-chrome-swooshees-white\/","title":{"rendered":"Nike AF1 LX Chrome Swooshees Hvite Joggesko-stilige skinnsko"},"content":{"rendered":"<h2>Nike AF1 LX Chrome Swooshees Hvite Joggesko-stilige skinnsko<\/h2>\n<p>&nbsp;<\/p>\n<p>Nike AF1 LX Chrome Swooshees Hvite joggesko er laget av ekte skinn av h\u00f8y kvalitet, noe som garanterer holdbarhet og komfort under daglig bruk. De lyse kromelementene og den gjenkjennelige Swoosh-logoen gir modellen et moderne og elegant utseende. Den lette ytters\u00e5len gir demping og komfort mens du g\u00e5r. Velg Nike AF1 LX Chrome Swooshees White for \u00e5 fremheve stilen din og komplettere garderoben din med f\u00f8rsteklasses joggesko for byliv.<\/p>\n","protected":false},"excerpt":{"rendered":"<p>Nike AF1 LX Chrome Swooshees Hvite joggesko er laget av ekte skinn av h\u00f8y kvalitet, noe som garanterer holdbarhet og komfort under daglig bruk. De lyse kromelementene og den gjenkjennelige Swoosh-logoen gir modellen et moderne og elegant utseende. Den lette ytters\u00e5len gir demping og komfort mens du g\u00e5r. Velg Nike AF1 LX Chrome Swooshees White for \u00e5 fremheve stilen din og komplettere garderoben din med f\u00f8rsteklasses joggesko for byliv.<\/p>\n","protected":false},"featured_media":771550,"comment_status":"open","ping_status":"open","template":"","meta":[],"product_brand":[],"product_cat":[3277,3324],"product_tag":[],"class_list":{"0":"post-771549","1":"product","2":"type-product","3":"status-publish","4":"has-post-thumbnail","6":"product_cat-all-product","7":"product_cat-kedy","8":"pa_rozmir-910","9":"pa_rozmir-912","10":"pa_rozmir-914","11":"pa_rozmir-915","12":"pa_rozmir-916","13":"pa_rozmir-917","14":"pa_rozmir-918","15":"pa_rozmir-919","16":"pa_rozmir-920","17":"pa_rozmir-921","18":"pa_rozmir-922","20":"first","21":"onbackorder","22":"purchasable","23":"product-type-variable"},"_links":{"self":[{"href":"https:\/\/nextsnkr.com\/no\/wp-json\/wp\/v2\/product\/771549","targetHints":{"allow":["GET"]}}],"collection":[{"href":"https:\/\/nextsnkr.com\/no\/wp-json\/wp\/v2\/product"}],"about":[{"href":"https:\/\/nextsnkr.com\/no\/wp-json\/wp\/v2\/types\/product"}],"replies":[{"embeddable":true,"href":"https:\/\/nextsnkr.com\/no\/wp-json\/wp\/v2\/comments?post=771549"}],"version-history":[{"count":0,"href":"https:\/\/nextsnkr.com\/no\/wp-json\/wp\/v2\/product\/771549\/revisions"}],"wp:featuredmedia":[{"embeddable":true,"href":"https:\/\/nextsnkr.com\/no\/wp-json\/wp\/v2\/media\/771550"}],"wp:attachment":[{"href":"https:\/\/nextsnkr.com\/no\/wp-json\/wp\/v2\/media?parent=771549"}],"wp:term":[{"taxonomy":"product_brand","embeddable":true,"href":"https:\/\/nextsnkr.com\/no\/wp-json\/wp\/v2\/product_brand?post=771549"},{"taxonomy":"product_cat","embeddable":true,"href":"https:\/\/nextsnkr.com\/no\/wp-json\/wp\/v2\/product_cat?post=771549"},{"taxonomy":"product_tag","embeddable":true,"href":"https:\/\/nextsnkr.com\/no\/wp-json\/wp\/v2\/product_tag?post=771549"}],"curies":[{"name":"wp","href":"https:\/\/api.w.org\/{rel}","templated":true}]}}