{"id":771039,"date":"2025-06-13T11:05:53","date_gmt":"2025-06-13T08:05:53","guid":{"rendered":"https:\/\/nextsnkr.com\/product\/adidas-yeezy-boost-350-grey\/"},"modified":"2026-02-01T14:34:01","modified_gmt":"2026-02-01T11:34:01","slug":"adidas-yeezy-boost-350-grey","status":"publish","type":"product","link":"https:\/\/nextsnkr.com\/no\/produkt\/adidas-yeezy-boost-350-grey\/","title":{"rendered":"Adidas Yeezy Boost 350 Gr\u00e5 joggesko-stilige tekstilsko"},"content":{"rendered":"<h2>Adidas Yeezy Boost 350 Gr\u00e5 joggesko-stilige tekstilsko<\/h2>\n<p>&nbsp;<\/p>\n<p>Adidas Yeezy Boost 350 Gr\u00e5 joggesko er en kombinasjon av moderne design, h\u00f8y kvalitet og lett tekstilmateriale. Modellen gir komfort under daglig bruk p\u00e5 grunn av myk s\u00e5le og behagelig passform. Laget I Vietnam, er joggeskoene holdbare og p\u00e5litelige. Den stilige gr\u00e5 fargen er allsidig og kan enkelt kombineres med ethvert antrekk. Velg Yeezy Boost 350 for \u00e5 legge til trendighet og maksimal komfort til utseendet ditt.<\/p>\n","protected":false},"excerpt":{"rendered":"<p>Adidas Yeezy Boost 350 Gr\u00e5 joggesko er en kombinasjon av moderne design, h\u00f8y kvalitet og lett tekstilmateriale. Modellen gir komfort under daglig bruk p\u00e5 grunn av myk s\u00e5le og behagelig passform. Laget I Vietnam, er joggeskoene holdbare og p\u00e5litelige. Den stilige gr\u00e5 fargen er allsidig og kan enkelt kombineres med ethvert antrekk. Velg Yeezy Boost 350 for \u00e5 legge til trendighet og maksimal komfort til utseendet ditt.<\/p>\n","protected":false},"featured_media":771040,"comment_status":"open","ping_status":"open","template":"","meta":[],"product_brand":[],"product_cat":[3402,3277,3278],"product_tag":[],"class_list":{"0":"post-771039","1":"product","2":"type-product","3":"status-publish","4":"has-post-thumbnail","6":"product_cat-adidas-yeezy","7":"product_cat-all-product","8":"product_cat-krosivky","9":"pa_rozmir-910","10":"pa_rozmir-912","11":"pa_rozmir-914","12":"pa_rozmir-915","13":"pa_rozmir-916","14":"pa_rozmir-917","15":"pa_rozmir-918","16":"pa_rozmir-919","17":"pa_rozmir-920","18":"pa_rozmir-921","19":"pa_rozmir-922","21":"first","22":"onbackorder","23":"purchasable","24":"product-type-variable"},"_links":{"self":[{"href":"https:\/\/nextsnkr.com\/no\/wp-json\/wp\/v2\/product\/771039","targetHints":{"allow":["GET"]}}],"collection":[{"href":"https:\/\/nextsnkr.com\/no\/wp-json\/wp\/v2\/product"}],"about":[{"href":"https:\/\/nextsnkr.com\/no\/wp-json\/wp\/v2\/types\/product"}],"replies":[{"embeddable":true,"href":"https:\/\/nextsnkr.com\/no\/wp-json\/wp\/v2\/comments?post=771039"}],"version-history":[{"count":0,"href":"https:\/\/nextsnkr.com\/no\/wp-json\/wp\/v2\/product\/771039\/revisions"}],"wp:featuredmedia":[{"embeddable":true,"href":"https:\/\/nextsnkr.com\/no\/wp-json\/wp\/v2\/media\/771040"}],"wp:attachment":[{"href":"https:\/\/nextsnkr.com\/no\/wp-json\/wp\/v2\/media?parent=771039"}],"wp:term":[{"taxonomy":"product_brand","embeddable":true,"href":"https:\/\/nextsnkr.com\/no\/wp-json\/wp\/v2\/product_brand?post=771039"},{"taxonomy":"product_cat","embeddable":true,"href":"https:\/\/nextsnkr.com\/no\/wp-json\/wp\/v2\/product_cat?post=771039"},{"taxonomy":"product_tag","embeddable":true,"href":"https:\/\/nextsnkr.com\/no\/wp-json\/wp\/v2\/product_tag?post=771039"}],"curies":[{"name":"wp","href":"https:\/\/api.w.org\/{rel}","templated":true}]}}