{"id":770914,"date":"2025-06-17T22:49:15","date_gmt":"2025-06-17T19:49:15","guid":{"rendered":"https:\/\/nextsnkr.com\/product\/balenciaga-grey\/"},"modified":"2026-02-01T14:33:52","modified_gmt":"2026-02-01T11:33:52","slug":"balenciaga-grey","status":"publish","type":"product","link":"https:\/\/nextsnkr.com\/no\/produkt\/balenciaga-grey\/","title":{"rendered":"BALENCIAGA Gr\u00e5 hatt-stilig akryl universal"},"content":{"rendered":"<h2>BALENCIAGA Gr\u00e5 hatt-stilig akryl universal<\/h2>\n<p>&nbsp;<\/p>\n<p>BALENCIAGA Grey ER en fasjonabel akrylhatt som gir varme, mykhet og komfort i all slags v\u00e6r. Det omfangsrike broderiet fremhever merket og gir tilbeh\u00f8ret et stilig utseende. Den universelle st\u00f8rrelsen passer de fleste, og lettstelt gj\u00f8r at du kan vaske hatten p\u00e5 30 istedetfor C uten \u00e5 miste form og farge. Det perfekte valget for daglig bruk, turg\u00e5ing og skape et moderne, merket utseende.<\/p>\n","protected":false},"excerpt":{"rendered":"<p>BALENCIAGA Grey ER en fasjonabel akrylhatt som gir varme, mykhet og komfort i all slags v\u00e6r. Det omfangsrike broderiet fremhever merket og gir tilbeh\u00f8ret et stilig utseende. Den universelle st\u00f8rrelsen passer de fleste, og lettstelt gj\u00f8r at du kan vaske hatten p\u00e5 30 istedetfor C uten \u00e5 miste form og farge. Det perfekte valget for daglig bruk, turg\u00e5ing og skape et moderne, merket utseende.<\/p>\n","protected":false},"featured_media":770915,"comment_status":"open","ping_status":"open","template":"","meta":[],"product_brand":[],"product_cat":[3277,4454],"product_tag":[],"class_list":{"0":"post-770914","1":"product","2":"type-product","3":"status-publish","4":"has-post-thumbnail","6":"product_cat-all-product","7":"product_cat-shapky","8":"pa_rozmir-one-size","10":"first","11":"instock","12":"purchasable","13":"product-type-simple"},"_links":{"self":[{"href":"https:\/\/nextsnkr.com\/no\/wp-json\/wp\/v2\/product\/770914","targetHints":{"allow":["GET"]}}],"collection":[{"href":"https:\/\/nextsnkr.com\/no\/wp-json\/wp\/v2\/product"}],"about":[{"href":"https:\/\/nextsnkr.com\/no\/wp-json\/wp\/v2\/types\/product"}],"replies":[{"embeddable":true,"href":"https:\/\/nextsnkr.com\/no\/wp-json\/wp\/v2\/comments?post=770914"}],"version-history":[{"count":0,"href":"https:\/\/nextsnkr.com\/no\/wp-json\/wp\/v2\/product\/770914\/revisions"}],"wp:featuredmedia":[{"embeddable":true,"href":"https:\/\/nextsnkr.com\/no\/wp-json\/wp\/v2\/media\/770915"}],"wp:attachment":[{"href":"https:\/\/nextsnkr.com\/no\/wp-json\/wp\/v2\/media?parent=770914"}],"wp:term":[{"taxonomy":"product_brand","embeddable":true,"href":"https:\/\/nextsnkr.com\/no\/wp-json\/wp\/v2\/product_brand?post=770914"},{"taxonomy":"product_cat","embeddable":true,"href":"https:\/\/nextsnkr.com\/no\/wp-json\/wp\/v2\/product_cat?post=770914"},{"taxonomy":"product_tag","embeddable":true,"href":"https:\/\/nextsnkr.com\/no\/wp-json\/wp\/v2\/product_tag?post=770914"}],"curies":[{"name":"wp","href":"https:\/\/api.w.org\/{rel}","templated":true}]}}