{"id":770647,"date":"2025-06-13T11:06:34","date_gmt":"2025-06-13T08:06:34","guid":{"rendered":"https:\/\/nextsnkr.com\/product\/adidas-yeezy-boost-black\/"},"modified":"2026-02-01T14:33:48","modified_gmt":"2026-02-01T11:33:48","slug":"adidas-yeezy-boost-black","status":"publish","type":"product","link":"https:\/\/nextsnkr.com\/no\/produkt\/adidas-yeezy-boost-black\/","title":{"rendered":"Adidas Yeezy Boost Svart sneakers-stil og komfort hver dag"},"content":{"rendered":"<h2>Adidas Yeezy Boost Svart sneakers-stil og komfort hver dag<\/h2>\n<p>&nbsp;<\/p>\n<p>Adidas Yeezy Boost Svarte joggesko er en kombinasjon av trendy design, letthet og h\u00f8y komfort. Modellen er laget av tekstiler av h\u00f8y kvalitet, som gir ventilasjon og en behagelig f\u00f8lelse under bruk. Takket V\u00e6re Boost-dempes\u00e5len er skoene egnet for daglig bruk, utend\u00f8rsaktiviteter og byvandringer. Den stilige sorte designen er enkel \u00e5 kombinere med ethvert utseende. Velg Yeezy Boost for maksimal komfort og selvsikker stil.<\/p>\n","protected":false},"excerpt":{"rendered":"<p>Adidas Yeezy Boost Svarte joggesko er en kombinasjon av trendy design, letthet og h\u00f8y komfort. Modellen er laget av tekstiler av h\u00f8y kvalitet, som gir ventilasjon og en behagelig f\u00f8lelse under bruk. Takket V\u00e6re Boost-dempes\u00e5len er skoene egnet for daglig bruk, utend\u00f8rsaktiviteter og byvandringer. Den stilige sorte designen er enkel \u00e5 kombinere med ethvert utseende. Velg Yeezy Boost for maksimal komfort og selvsikker stil.<\/p>\n","protected":false},"featured_media":770648,"comment_status":"open","ping_status":"open","template":"","meta":[],"product_brand":[],"product_cat":[3402,3277,3278],"product_tag":[],"class_list":{"0":"post-770647","1":"product","2":"type-product","3":"status-publish","4":"has-post-thumbnail","6":"product_cat-adidas-yeezy","7":"product_cat-all-product","8":"product_cat-krosivky","9":"pa_rozmir-910","10":"pa_rozmir-912","11":"pa_rozmir-914","12":"pa_rozmir-915","13":"pa_rozmir-916","14":"pa_rozmir-917","15":"pa_rozmir-918","16":"pa_rozmir-919","17":"pa_rozmir-920","18":"pa_rozmir-921","19":"pa_rozmir-922","21":"first","22":"onbackorder","23":"purchasable","24":"product-type-variable"},"_links":{"self":[{"href":"https:\/\/nextsnkr.com\/no\/wp-json\/wp\/v2\/product\/770647","targetHints":{"allow":["GET"]}}],"collection":[{"href":"https:\/\/nextsnkr.com\/no\/wp-json\/wp\/v2\/product"}],"about":[{"href":"https:\/\/nextsnkr.com\/no\/wp-json\/wp\/v2\/types\/product"}],"replies":[{"embeddable":true,"href":"https:\/\/nextsnkr.com\/no\/wp-json\/wp\/v2\/comments?post=770647"}],"version-history":[{"count":0,"href":"https:\/\/nextsnkr.com\/no\/wp-json\/wp\/v2\/product\/770647\/revisions"}],"wp:featuredmedia":[{"embeddable":true,"href":"https:\/\/nextsnkr.com\/no\/wp-json\/wp\/v2\/media\/770648"}],"wp:attachment":[{"href":"https:\/\/nextsnkr.com\/no\/wp-json\/wp\/v2\/media?parent=770647"}],"wp:term":[{"taxonomy":"product_brand","embeddable":true,"href":"https:\/\/nextsnkr.com\/no\/wp-json\/wp\/v2\/product_brand?post=770647"},{"taxonomy":"product_cat","embeddable":true,"href":"https:\/\/nextsnkr.com\/no\/wp-json\/wp\/v2\/product_cat?post=770647"},{"taxonomy":"product_tag","embeddable":true,"href":"https:\/\/nextsnkr.com\/no\/wp-json\/wp\/v2\/product_tag?post=770647"}],"curies":[{"name":"wp","href":"https:\/\/api.w.org\/{rel}","templated":true}]}}