{"id":769972,"date":"2025-06-17T22:49:40","date_gmt":"2025-06-17T19:49:40","guid":{"rendered":"https:\/\/nextsnkr.com\/product\/under-armour-red\/"},"modified":"2026-02-01T14:32:56","modified_gmt":"2026-02-01T11:32:56","slug":"under-armour-red","status":"publish","type":"product","link":"https:\/\/nextsnkr.com\/no\/produkt\/under-armour-red\/","title":{"rendered":"UNDER ARMOUR Red hat-akryl, allsidig, stilig"},"content":{"rendered":"<h2>UNDER ARMOUR Red hat-akryl, allsidig, stilig<\/h2>\n<p>&nbsp;<\/p>\n<p>UNDER ARMOUR Red hat er laget av akryl av h\u00f8y kvalitet, som gir varme og komfort i den kalde \u00e5rstiden. Den universelle st\u00f8rrelsen passer best, og det volumin\u00f8se broderiet gir en stilig aksent. Easy care: vaskes p\u00e5 30 kvm. c. det perfekte valget for utend\u00f8rsaktiviteter, turer eller sport, og kombinerer merkevare, kvalitet og moderne design i ett tilbeh\u00f8r.<\/p>\n","protected":false},"excerpt":{"rendered":"<p>UNDER ARMOUR Red hat er laget av akryl av h\u00f8y kvalitet, som gir varme og komfort i den kalde \u00e5rstiden. Den universelle st\u00f8rrelsen passer best, og det volumin\u00f8se broderiet gir en stilig aksent. Easy care: vaskes p\u00e5 30 kvm. c. det perfekte valget for utend\u00f8rsaktiviteter, turer eller sport, og kombinerer merkevare, kvalitet og moderne design i ett tilbeh\u00f8r.<\/p>\n","protected":false},"featured_media":769974,"comment_status":"open","ping_status":"open","template":"","meta":[],"product_brand":[],"product_cat":[3277,4454],"product_tag":[],"class_list":{"0":"post-769972","1":"product","2":"type-product","3":"status-publish","4":"has-post-thumbnail","6":"product_cat-all-product","7":"product_cat-shapky","8":"pa_rozmir-one-size","10":"first","11":"instock","12":"purchasable","13":"product-type-simple"},"_links":{"self":[{"href":"https:\/\/nextsnkr.com\/no\/wp-json\/wp\/v2\/product\/769972","targetHints":{"allow":["GET"]}}],"collection":[{"href":"https:\/\/nextsnkr.com\/no\/wp-json\/wp\/v2\/product"}],"about":[{"href":"https:\/\/nextsnkr.com\/no\/wp-json\/wp\/v2\/types\/product"}],"replies":[{"embeddable":true,"href":"https:\/\/nextsnkr.com\/no\/wp-json\/wp\/v2\/comments?post=769972"}],"version-history":[{"count":0,"href":"https:\/\/nextsnkr.com\/no\/wp-json\/wp\/v2\/product\/769972\/revisions"}],"wp:featuredmedia":[{"embeddable":true,"href":"https:\/\/nextsnkr.com\/no\/wp-json\/wp\/v2\/media\/769974"}],"wp:attachment":[{"href":"https:\/\/nextsnkr.com\/no\/wp-json\/wp\/v2\/media?parent=769972"}],"wp:term":[{"taxonomy":"product_brand","embeddable":true,"href":"https:\/\/nextsnkr.com\/no\/wp-json\/wp\/v2\/product_brand?post=769972"},{"taxonomy":"product_cat","embeddable":true,"href":"https:\/\/nextsnkr.com\/no\/wp-json\/wp\/v2\/product_cat?post=769972"},{"taxonomy":"product_tag","embeddable":true,"href":"https:\/\/nextsnkr.com\/no\/wp-json\/wp\/v2\/product_tag?post=769972"}],"curies":[{"name":"wp","href":"https:\/\/api.w.org\/{rel}","templated":true}]}}