{"id":769863,"date":"2025-06-13T11:07:54","date_gmt":"2025-06-13T08:07:54","guid":{"rendered":"https:\/\/nextsnkr.com\/product\/puma-cali\/"},"modified":"2026-02-01T14:33:03","modified_gmt":"2026-02-01T11:33:03","slug":"puma-cali","status":"publish","type":"product","link":"https:\/\/nextsnkr.com\/no\/produkt\/puma-cali\/","title":{"rendered":"Puma Cali l\u00e6r sneakers, dame \/ herre-stil og komfort daglig"},"content":{"rendered":"<h2>Puma Cali l\u00e6r sneakers, dame \/ herre-stil og komfort daglig<\/h2>\n<p>&nbsp;<\/p>\n<p>Puma Cali sneakers er moderne premium ekte skinnsko designet for daglig komfort og et stilig utseende. Modellen er laget I Vietnam, den er slitesterk, har en behagelig passform og en allsidig design som enkelt kan kombineres med alle fritidskl\u00e6r. Ytters\u00e5len gir p\u00e5litelig grep og demping. Det perfekte valget for de som verdsetter kvalitet, Puma-merket og maksimal kj\u00f8rekomfort.<\/p>\n","protected":false},"excerpt":{"rendered":"<p>Puma Cali sneakers er moderne premium ekte skinnsko designet for daglig komfort og et stilig utseende. Modellen er laget I Vietnam, den er slitesterk, har en behagelig passform og en allsidig design som enkelt kan kombineres med alle fritidskl\u00e6r. Ytters\u00e5len gir p\u00e5litelig grep og demping. Det perfekte valget for de som verdsetter kvalitet, Puma-merket og maksimal kj\u00f8rekomfort.<\/p>\n","protected":false},"featured_media":769864,"comment_status":"open","ping_status":"open","template":"","meta":[],"product_brand":[],"product_cat":[3277,3324],"product_tag":[],"class_list":{"0":"post-769863","1":"product","2":"type-product","3":"status-publish","4":"has-post-thumbnail","6":"product_cat-all-product","7":"product_cat-kedy","8":"pa_rozmir-910","9":"pa_rozmir-912","10":"pa_rozmir-914","11":"pa_rozmir-915","12":"pa_rozmir-916","13":"pa_rozmir-917","14":"pa_rozmir-918","15":"pa_rozmir-919","16":"pa_rozmir-920","17":"pa_rozmir-921","18":"pa_rozmir-922","20":"first","21":"instock","22":"purchasable","23":"product-type-variable"},"_links":{"self":[{"href":"https:\/\/nextsnkr.com\/no\/wp-json\/wp\/v2\/product\/769863","targetHints":{"allow":["GET"]}}],"collection":[{"href":"https:\/\/nextsnkr.com\/no\/wp-json\/wp\/v2\/product"}],"about":[{"href":"https:\/\/nextsnkr.com\/no\/wp-json\/wp\/v2\/types\/product"}],"replies":[{"embeddable":true,"href":"https:\/\/nextsnkr.com\/no\/wp-json\/wp\/v2\/comments?post=769863"}],"version-history":[{"count":0,"href":"https:\/\/nextsnkr.com\/no\/wp-json\/wp\/v2\/product\/769863\/revisions"}],"wp:featuredmedia":[{"embeddable":true,"href":"https:\/\/nextsnkr.com\/no\/wp-json\/wp\/v2\/media\/769864"}],"wp:attachment":[{"href":"https:\/\/nextsnkr.com\/no\/wp-json\/wp\/v2\/media?parent=769863"}],"wp:term":[{"taxonomy":"product_brand","embeddable":true,"href":"https:\/\/nextsnkr.com\/no\/wp-json\/wp\/v2\/product_brand?post=769863"},{"taxonomy":"product_cat","embeddable":true,"href":"https:\/\/nextsnkr.com\/no\/wp-json\/wp\/v2\/product_cat?post=769863"},{"taxonomy":"product_tag","embeddable":true,"href":"https:\/\/nextsnkr.com\/no\/wp-json\/wp\/v2\/product_tag?post=769863"}],"curies":[{"name":"wp","href":"https:\/\/api.w.org\/{rel}","templated":true}]}}