{"id":768929,"date":"2025-06-18T18:46:48","date_gmt":"2025-06-18T15:46:48","guid":{"rendered":"https:\/\/nextsnkr.com\/product\/muzhskoe-bele-lacoste-grey\/"},"modified":"2026-02-01T14:32:16","modified_gmt":"2026-02-01T11:32:16","slug":"muzhskoe-bele-lacoste-grey","status":"publish","type":"product","link":"https:\/\/nextsnkr.com\/no\/produkt\/muzhskoe-bele-lacoste-grey\/","title":{"rendered":"LACOSTE Gr\u00e5 menns undert\u00f8y laget av bomull og spandex"},"content":{"rendered":"<h2>LACOSTE Gr\u00e5 menns undert\u00f8y laget av bomull og spandex<\/h2>\n<p>&nbsp;<\/p>\n<p>LACOSTE Grey herreundert\u00f8y kombinerer komfort og stil takket v\u00e6re materialer av h\u00f8y kvalitet\u201495% bomull og 5% elastan. Modellen gir utmerket passform og st\u00f8tte, tilpasser seg lett til kroppsformen, noe som gj\u00f8r den ideell til daglig bruk. Lacoste-lin er laget i Egypt og kjennetegnes av holdbarhet, pusteevne og behagelig \u00e5 ta p\u00e5 stoff, noe som garanterer komfort og et stilig utseende hele dagen.<\/p>\n","protected":false},"excerpt":{"rendered":"<p>LACOSTE Grey herreundert\u00f8y kombinerer komfort og stil takket v\u00e6re materialer av h\u00f8y kvalitet\u201495% bomull og 5% elastan. Modellen gir utmerket passform og st\u00f8tte, tilpasser seg lett til kroppsformen, noe som gj\u00f8r den ideell til daglig bruk. Lacoste-lin er laget i Egypt og kjennetegnes av holdbarhet, pusteevne og behagelig \u00e5 ta p\u00e5 stoff, noe som garanterer komfort og et stilig utseende hele dagen.<\/p>\n","protected":false},"featured_media":768934,"comment_status":"open","ping_status":"open","template":"","meta":[],"product_brand":[],"product_cat":[3277,3563],"product_tag":[],"class_list":{"0":"post-768929","1":"product","2":"type-product","3":"status-publish","4":"has-post-thumbnail","6":"product_cat-all-product","7":"product_cat-cholovicha-bilyzna","8":"pa_rozmir-s","9":"pa_rozmir-m","10":"pa_rozmir-l","11":"pa_rozmir-xl","12":"pa_rozmir-xxl","14":"first","15":"onbackorder","16":"purchasable","17":"product-type-variable"},"_links":{"self":[{"href":"https:\/\/nextsnkr.com\/no\/wp-json\/wp\/v2\/product\/768929","targetHints":{"allow":["GET"]}}],"collection":[{"href":"https:\/\/nextsnkr.com\/no\/wp-json\/wp\/v2\/product"}],"about":[{"href":"https:\/\/nextsnkr.com\/no\/wp-json\/wp\/v2\/types\/product"}],"replies":[{"embeddable":true,"href":"https:\/\/nextsnkr.com\/no\/wp-json\/wp\/v2\/comments?post=768929"}],"version-history":[{"count":0,"href":"https:\/\/nextsnkr.com\/no\/wp-json\/wp\/v2\/product\/768929\/revisions"}],"wp:featuredmedia":[{"embeddable":true,"href":"https:\/\/nextsnkr.com\/no\/wp-json\/wp\/v2\/media\/768934"}],"wp:attachment":[{"href":"https:\/\/nextsnkr.com\/no\/wp-json\/wp\/v2\/media?parent=768929"}],"wp:term":[{"taxonomy":"product_brand","embeddable":true,"href":"https:\/\/nextsnkr.com\/no\/wp-json\/wp\/v2\/product_brand?post=768929"},{"taxonomy":"product_cat","embeddable":true,"href":"https:\/\/nextsnkr.com\/no\/wp-json\/wp\/v2\/product_cat?post=768929"},{"taxonomy":"product_tag","embeddable":true,"href":"https:\/\/nextsnkr.com\/no\/wp-json\/wp\/v2\/product_tag?post=768929"}],"curies":[{"name":"wp","href":"https:\/\/api.w.org\/{rel}","templated":true}]}}