{"id":767780,"date":"2025-06-18T18:48:37","date_gmt":"2025-06-18T15:48:37","guid":{"rendered":"https:\/\/nextsnkr.com\/product\/muzhskoe-bele-calvin-klein-brown\/"},"modified":"2026-02-01T14:31:25","modified_gmt":"2026-02-01T11:31:25","slug":"muzhskoe-bele-calvin-klein-brown","status":"publish","type":"product","link":"https:\/\/nextsnkr.com\/no\/produkt\/muzhskoe-bele-calvin-klein-brown\/","title":{"rendered":"Calvin Klein Brun herre-underbukser-cotton comfort model, kj\u00f8p Calvin Klein p\u00e5 nett, Calvin Klein &#8230;"},"content":{"rendered":"<h2>Calvin Klein Brun herre-underbukser-cotton comfort model, kj\u00f8p Calvin Klein p\u00e5 nett, Calvin Klein &#8230;<\/h2>\n<p>&nbsp;<\/p>\n<p>Calvin Klein Brown menns undert\u00f8y kombinerer stil og bekvemmelighet med daglig bruk. Laget av h\u00f8ykvalitets materiale-95% bomull og 5% elastan, den er myk, elastisk og passer komfortabelt p\u00e5 kroppen. Modellen er perfekt for en aktiv dag og er tilgjengelig i st\u00f8rrelsene S, M, L, XL, XXL. Calvin Klein Brune undert\u00f8y er laget i Egypt og garanterer holdbarhet, praktisk og stilig utseende, noe som gj\u00f8r Det til et utmerket valg for menn som verdsetter komfort og kvalitet.<\/p>\n","protected":false},"excerpt":{"rendered":"<p>Calvin Klein Brown menns undert\u00f8y kombinerer stil og bekvemmelighet med daglig bruk. Laget av h\u00f8ykvalitets materiale-95% bomull og 5% elastan, den er myk, elastisk og passer komfortabelt p\u00e5 kroppen. Modellen er perfekt for en aktiv dag og er tilgjengelig i st\u00f8rrelsene S, M, L, XL, XXL. Calvin Klein Brune undert\u00f8y er laget i Egypt og garanterer holdbarhet, praktisk og stilig utseende, noe som gj\u00f8r Det til et utmerket valg for menn som verdsetter komfort og kvalitet.<\/p>\n","protected":false},"featured_media":767784,"comment_status":"open","ping_status":"open","template":"","meta":[],"product_brand":[],"product_cat":[3277,3563],"product_tag":[],"class_list":{"0":"post-767780","1":"product","2":"type-product","3":"status-publish","4":"has-post-thumbnail","6":"product_cat-all-product","7":"product_cat-cholovicha-bilyzna","8":"pa_rozmir-s","9":"pa_rozmir-m","10":"pa_rozmir-l","11":"pa_rozmir-xl","12":"pa_rozmir-xxl","14":"first","15":"onbackorder","16":"purchasable","17":"product-type-variable"},"_links":{"self":[{"href":"https:\/\/nextsnkr.com\/no\/wp-json\/wp\/v2\/product\/767780","targetHints":{"allow":["GET"]}}],"collection":[{"href":"https:\/\/nextsnkr.com\/no\/wp-json\/wp\/v2\/product"}],"about":[{"href":"https:\/\/nextsnkr.com\/no\/wp-json\/wp\/v2\/types\/product"}],"replies":[{"embeddable":true,"href":"https:\/\/nextsnkr.com\/no\/wp-json\/wp\/v2\/comments?post=767780"}],"version-history":[{"count":0,"href":"https:\/\/nextsnkr.com\/no\/wp-json\/wp\/v2\/product\/767780\/revisions"}],"wp:featuredmedia":[{"embeddable":true,"href":"https:\/\/nextsnkr.com\/no\/wp-json\/wp\/v2\/media\/767784"}],"wp:attachment":[{"href":"https:\/\/nextsnkr.com\/no\/wp-json\/wp\/v2\/media?parent=767780"}],"wp:term":[{"taxonomy":"product_brand","embeddable":true,"href":"https:\/\/nextsnkr.com\/no\/wp-json\/wp\/v2\/product_brand?post=767780"},{"taxonomy":"product_cat","embeddable":true,"href":"https:\/\/nextsnkr.com\/no\/wp-json\/wp\/v2\/product_cat?post=767780"},{"taxonomy":"product_tag","embeddable":true,"href":"https:\/\/nextsnkr.com\/no\/wp-json\/wp\/v2\/product_tag?post=767780"}],"curies":[{"name":"wp","href":"https:\/\/api.w.org\/{rel}","templated":true}]}}