{"id":766574,"date":"2025-06-13T11:20:14","date_gmt":"2025-06-13T08:20:14","guid":{"rendered":"https:\/\/nextsnkr.com\/product\/new-balance-574-legacy-grey-beige\/"},"modified":"2026-02-01T14:30:43","modified_gmt":"2026-02-01T11:30:43","slug":"new-balance-574-legacy-grey-beige","status":"publish","type":"product","link":"https:\/\/nextsnkr.com\/no\/produkt\/new-balance-574-legacy-grey-beige\/","title":{"rendered":"New Balance 574 Legacy Gr\u00e5 Beige joggesko-semsket, stilig"},"content":{"rendered":"<h2>New Balance 574 Legacy Gr\u00e5 Beige joggesko-semsket, stilig<\/h2>\n<p>&nbsp;<\/p>\n<p>The New Balance 574 Legacy Grey Beige joggesko er laget av h\u00f8y kvalitet semsket skinn og er designet for maksimal komfort under daglig slitasje. Modellen har en klassisk design i et gr\u00e5beige fargevalg, p\u00e5litelig demping og en slitesterk s\u00e5le. Laget I Vietnam, kombinerer disse joggeskoene stil, funksjonalitet og holdbarhet. Det perfekte valget for en aktiv rytme og en moderne garderobe.<\/p>\n","protected":false},"excerpt":{"rendered":"<p>The New Balance 574 Legacy Grey Beige joggesko er laget av h\u00f8y kvalitet semsket skinn og er designet for maksimal komfort under daglig slitasje. Modellen har en klassisk design i et gr\u00e5beige fargevalg, p\u00e5litelig demping og en slitesterk s\u00e5le. Laget I Vietnam, kombinerer disse joggeskoene stil, funksjonalitet og holdbarhet. Det perfekte valget for en aktiv rytme og en moderne garderobe.<\/p>\n","protected":false},"featured_media":766575,"comment_status":"open","ping_status":"open","template":"","meta":[],"product_brand":[],"product_cat":[3277,3278],"product_tag":[],"class_list":{"0":"post-766574","1":"product","2":"type-product","3":"status-publish","4":"has-post-thumbnail","6":"product_cat-all-product","7":"product_cat-krosivky","8":"pa_rozmir-910","9":"pa_rozmir-912","10":"pa_rozmir-914","11":"pa_rozmir-915","12":"pa_rozmir-916","13":"pa_rozmir-917","14":"pa_rozmir-918","15":"pa_rozmir-919","16":"pa_rozmir-920","17":"pa_rozmir-921","18":"pa_rozmir-922","20":"first","21":"instock","22":"purchasable","23":"product-type-variable"},"_links":{"self":[{"href":"https:\/\/nextsnkr.com\/no\/wp-json\/wp\/v2\/product\/766574","targetHints":{"allow":["GET"]}}],"collection":[{"href":"https:\/\/nextsnkr.com\/no\/wp-json\/wp\/v2\/product"}],"about":[{"href":"https:\/\/nextsnkr.com\/no\/wp-json\/wp\/v2\/types\/product"}],"replies":[{"embeddable":true,"href":"https:\/\/nextsnkr.com\/no\/wp-json\/wp\/v2\/comments?post=766574"}],"version-history":[{"count":0,"href":"https:\/\/nextsnkr.com\/no\/wp-json\/wp\/v2\/product\/766574\/revisions"}],"wp:featuredmedia":[{"embeddable":true,"href":"https:\/\/nextsnkr.com\/no\/wp-json\/wp\/v2\/media\/766575"}],"wp:attachment":[{"href":"https:\/\/nextsnkr.com\/no\/wp-json\/wp\/v2\/media?parent=766574"}],"wp:term":[{"taxonomy":"product_brand","embeddable":true,"href":"https:\/\/nextsnkr.com\/no\/wp-json\/wp\/v2\/product_brand?post=766574"},{"taxonomy":"product_cat","embeddable":true,"href":"https:\/\/nextsnkr.com\/no\/wp-json\/wp\/v2\/product_cat?post=766574"},{"taxonomy":"product_tag","embeddable":true,"href":"https:\/\/nextsnkr.com\/no\/wp-json\/wp\/v2\/product_tag?post=766574"}],"curies":[{"name":"wp","href":"https:\/\/api.w.org\/{rel}","templated":true}]}}