{"id":761861,"date":"2025-06-13T12:22:36","date_gmt":"2025-06-13T09:22:36","guid":{"rendered":"https:\/\/nextsnkr.com\/product\/1-retro-high-pink\/"},"modified":"2026-02-01T14:27:49","modified_gmt":"2026-02-01T11:27:49","slug":"1-retro-high-pink","status":"publish","type":"product","link":"https:\/\/nextsnkr.com\/no\/produkt\/1-retro-high-pink\/","title":{"rendered":"Sneakers 1 Retro High Pink-stilige h\u00f8ye joggesko laget av l\u00e6r og tekstiler"},"content":{"rendered":"<h2>Sneakers 1 Retro High Pink-stilige h\u00f8ye joggesko laget av l\u00e6r og tekstiler<\/h2>\n<p>&nbsp;<\/p>\n<p>De 1 Retro H\u00f8ye Rosa joggeskoene er en sl\u00e5ende kombinasjon av stil og komfort, laget av l\u00e6r og slitesterke tekstiler. Den h\u00f8ye passformen sikrer en sikker passform, og den gjennomtenkte designen gj\u00f8r modellen behagelig for daglig bruk. Lette, moderne og holdbare, de legger perfekt vekt p\u00e5 individuell stil. Produsenten er Kina. Velg 1 Retro High Pink for \u00e5 gi uttrykksfullhet til utseendet ditt og f\u00e5 joggesko av h\u00f8y kvalitet for byvandringer.<\/p>\n","protected":false},"excerpt":{"rendered":"<p>De 1 Retro H\u00f8ye Rosa joggeskoene er en sl\u00e5ende kombinasjon av stil og komfort, laget av l\u00e6r og slitesterke tekstiler. Den h\u00f8ye passformen sikrer en sikker passform, og den gjennomtenkte designen gj\u00f8r modellen behagelig for daglig bruk. Lette, moderne og holdbare, de legger perfekt vekt p\u00e5 individuell stil. Produsenten er Kina. Velg 1 Retro High Pink for \u00e5 gi uttrykksfullhet til utseendet ditt og f\u00e5 joggesko av h\u00f8y kvalitet for byvandringer.<\/p>\n","protected":false},"featured_media":761864,"comment_status":"open","ping_status":"open","template":"","meta":[],"product_brand":[],"product_cat":[3277,3324],"product_tag":[],"class_list":{"0":"post-761861","1":"product","2":"type-product","3":"status-publish","4":"has-post-thumbnail","6":"product_cat-all-product","7":"product_cat-kedy","8":"pa_rozmir-910","9":"pa_rozmir-912","10":"pa_rozmir-914","11":"pa_rozmir-915","12":"pa_rozmir-916","13":"pa_rozmir-917","14":"pa_rozmir-918","15":"pa_rozmir-919","16":"pa_rozmir-920","17":"pa_rozmir-921","18":"pa_rozmir-922","20":"first","21":"instock","22":"purchasable","23":"product-type-variable"},"_links":{"self":[{"href":"https:\/\/nextsnkr.com\/no\/wp-json\/wp\/v2\/product\/761861","targetHints":{"allow":["GET"]}}],"collection":[{"href":"https:\/\/nextsnkr.com\/no\/wp-json\/wp\/v2\/product"}],"about":[{"href":"https:\/\/nextsnkr.com\/no\/wp-json\/wp\/v2\/types\/product"}],"replies":[{"embeddable":true,"href":"https:\/\/nextsnkr.com\/no\/wp-json\/wp\/v2\/comments?post=761861"}],"version-history":[{"count":0,"href":"https:\/\/nextsnkr.com\/no\/wp-json\/wp\/v2\/product\/761861\/revisions"}],"wp:featuredmedia":[{"embeddable":true,"href":"https:\/\/nextsnkr.com\/no\/wp-json\/wp\/v2\/media\/761864"}],"wp:attachment":[{"href":"https:\/\/nextsnkr.com\/no\/wp-json\/wp\/v2\/media?parent=761861"}],"wp:term":[{"taxonomy":"product_brand","embeddable":true,"href":"https:\/\/nextsnkr.com\/no\/wp-json\/wp\/v2\/product_brand?post=761861"},{"taxonomy":"product_cat","embeddable":true,"href":"https:\/\/nextsnkr.com\/no\/wp-json\/wp\/v2\/product_cat?post=761861"},{"taxonomy":"product_tag","embeddable":true,"href":"https:\/\/nextsnkr.com\/no\/wp-json\/wp\/v2\/product_tag?post=761861"}],"curies":[{"name":"wp","href":"https:\/\/api.w.org\/{rel}","templated":true}]}}