{"id":760853,"date":"2025-06-13T12:23:54","date_gmt":"2025-06-13T09:23:54","guid":{"rendered":"https:\/\/nextsnkr.com\/product\/1-retro-low\/"},"modified":"2026-02-01T14:27:21","modified_gmt":"2026-02-01T11:27:21","slug":"1-retro-low","status":"publish","type":"product","link":"https:\/\/nextsnkr.com\/no\/produkt\/1-retro-low\/","title":{"rendered":"1 Retro Lave sneakers laget av ekte skinn og semsket skinn"},"content":{"rendered":"<h2>1 Retro Lave sneakers laget av ekte skinn og semsket skinn<\/h2>\n<p>&nbsp;<\/p>\n<p>De stilige 1 Retro Lave joggeskoene er laget av en kombinasjon av ekte skinn og semsket skinn, som gir holdbarhet, komfort og et attraktivt utseende. Laget I Vietnam, de er av h\u00f8y kvalitet og gjennomtenkt design for daglig bruk. Den klassiske silhuetten og den allsidige designen gj\u00f8r denne modellen perfekt for uformell stil. Et ideelt valg for de som setter pris p\u00e5 komfort og et moderne utseende.<\/p>\n","protected":false},"excerpt":{"rendered":"<p>De stilige 1 Retro Lave joggeskoene er laget av en kombinasjon av ekte skinn og semsket skinn, som gir holdbarhet, komfort og et attraktivt utseende. Laget I Vietnam, de er av h\u00f8y kvalitet og gjennomtenkt design for daglig bruk. Den klassiske silhuetten og den allsidige designen gj\u00f8r denne modellen perfekt for uformell stil. Et ideelt valg for de som setter pris p\u00e5 komfort og et moderne utseende.<\/p>\n","protected":false},"featured_media":760858,"comment_status":"open","ping_status":"open","template":"","meta":[],"product_brand":[],"product_cat":[3277,3324],"product_tag":[],"class_list":{"0":"post-760853","1":"product","2":"type-product","3":"status-publish","4":"has-post-thumbnail","6":"product_cat-all-product","7":"product_cat-kedy","8":"pa_rozmir-910","9":"pa_rozmir-912","10":"pa_rozmir-914","11":"pa_rozmir-915","12":"pa_rozmir-916","13":"pa_rozmir-917","14":"pa_rozmir-918","15":"pa_rozmir-919","16":"pa_rozmir-920","17":"pa_rozmir-921","18":"pa_rozmir-922","20":"first","21":"instock","22":"purchasable","23":"product-type-variable"},"_links":{"self":[{"href":"https:\/\/nextsnkr.com\/no\/wp-json\/wp\/v2\/product\/760853","targetHints":{"allow":["GET"]}}],"collection":[{"href":"https:\/\/nextsnkr.com\/no\/wp-json\/wp\/v2\/product"}],"about":[{"href":"https:\/\/nextsnkr.com\/no\/wp-json\/wp\/v2\/types\/product"}],"replies":[{"embeddable":true,"href":"https:\/\/nextsnkr.com\/no\/wp-json\/wp\/v2\/comments?post=760853"}],"version-history":[{"count":0,"href":"https:\/\/nextsnkr.com\/no\/wp-json\/wp\/v2\/product\/760853\/revisions"}],"wp:featuredmedia":[{"embeddable":true,"href":"https:\/\/nextsnkr.com\/no\/wp-json\/wp\/v2\/media\/760858"}],"wp:attachment":[{"href":"https:\/\/nextsnkr.com\/no\/wp-json\/wp\/v2\/media?parent=760853"}],"wp:term":[{"taxonomy":"product_brand","embeddable":true,"href":"https:\/\/nextsnkr.com\/no\/wp-json\/wp\/v2\/product_brand?post=760853"},{"taxonomy":"product_cat","embeddable":true,"href":"https:\/\/nextsnkr.com\/no\/wp-json\/wp\/v2\/product_cat?post=760853"},{"taxonomy":"product_tag","embeddable":true,"href":"https:\/\/nextsnkr.com\/no\/wp-json\/wp\/v2\/product_tag?post=760853"}],"curies":[{"name":"wp","href":"https:\/\/api.w.org\/{rel}","templated":true}]}}