{"id":759845,"date":"2025-06-13T12:25:21","date_gmt":"2025-06-13T09:25:21","guid":{"rendered":"https:\/\/nextsnkr.com\/product\/350-v2-black-full-reflective\/"},"modified":"2026-02-01T14:26:54","modified_gmt":"2026-02-01T11:26:54","slug":"350-v2-black-full-reflective","status":"publish","type":"product","link":"https:\/\/nextsnkr.com\/no\/produkt\/350-v2-black-full-reflective\/","title":{"rendered":"350 V2 Svart Full Reflekterende Tekstil Joggesko-stil og komfort"},"content":{"rendered":"<h2>350 V2 Svart Full Reflekterende Tekstil Joggesko-stil og komfort<\/h2>\n<p>&nbsp;<\/p>\n<p>350 V2 Black Full Reflective sneakers er en moderne tekstilmodell preget av letthet, fleksibilitet og utmerket ventilasjon. Reflekterende elementer gir et spektakul\u00e6rt utseende og bedre synlighet i m\u00f8rket. Den komfortable ytters\u00e5len garanterer myk demping under daglig bruk. Disse joggeskoene, laget I Vietnam, vil v\u00e6re et utmerket valg for urban stil og aktiv livsstil.<\/p>\n","protected":false},"excerpt":{"rendered":"<p>350 V2 Black Full Reflective sneakers er en moderne tekstilmodell preget av letthet, fleksibilitet og utmerket ventilasjon. Reflekterende elementer gir et spektakul\u00e6rt utseende og bedre synlighet i m\u00f8rket. Den komfortable ytters\u00e5len garanterer myk demping under daglig bruk. Disse joggeskoene, laget I Vietnam, vil v\u00e6re et utmerket valg for urban stil og aktiv livsstil.<\/p>\n","protected":false},"featured_media":759849,"comment_status":"open","ping_status":"open","template":"","meta":[],"product_brand":[],"product_cat":[3277,3278],"product_tag":[],"class_list":{"0":"post-759845","1":"product","2":"type-product","3":"status-publish","4":"has-post-thumbnail","6":"product_cat-all-product","7":"product_cat-krosivky","8":"pa_rozmir-910","9":"pa_rozmir-912","10":"pa_rozmir-914","11":"pa_rozmir-915","12":"pa_rozmir-916","13":"pa_rozmir-917","14":"pa_rozmir-918","15":"pa_rozmir-919","16":"pa_rozmir-920","17":"pa_rozmir-921","18":"pa_rozmir-922","20":"first","21":"instock","22":"purchasable","23":"product-type-variable"},"_links":{"self":[{"href":"https:\/\/nextsnkr.com\/no\/wp-json\/wp\/v2\/product\/759845","targetHints":{"allow":["GET"]}}],"collection":[{"href":"https:\/\/nextsnkr.com\/no\/wp-json\/wp\/v2\/product"}],"about":[{"href":"https:\/\/nextsnkr.com\/no\/wp-json\/wp\/v2\/types\/product"}],"replies":[{"embeddable":true,"href":"https:\/\/nextsnkr.com\/no\/wp-json\/wp\/v2\/comments?post=759845"}],"version-history":[{"count":0,"href":"https:\/\/nextsnkr.com\/no\/wp-json\/wp\/v2\/product\/759845\/revisions"}],"wp:featuredmedia":[{"embeddable":true,"href":"https:\/\/nextsnkr.com\/no\/wp-json\/wp\/v2\/media\/759849"}],"wp:attachment":[{"href":"https:\/\/nextsnkr.com\/no\/wp-json\/wp\/v2\/media?parent=759845"}],"wp:term":[{"taxonomy":"product_brand","embeddable":true,"href":"https:\/\/nextsnkr.com\/no\/wp-json\/wp\/v2\/product_brand?post=759845"},{"taxonomy":"product_cat","embeddable":true,"href":"https:\/\/nextsnkr.com\/no\/wp-json\/wp\/v2\/product_cat?post=759845"},{"taxonomy":"product_tag","embeddable":true,"href":"https:\/\/nextsnkr.com\/no\/wp-json\/wp\/v2\/product_tag?post=759845"}],"curies":[{"name":"wp","href":"https:\/\/api.w.org\/{rel}","templated":true}]}}