{"id":759488,"date":"2025-06-13T12:25:44","date_gmt":"2025-06-13T09:25:44","guid":{"rendered":"https:\/\/nextsnkr.com\/product\/500-black\/"},"modified":"2026-02-01T14:26:43","modified_gmt":"2026-02-01T11:26:43","slug":"500-black","status":"publish","type":"product","link":"https:\/\/nextsnkr.com\/no\/produkt\/500-black\/","title":{"rendered":"Sneakers 500 Svart-menn semsket Svart Sneakers"},"content":{"rendered":"<h2>Sneakers 500 Svart-menn semsket Svart Sneakers<\/h2>\n<p>&nbsp;<\/p>\n<p>500 Black sneakers er en stilig og allsidig modell laget av slitesterk semsket skinn, som gir komfort og holdbarhet. Med sin klassiske svarte design er disse joggeskoene enkle \u00e5 parre med uformell og atletisk slitasje. Kinesisk produksjon av h\u00f8y kvalitet garanterer n\u00f8yaktig utf\u00f8relse og sikker passform. Det perfekte valget for daglig bruk, utend\u00f8rsaktiviteter og urban stil. Velg 500 Svarte joggesko for komfort og et kortfattet utseende.<\/p>\n","protected":false},"excerpt":{"rendered":"<p>500 Black sneakers er en stilig og allsidig modell laget av slitesterk semsket skinn, som gir komfort og holdbarhet. Med sin klassiske svarte design er disse joggeskoene enkle \u00e5 parre med uformell og atletisk slitasje. Kinesisk produksjon av h\u00f8y kvalitet garanterer n\u00f8yaktig utf\u00f8relse og sikker passform. Det perfekte valget for daglig bruk, utend\u00f8rsaktiviteter og urban stil. Velg 500 Svarte joggesko for komfort og et kortfattet utseende.<\/p>\n","protected":false},"featured_media":759492,"comment_status":"open","ping_status":"open","template":"","meta":[],"product_brand":[],"product_cat":[3277,3278],"product_tag":[],"class_list":{"0":"post-759488","1":"product","2":"type-product","3":"status-publish","4":"has-post-thumbnail","6":"product_cat-all-product","7":"product_cat-krosivky","8":"pa_rozmir-910","9":"pa_rozmir-912","10":"pa_rozmir-914","11":"pa_rozmir-915","12":"pa_rozmir-916","13":"pa_rozmir-917","14":"pa_rozmir-918","15":"pa_rozmir-919","16":"pa_rozmir-920","17":"pa_rozmir-921","18":"pa_rozmir-922","20":"first","21":"instock","22":"purchasable","23":"product-type-variable"},"_links":{"self":[{"href":"https:\/\/nextsnkr.com\/no\/wp-json\/wp\/v2\/product\/759488","targetHints":{"allow":["GET"]}}],"collection":[{"href":"https:\/\/nextsnkr.com\/no\/wp-json\/wp\/v2\/product"}],"about":[{"href":"https:\/\/nextsnkr.com\/no\/wp-json\/wp\/v2\/types\/product"}],"replies":[{"embeddable":true,"href":"https:\/\/nextsnkr.com\/no\/wp-json\/wp\/v2\/comments?post=759488"}],"version-history":[{"count":0,"href":"https:\/\/nextsnkr.com\/no\/wp-json\/wp\/v2\/product\/759488\/revisions"}],"wp:featuredmedia":[{"embeddable":true,"href":"https:\/\/nextsnkr.com\/no\/wp-json\/wp\/v2\/media\/759492"}],"wp:attachment":[{"href":"https:\/\/nextsnkr.com\/no\/wp-json\/wp\/v2\/media?parent=759488"}],"wp:term":[{"taxonomy":"product_brand","embeddable":true,"href":"https:\/\/nextsnkr.com\/no\/wp-json\/wp\/v2\/product_brand?post=759488"},{"taxonomy":"product_cat","embeddable":true,"href":"https:\/\/nextsnkr.com\/no\/wp-json\/wp\/v2\/product_cat?post=759488"},{"taxonomy":"product_tag","embeddable":true,"href":"https:\/\/nextsnkr.com\/no\/wp-json\/wp\/v2\/product_tag?post=759488"}],"curies":[{"name":"wp","href":"https:\/\/api.w.org\/{rel}","templated":true}]}}