{"id":758833,"date":"2025-06-13T12:26:29","date_gmt":"2025-06-13T09:26:29","guid":{"rendered":"https:\/\/nextsnkr.com\/product\/slide-earth-brown\/"},"modified":"2026-02-01T14:26:26","modified_gmt":"2026-02-01T11:26:26","slug":"slide-earth-brown","status":"publish","type":"product","link":"https:\/\/nextsnkr.com\/no\/produkt\/slide-earth-brown\/","title":{"rendered":"Slide Earth Brown slippers-lette EVA t\u00f8fler i brun farge"},"content":{"rendered":"<h2>Slide Earth Brown slippers-lette EVA t\u00f8fler i brun farge<\/h2>\n<p>&nbsp;<\/p>\n<p>Slide Earth Brown t\u00f8fler er laget av slitesterkt OG lett EVA-materiale, som gir komfort og bekvemmelighet under daglig bruk. Den ergonomiske formen og st\u00f8tdempende s\u00e5len gj\u00f8r dem ideelle for hjemmet, ferien eller stranden. Modellen er laget I Vietnam og er motstandsdyktig mot slitasje og fuktighet. Velg praktiske og stilige t\u00f8fler for maksimal komfort hver dag.<\/p>\n","protected":false},"excerpt":{"rendered":"<p>Slide Earth Brown t\u00f8fler er laget av slitesterkt OG lett EVA-materiale, som gir komfort og bekvemmelighet under daglig bruk. Den ergonomiske formen og st\u00f8tdempende s\u00e5len gj\u00f8r dem ideelle for hjemmet, ferien eller stranden. Modellen er laget I Vietnam og er motstandsdyktig mot slitasje og fuktighet. Velg praktiske og stilige t\u00f8fler for maksimal komfort hver dag.<\/p>\n","protected":false},"featured_media":758834,"comment_status":"open","ping_status":"open","template":"","meta":[],"product_brand":[],"product_cat":[3277,3426],"product_tag":[],"class_list":{"0":"post-758833","1":"product","2":"type-product","3":"status-publish","4":"has-post-thumbnail","6":"product_cat-all-product","7":"product_cat-shlopantsi","8":"pa_rozmir-910","9":"pa_rozmir-912","10":"pa_rozmir-914","11":"pa_rozmir-915","12":"pa_rozmir-916","13":"pa_rozmir-917","14":"pa_rozmir-918","15":"pa_rozmir-919","16":"pa_rozmir-920","17":"pa_rozmir-921","18":"pa_rozmir-922","20":"first","21":"instock","22":"purchasable","23":"product-type-variable"},"_links":{"self":[{"href":"https:\/\/nextsnkr.com\/no\/wp-json\/wp\/v2\/product\/758833","targetHints":{"allow":["GET"]}}],"collection":[{"href":"https:\/\/nextsnkr.com\/no\/wp-json\/wp\/v2\/product"}],"about":[{"href":"https:\/\/nextsnkr.com\/no\/wp-json\/wp\/v2\/types\/product"}],"replies":[{"embeddable":true,"href":"https:\/\/nextsnkr.com\/no\/wp-json\/wp\/v2\/comments?post=758833"}],"version-history":[{"count":0,"href":"https:\/\/nextsnkr.com\/no\/wp-json\/wp\/v2\/product\/758833\/revisions"}],"wp:featuredmedia":[{"embeddable":true,"href":"https:\/\/nextsnkr.com\/no\/wp-json\/wp\/v2\/media\/758834"}],"wp:attachment":[{"href":"https:\/\/nextsnkr.com\/no\/wp-json\/wp\/v2\/media?parent=758833"}],"wp:term":[{"taxonomy":"product_brand","embeddable":true,"href":"https:\/\/nextsnkr.com\/no\/wp-json\/wp\/v2\/product_brand?post=758833"},{"taxonomy":"product_cat","embeddable":true,"href":"https:\/\/nextsnkr.com\/no\/wp-json\/wp\/v2\/product_cat?post=758833"},{"taxonomy":"product_tag","embeddable":true,"href":"https:\/\/nextsnkr.com\/no\/wp-json\/wp\/v2\/product_tag?post=758833"}],"curies":[{"name":"wp","href":"https:\/\/api.w.org\/{rel}","templated":true}]}}