{"id":755438,"date":"2025-06-14T20:49:48","date_gmt":"2025-06-14T17:49:48","guid":{"rendered":"https:\/\/nextsnkr.com\/product\/nike-air-jordan-retro-4\/"},"modified":"2026-02-01T14:24:46","modified_gmt":"2026-02-01T11:24:46","slug":"nike-air-jordan-retro-4","status":"publish","type":"product","link":"https:\/\/nextsnkr.com\/no\/produkt\/nike-air-jordan-retro-4\/","title":{"rendered":"Nike Air Jordan Retro 4 sko-h\u00f8ye sneakers til herre og dame"},"content":{"rendered":"<h2>Nike Air Jordan Retro 4 sko-h\u00f8ye sneakers til herre og dame<\/h2>\n<p>&nbsp;<\/p>\n<p>Nike Air Jordan Retro 4 joggesko er en klassisk high-end ekte skinnmodell designet for daglig bruk og en aktiv livsstil. Det h\u00f8ye snittet gir ankelst\u00f8tte, mens de slitesterke materialene garanterer holdbarhet og komfort. Den stilige designen gj\u00f8r joggeskoene allsidige for ethvert utseende. Vietnamesisk produksjon sikrer h\u00f8y kvalitet p\u00e5 utf\u00f8relsen. Velg Nike Air Jordan Retro 4 for en kombinasjon av stil, komfort og p\u00e5litelighet.<\/p>\n","protected":false},"excerpt":{"rendered":"<p>Nike Air Jordan Retro 4 joggesko er en klassisk high-end ekte skinnmodell designet for daglig bruk og en aktiv livsstil. Det h\u00f8ye snittet gir ankelst\u00f8tte, mens de slitesterke materialene garanterer holdbarhet og komfort. Den stilige designen gj\u00f8r joggeskoene allsidige for ethvert utseende. Vietnamesisk produksjon sikrer h\u00f8y kvalitet p\u00e5 utf\u00f8relsen. Velg Nike Air Jordan Retro 4 for en kombinasjon av stil, komfort og p\u00e5litelighet.<\/p>\n","protected":false},"featured_media":755439,"comment_status":"open","ping_status":"open","template":"","meta":[],"product_brand":[],"product_cat":[3389,3277,3324],"product_tag":[],"class_list":{"0":"post-755438","1":"product","2":"type-product","3":"status-publish","4":"has-post-thumbnail","6":"product_cat-nike-jordan","7":"product_cat-all-product","8":"product_cat-kedy","9":"pa_rozmir-910","10":"pa_rozmir-912","11":"pa_rozmir-914","12":"pa_rozmir-915","13":"pa_rozmir-916","14":"pa_rozmir-917","15":"pa_rozmir-918","16":"pa_rozmir-919","17":"pa_rozmir-920","18":"pa_rozmir-921","19":"pa_rozmir-922","21":"first","22":"instock","23":"purchasable","24":"product-type-variable"},"_links":{"self":[{"href":"https:\/\/nextsnkr.com\/no\/wp-json\/wp\/v2\/product\/755438","targetHints":{"allow":["GET"]}}],"collection":[{"href":"https:\/\/nextsnkr.com\/no\/wp-json\/wp\/v2\/product"}],"about":[{"href":"https:\/\/nextsnkr.com\/no\/wp-json\/wp\/v2\/types\/product"}],"replies":[{"embeddable":true,"href":"https:\/\/nextsnkr.com\/no\/wp-json\/wp\/v2\/comments?post=755438"}],"version-history":[{"count":0,"href":"https:\/\/nextsnkr.com\/no\/wp-json\/wp\/v2\/product\/755438\/revisions"}],"wp:featuredmedia":[{"embeddable":true,"href":"https:\/\/nextsnkr.com\/no\/wp-json\/wp\/v2\/media\/755439"}],"wp:attachment":[{"href":"https:\/\/nextsnkr.com\/no\/wp-json\/wp\/v2\/media?parent=755438"}],"wp:term":[{"taxonomy":"product_brand","embeddable":true,"href":"https:\/\/nextsnkr.com\/no\/wp-json\/wp\/v2\/product_brand?post=755438"},{"taxonomy":"product_cat","embeddable":true,"href":"https:\/\/nextsnkr.com\/no\/wp-json\/wp\/v2\/product_cat?post=755438"},{"taxonomy":"product_tag","embeddable":true,"href":"https:\/\/nextsnkr.com\/no\/wp-json\/wp\/v2\/product_tag?post=755438"}],"curies":[{"name":"wp","href":"https:\/\/api.w.org\/{rel}","templated":true}]}}