{"id":751705,"date":"2025-06-13T12:37:23","date_gmt":"2025-06-13T09:37:23","guid":{"rendered":"https:\/\/nextsnkr.com\/product\/ugg-classic-mini-leather\/"},"modified":"2026-02-01T14:22:42","modified_gmt":"2026-02-01T11:22:42","slug":"ugg-classic-mini-leather","status":"publish","type":"product","link":"https:\/\/nextsnkr.com\/no\/produkt\/ugg-classic-mini-leather\/","title":{"rendered":"UGG Boots UGG Classic Mini L\u00e6r-kvinners l\u00e6r st\u00f8vler"},"content":{"rendered":"<h2>UGG Boots UGG Classic Mini L\u00e6r-kvinners l\u00e6r st\u00f8vler<\/h2>\n<p>&nbsp;<\/p>\n<p>Det stilige Ugg Classic Mini Leather er laget av ekte skinn og isolert med mykt saueskinn inni, noe som garanterer komfort og varme selv i kaldt v\u00e6r. Den klassiske korte stilen gir komfort i daglig bruk, og materialer av h\u00f8y kvalitet understreker skoenes holdbarhet. DISSE UGG-st\u00f8vlene er det perfekte valget for de som setter pris p\u00e5 en kombinasjon av stil, naturlige materialer og p\u00e5litelig beskyttelse mot kulde.<\/p>\n","protected":false},"excerpt":{"rendered":"<p>Det stilige Ugg Classic Mini Leather er laget av ekte skinn og isolert med mykt saueskinn inni, noe som garanterer komfort og varme selv i kaldt v\u00e6r. Den klassiske korte stilen gir komfort i daglig bruk, og materialer av h\u00f8y kvalitet understreker skoenes holdbarhet. DISSE UGG-st\u00f8vlene er det perfekte valget for de som setter pris p\u00e5 en kombinasjon av stil, naturlige materialer og p\u00e5litelig beskyttelse mot kulde.<\/p>\n","protected":false},"featured_media":751706,"comment_status":"open","ping_status":"open","template":"","meta":[],"product_brand":[],"product_cat":[3413,3277],"product_tag":[],"class_list":{"0":"post-751705","1":"product","2":"type-product","3":"status-publish","4":"has-post-thumbnail","6":"product_cat-ugg","7":"product_cat-all-product","8":"pa_rozmir-910","9":"pa_rozmir-912","10":"pa_rozmir-914","11":"pa_rozmir-915","12":"pa_rozmir-916","13":"pa_rozmir-917","14":"pa_rozmir-918","15":"pa_rozmir-919","16":"pa_rozmir-920","17":"pa_rozmir-921","18":"pa_rozmir-922","20":"first","21":"instock","22":"purchasable","23":"product-type-variable"},"_links":{"self":[{"href":"https:\/\/nextsnkr.com\/no\/wp-json\/wp\/v2\/product\/751705","targetHints":{"allow":["GET"]}}],"collection":[{"href":"https:\/\/nextsnkr.com\/no\/wp-json\/wp\/v2\/product"}],"about":[{"href":"https:\/\/nextsnkr.com\/no\/wp-json\/wp\/v2\/types\/product"}],"replies":[{"embeddable":true,"href":"https:\/\/nextsnkr.com\/no\/wp-json\/wp\/v2\/comments?post=751705"}],"version-history":[{"count":0,"href":"https:\/\/nextsnkr.com\/no\/wp-json\/wp\/v2\/product\/751705\/revisions"}],"wp:featuredmedia":[{"embeddable":true,"href":"https:\/\/nextsnkr.com\/no\/wp-json\/wp\/v2\/media\/751706"}],"wp:attachment":[{"href":"https:\/\/nextsnkr.com\/no\/wp-json\/wp\/v2\/media?parent=751705"}],"wp:term":[{"taxonomy":"product_brand","embeddable":true,"href":"https:\/\/nextsnkr.com\/no\/wp-json\/wp\/v2\/product_brand?post=751705"},{"taxonomy":"product_cat","embeddable":true,"href":"https:\/\/nextsnkr.com\/no\/wp-json\/wp\/v2\/product_cat?post=751705"},{"taxonomy":"product_tag","embeddable":true,"href":"https:\/\/nextsnkr.com\/no\/wp-json\/wp\/v2\/product_tag?post=751705"}],"curies":[{"name":"wp","href":"https:\/\/api.w.org\/{rel}","templated":true}]}}