{"id":751367,"date":"2025-06-13T12:38:20","date_gmt":"2025-06-13T09:38:20","guid":{"rendered":"https:\/\/nextsnkr.com\/product\/ugg-mini-grey-lux\/"},"modified":"2026-02-01T14:22:32","modified_gmt":"2026-02-01T11:22:32","slug":"ugg-mini-grey-lux","status":"publish","type":"product","link":"https:\/\/nextsnkr.com\/no\/produkt\/ugg-mini-grey-lux\/","title":{"rendered":"Ugg Mini Grey Lux-stilig kvinners ugg st\u00f8vler i gr\u00e5"},"content":{"rendered":"<h2>Ugg Mini Grey Lux-stilig kvinners ugg st\u00f8vler i gr\u00e5<\/h2>\n<p>&nbsp;<\/p>\n<p>Ugg Mini Grey Lux er en elegant og varm kvinners ugg st\u00f8vler designet for komfortabel gange i den kalde \u00e5rstiden. Det myke indre laget gir komfort, og den stilige gr\u00e5 skyggen kan enkelt kombineres med hvilken som helst garderobe. Den lette ytters\u00e5len gir demping og et trygt skritt. Ugg Mini Grey Lux er det perfekte valget for de som setter pris p\u00e5 varme, komfort og moderne minimalistisk stil.<\/p>\n","protected":false},"excerpt":{"rendered":"<p>Ugg Mini Grey Lux er en elegant og varm kvinners ugg st\u00f8vler designet for komfortabel gange i den kalde \u00e5rstiden. Det myke indre laget gir komfort, og den stilige gr\u00e5 skyggen kan enkelt kombineres med hvilken som helst garderobe. Den lette ytters\u00e5len gir demping og et trygt skritt. Ugg Mini Grey Lux er det perfekte valget for de som setter pris p\u00e5 varme, komfort og moderne minimalistisk stil.<\/p>\n","protected":false},"featured_media":751368,"comment_status":"open","ping_status":"open","template":"","meta":[],"product_brand":[],"product_cat":[3413,3277],"product_tag":[],"class_list":{"0":"post-751367","1":"product","2":"type-product","3":"status-publish","4":"has-post-thumbnail","6":"product_cat-ugg","7":"product_cat-all-product","8":"pa_rozmir-910","9":"pa_rozmir-912","10":"pa_rozmir-914","11":"pa_rozmir-915","12":"pa_rozmir-916","13":"pa_rozmir-917","14":"pa_rozmir-918","15":"pa_rozmir-919","16":"pa_rozmir-920","17":"pa_rozmir-921","18":"pa_rozmir-922","20":"first","21":"instock","22":"purchasable","23":"product-type-variable"},"_links":{"self":[{"href":"https:\/\/nextsnkr.com\/no\/wp-json\/wp\/v2\/product\/751367","targetHints":{"allow":["GET"]}}],"collection":[{"href":"https:\/\/nextsnkr.com\/no\/wp-json\/wp\/v2\/product"}],"about":[{"href":"https:\/\/nextsnkr.com\/no\/wp-json\/wp\/v2\/types\/product"}],"replies":[{"embeddable":true,"href":"https:\/\/nextsnkr.com\/no\/wp-json\/wp\/v2\/comments?post=751367"}],"version-history":[{"count":0,"href":"https:\/\/nextsnkr.com\/no\/wp-json\/wp\/v2\/product\/751367\/revisions"}],"wp:featuredmedia":[{"embeddable":true,"href":"https:\/\/nextsnkr.com\/no\/wp-json\/wp\/v2\/media\/751368"}],"wp:attachment":[{"href":"https:\/\/nextsnkr.com\/no\/wp-json\/wp\/v2\/media?parent=751367"}],"wp:term":[{"taxonomy":"product_brand","embeddable":true,"href":"https:\/\/nextsnkr.com\/no\/wp-json\/wp\/v2\/product_brand?post=751367"},{"taxonomy":"product_cat","embeddable":true,"href":"https:\/\/nextsnkr.com\/no\/wp-json\/wp\/v2\/product_cat?post=751367"},{"taxonomy":"product_tag","embeddable":true,"href":"https:\/\/nextsnkr.com\/no\/wp-json\/wp\/v2\/product_tag?post=751367"}],"curies":[{"name":"wp","href":"https:\/\/api.w.org\/{rel}","templated":true}]}}