{"id":750691,"date":"2025-06-13T12:40:05","date_gmt":"2025-06-13T09:40:05","guid":{"rendered":"https:\/\/nextsnkr.com\/product\/ugg-mini-bailey-button-bling-grey-rasprodazha\/"},"modified":"2026-02-01T14:22:11","modified_gmt":"2026-02-01T11:22:11","slug":"ugg-mini-bailey-button-bling-grey-rasprodazha","status":"publish","type":"product","link":"https:\/\/nextsnkr.com\/no\/produkt\/ugg-mini-bailey-button-bling-grey-rasprodazha\/","title":{"rendered":"UGG Mini Bailey Knappen Bling Gr\u00e5-kvinner semsket ugg boots med saueskinn"},"content":{"rendered":"<h2>UGG Mini Bailey Knappen Bling Gr\u00e5-kvinner semsket ugg boots med saueskinn<\/h2>\n<p>&nbsp;<\/p>\n<p>UGG Mini Bailey Button Bling Grey er en stilig kvinners ugg st\u00f8vler laget av ekte semsket skinn og myk Australsk saueskinn, noe som gir varme og komfort i den kalde \u00e5rstiden. Den originale skinnende l\u00e5sen gir raffinement, og den lave silhuetten gj\u00f8r modellen allsidig for daglig bruk. Disse ugg-st\u00f8vlene er laget i Australia og gir myk demping, p\u00e5litelig varmeisolasjon og et feilfritt utseende. DET perfekte valget for DE som setter PRIS P\u00c5 UGGS kvalitet og stil.<\/p>\n","protected":false},"excerpt":{"rendered":"<p>UGG Mini Bailey Button Bling Grey er en stilig kvinners ugg st\u00f8vler laget av ekte semsket skinn og myk Australsk saueskinn, noe som gir varme og komfort i den kalde \u00e5rstiden. Den originale skinnende l\u00e5sen gir raffinement, og den lave silhuetten gj\u00f8r modellen allsidig for daglig bruk. Disse ugg-st\u00f8vlene er laget i Australia og gir myk demping, p\u00e5litelig varmeisolasjon og et feilfritt utseende. DET perfekte valget for DE som setter PRIS P\u00c5 UGGS kvalitet og stil.<\/p>\n","protected":false},"featured_media":750692,"comment_status":"open","ping_status":"open","template":"","meta":[],"product_brand":[],"product_cat":[3413,3277],"product_tag":[],"class_list":{"0":"post-750691","1":"product","2":"type-product","3":"status-publish","4":"has-post-thumbnail","6":"product_cat-ugg","7":"product_cat-all-product","8":"pa_rozmir-923","9":"pa_rozmir-910","10":"pa_rozmir-912","11":"pa_rozmir-914","12":"pa_rozmir-915","13":"pa_rozmir-916","14":"pa_rozmir-917","15":"pa_rozmir-918","16":"pa_rozmir-919","17":"pa_rozmir-920","18":"pa_rozmir-921","20":"first","21":"onbackorder","22":"purchasable","23":"product-type-variable"},"_links":{"self":[{"href":"https:\/\/nextsnkr.com\/no\/wp-json\/wp\/v2\/product\/750691","targetHints":{"allow":["GET"]}}],"collection":[{"href":"https:\/\/nextsnkr.com\/no\/wp-json\/wp\/v2\/product"}],"about":[{"href":"https:\/\/nextsnkr.com\/no\/wp-json\/wp\/v2\/types\/product"}],"replies":[{"embeddable":true,"href":"https:\/\/nextsnkr.com\/no\/wp-json\/wp\/v2\/comments?post=750691"}],"version-history":[{"count":0,"href":"https:\/\/nextsnkr.com\/no\/wp-json\/wp\/v2\/product\/750691\/revisions"}],"wp:featuredmedia":[{"embeddable":true,"href":"https:\/\/nextsnkr.com\/no\/wp-json\/wp\/v2\/media\/750692"}],"wp:attachment":[{"href":"https:\/\/nextsnkr.com\/no\/wp-json\/wp\/v2\/media?parent=750691"}],"wp:term":[{"taxonomy":"product_brand","embeddable":true,"href":"https:\/\/nextsnkr.com\/no\/wp-json\/wp\/v2\/product_brand?post=750691"},{"taxonomy":"product_cat","embeddable":true,"href":"https:\/\/nextsnkr.com\/no\/wp-json\/wp\/v2\/product_cat?post=750691"},{"taxonomy":"product_tag","embeddable":true,"href":"https:\/\/nextsnkr.com\/no\/wp-json\/wp\/v2\/product_tag?post=750691"}],"curies":[{"name":"wp","href":"https:\/\/api.w.org\/{rel}","templated":true}]}}