{"id":749508,"date":"2025-06-14T15:57:05","date_gmt":"2025-06-14T12:57:05","guid":{"rendered":"https:\/\/nextsnkr.com\/product\/dior-sandals-white\/"},"modified":"2026-02-01T14:21:36","modified_gmt":"2026-02-01T11:21:36","slug":"dior-sandals-white","status":"publish","type":"product","link":"https:\/\/nextsnkr.com\/no\/produkt\/dior-sandals-white\/","title":{"rendered":"Dior Sandaler Hvite tekstil sandaler-stilig og komfortabel"},"content":{"rendered":"<h2>Dior Sandaler Hvite tekstil sandaler-stilig og komfortabel<\/h2>\n<p>&nbsp;<\/p>\n<p>Dior Sandals White er lette og elegante tekstilsandaler for kvinner designet for komfort og stilig utseende. Modellen har en gjennomtenkt design som gir bekvemmelighet under daglig bruk, og den lyse fargen gj\u00f8r den allsidig for sommerutseende. Laget I Kina, Kombinerer Dior sandaler moderne design, f\u00f8rsteklasses materialer og holdbarhet. Det perfekte valget for de som setter pris p\u00e5 komfort, estetikk Og Dior-merket.<\/p>\n","protected":false},"excerpt":{"rendered":"<p>Dior Sandals White er lette og elegante tekstilsandaler for kvinner designet for komfort og stilig utseende. Modellen har en gjennomtenkt design som gir bekvemmelighet under daglig bruk, og den lyse fargen gj\u00f8r den allsidig for sommerutseende. Laget I Kina, Kombinerer Dior sandaler moderne design, f\u00f8rsteklasses materialer og holdbarhet. Det perfekte valget for de som setter pris p\u00e5 komfort, estetikk Og Dior-merket.<\/p>\n","protected":false},"featured_media":749509,"comment_status":"open","ping_status":"open","template":"","meta":[],"product_brand":[],"product_cat":[3277,3453],"product_tag":[],"class_list":{"0":"post-749508","1":"product","2":"type-product","3":"status-publish","4":"has-post-thumbnail","6":"product_cat-all-product","7":"product_cat-sandali","8":"pa_rozmir-910","9":"pa_rozmir-912","10":"pa_rozmir-914","11":"pa_rozmir-915","12":"pa_rozmir-916","13":"pa_rozmir-917","14":"pa_rozmir-918","15":"pa_rozmir-919","16":"pa_rozmir-920","17":"pa_rozmir-921","18":"pa_rozmir-922","20":"first","21":"onbackorder","22":"purchasable","23":"product-type-variable"},"_links":{"self":[{"href":"https:\/\/nextsnkr.com\/no\/wp-json\/wp\/v2\/product\/749508","targetHints":{"allow":["GET"]}}],"collection":[{"href":"https:\/\/nextsnkr.com\/no\/wp-json\/wp\/v2\/product"}],"about":[{"href":"https:\/\/nextsnkr.com\/no\/wp-json\/wp\/v2\/types\/product"}],"replies":[{"embeddable":true,"href":"https:\/\/nextsnkr.com\/no\/wp-json\/wp\/v2\/comments?post=749508"}],"version-history":[{"count":0,"href":"https:\/\/nextsnkr.com\/no\/wp-json\/wp\/v2\/product\/749508\/revisions"}],"wp:featuredmedia":[{"embeddable":true,"href":"https:\/\/nextsnkr.com\/no\/wp-json\/wp\/v2\/media\/749509"}],"wp:attachment":[{"href":"https:\/\/nextsnkr.com\/no\/wp-json\/wp\/v2\/media?parent=749508"}],"wp:term":[{"taxonomy":"product_brand","embeddable":true,"href":"https:\/\/nextsnkr.com\/no\/wp-json\/wp\/v2\/product_brand?post=749508"},{"taxonomy":"product_cat","embeddable":true,"href":"https:\/\/nextsnkr.com\/no\/wp-json\/wp\/v2\/product_cat?post=749508"},{"taxonomy":"product_tag","embeddable":true,"href":"https:\/\/nextsnkr.com\/no\/wp-json\/wp\/v2\/product_tag?post=749508"}],"curies":[{"name":"wp","href":"https:\/\/api.w.org\/{rel}","templated":true}]}}