{"id":748663,"date":"2025-06-14T16:00:30","date_gmt":"2025-06-14T13:00:30","guid":{"rendered":"https:\/\/nextsnkr.com\/product\/hermes-oran-slippers\/"},"modified":"2026-02-01T14:21:13","modified_gmt":"2026-02-01T11:21:13","slug":"hermes-oran-slippers","status":"publish","type":"product","link":"https:\/\/nextsnkr.com\/no\/produkt\/hermes-oran-slippers\/","title":{"rendered":"Hermes Oran T\u00f8fler Skinn Kvinner Beige"},"content":{"rendered":"<h2>Hermes Oran T\u00f8fler Skinn Kvinner Beige<\/h2>\n<p>&nbsp;<\/p>\n<p>Hermes Oran T\u00f8fler er stilige og komfortable sko til daglig bruk. Laget av l\u00e6r av h\u00f8y kvalitet, gir de mykhet, en behagelig passform og holdbarhet. Den lakoniske beige designen understreker eleganse og kombineres enkelt med ethvert sommer-eller hjemmelook. Produksjonen er I Frankrike (virkelig Kina), noe som garanterer en moderne stil og oppmerksomhet p\u00e5 detaljer. Det perfekte valget for de som verdsetter komfort og f\u00f8rsteklasses utseende hver dag.<\/p>\n","protected":false},"excerpt":{"rendered":"<p>Hermes Oran T\u00f8fler er stilige og komfortable sko til daglig bruk. Laget av l\u00e6r av h\u00f8y kvalitet, gir de mykhet, en behagelig passform og holdbarhet. Den lakoniske beige designen understreker eleganse og kombineres enkelt med ethvert sommer-eller hjemmelook. Produksjonen er I Frankrike (virkelig Kina), noe som garanterer en moderne stil og oppmerksomhet p\u00e5 detaljer. Det perfekte valget for de som verdsetter komfort og f\u00f8rsteklasses utseende hver dag.<\/p>\n","protected":false},"featured_media":748664,"comment_status":"open","ping_status":"open","template":"","meta":[],"product_brand":[],"product_cat":[3277,3426],"product_tag":[],"class_list":{"0":"post-748663","1":"product","2":"type-product","3":"status-publish","4":"has-post-thumbnail","6":"product_cat-all-product","7":"product_cat-shlopantsi","8":"pa_rozmir-910","9":"pa_rozmir-912","10":"pa_rozmir-914","11":"pa_rozmir-915","12":"pa_rozmir-916","13":"pa_rozmir-917","14":"pa_rozmir-918","15":"pa_rozmir-919","16":"pa_rozmir-920","17":"pa_rozmir-921","18":"pa_rozmir-922","20":"first","21":"instock","22":"purchasable","23":"product-type-variable"},"_links":{"self":[{"href":"https:\/\/nextsnkr.com\/no\/wp-json\/wp\/v2\/product\/748663","targetHints":{"allow":["GET"]}}],"collection":[{"href":"https:\/\/nextsnkr.com\/no\/wp-json\/wp\/v2\/product"}],"about":[{"href":"https:\/\/nextsnkr.com\/no\/wp-json\/wp\/v2\/types\/product"}],"replies":[{"embeddable":true,"href":"https:\/\/nextsnkr.com\/no\/wp-json\/wp\/v2\/comments?post=748663"}],"version-history":[{"count":0,"href":"https:\/\/nextsnkr.com\/no\/wp-json\/wp\/v2\/product\/748663\/revisions"}],"wp:featuredmedia":[{"embeddable":true,"href":"https:\/\/nextsnkr.com\/no\/wp-json\/wp\/v2\/media\/748664"}],"wp:attachment":[{"href":"https:\/\/nextsnkr.com\/no\/wp-json\/wp\/v2\/media?parent=748663"}],"wp:term":[{"taxonomy":"product_brand","embeddable":true,"href":"https:\/\/nextsnkr.com\/no\/wp-json\/wp\/v2\/product_brand?post=748663"},{"taxonomy":"product_cat","embeddable":true,"href":"https:\/\/nextsnkr.com\/no\/wp-json\/wp\/v2\/product_cat?post=748663"},{"taxonomy":"product_tag","embeddable":true,"href":"https:\/\/nextsnkr.com\/no\/wp-json\/wp\/v2\/product_tag?post=748663"}],"curies":[{"name":"wp","href":"https:\/\/api.w.org\/{rel}","templated":true}]}}