{"id":747970,"date":"2025-06-14T16:03:43","date_gmt":"2025-06-14T13:03:43","guid":{"rendered":"https:\/\/nextsnkr.com\/product\/adidas-yeezy-350-cinder\/"},"modified":"2026-02-01T14:20:41","modified_gmt":"2026-02-01T11:20:41","slug":"adidas-yeezy-350-cinder","status":"publish","type":"product","link":"https:\/\/nextsnkr.com\/no\/produkt\/adidas-yeezy-350-cinder\/","title":{"rendered":"Adidas Yeezy V2 Svart sneakers-menns tekstil stilige joggesko"},"content":{"rendered":"<h2>Adidas Yeezy V2 Svart sneakers-menns tekstil stilige joggesko<\/h2>\n<p>&nbsp;<\/p>\n<p>Adidas Yeezy V2 Svarte joggesko er en moderne modell for menn som kombinerer stil, komfort og letthet. Laget av slitesterke tekstiler, gir de utmerket ventilasjon og komfort under langvarig slitasje. Den svarte fargen gj\u00f8r dem allsidige for ethvert utseende, og den gjennomtenkte s\u00e5len garanterer demping og stabilitet. Laget I Vietnam, disse joggeskoene er av h\u00f8y kvalitet og holdbar. Velg Adidas Yeezy V2 Svart for en trygg og trendy stil hver dag.<\/p>\n","protected":false},"excerpt":{"rendered":"<p>Adidas Yeezy V2 Svarte joggesko er en moderne modell for menn som kombinerer stil, komfort og letthet. Laget av slitesterke tekstiler, gir de utmerket ventilasjon og komfort under langvarig slitasje. Den svarte fargen gj\u00f8r dem allsidige for ethvert utseende, og den gjennomtenkte s\u00e5len garanterer demping og stabilitet. Laget I Vietnam, disse joggeskoene er av h\u00f8y kvalitet og holdbar. Velg Adidas Yeezy V2 Svart for en trygg og trendy stil hver dag.<\/p>\n","protected":false},"featured_media":747971,"comment_status":"open","ping_status":"open","template":"","meta":[],"product_brand":[],"product_cat":[3402,3277,3278],"product_tag":[],"class_list":{"0":"post-747970","1":"product","2":"type-product","3":"status-publish","4":"has-post-thumbnail","6":"product_cat-adidas-yeezy","7":"product_cat-all-product","8":"product_cat-krosivky","9":"pa_rozmir-910","10":"pa_rozmir-912","11":"pa_rozmir-914","12":"pa_rozmir-915","13":"pa_rozmir-916","14":"pa_rozmir-917","15":"pa_rozmir-918","16":"pa_rozmir-919","17":"pa_rozmir-920","18":"pa_rozmir-921","19":"pa_rozmir-922","21":"first","22":"onbackorder","23":"purchasable","24":"product-type-variable"},"_links":{"self":[{"href":"https:\/\/nextsnkr.com\/no\/wp-json\/wp\/v2\/product\/747970","targetHints":{"allow":["GET"]}}],"collection":[{"href":"https:\/\/nextsnkr.com\/no\/wp-json\/wp\/v2\/product"}],"about":[{"href":"https:\/\/nextsnkr.com\/no\/wp-json\/wp\/v2\/types\/product"}],"replies":[{"embeddable":true,"href":"https:\/\/nextsnkr.com\/no\/wp-json\/wp\/v2\/comments?post=747970"}],"version-history":[{"count":0,"href":"https:\/\/nextsnkr.com\/no\/wp-json\/wp\/v2\/product\/747970\/revisions"}],"wp:featuredmedia":[{"embeddable":true,"href":"https:\/\/nextsnkr.com\/no\/wp-json\/wp\/v2\/media\/747971"}],"wp:attachment":[{"href":"https:\/\/nextsnkr.com\/no\/wp-json\/wp\/v2\/media?parent=747970"}],"wp:term":[{"taxonomy":"product_brand","embeddable":true,"href":"https:\/\/nextsnkr.com\/no\/wp-json\/wp\/v2\/product_brand?post=747970"},{"taxonomy":"product_cat","embeddable":true,"href":"https:\/\/nextsnkr.com\/no\/wp-json\/wp\/v2\/product_cat?post=747970"},{"taxonomy":"product_tag","embeddable":true,"href":"https:\/\/nextsnkr.com\/no\/wp-json\/wp\/v2\/product_tag?post=747970"}],"curies":[{"name":"wp","href":"https:\/\/api.w.org\/{rel}","templated":true}]}}