{"id":746332,"date":"2025-06-14T16:09:55","date_gmt":"2025-06-14T13:09:55","guid":{"rendered":"https:\/\/nextsnkr.com\/product\/balenciaga-3xl-white-silver\/"},"modified":"2026-02-01T14:19:58","modified_gmt":"2026-02-01T11:19:58","slug":"balenciaga-3xl-white-silver","status":"publish","type":"product","link":"https:\/\/nextsnkr.com\/no\/produkt\/balenciaga-3xl-white-silver\/","title":{"rendered":"Balenciaga 3xl hvit \/ S\u00f8lv sneakers-l\u00e6r og tekstil, herre"},"content":{"rendered":"<h2>Balenciaga 3xl hvit \/ S\u00f8lv sneakers-l\u00e6r og tekstil, herre<\/h2>\n<p>&nbsp;<\/p>\n<p>Balenciaga 3xl hvite \/ S\u00f8lv joggesko er en stilig premiummodell som kombinerer naturlig skinn og pustende tekstiler. Takket v\u00e6re deres massive design og kontrasterende hvite og s\u00f8lvelementer ser de moderne og uttrykksfulle ut. Slitesterke materialer og Kinesisk produksjon av h\u00f8y kvalitet garanterer komfort og holdbarhet. Det perfekte valget for kjennere av trendy Balenciaga-sko, som gir selvtillit og personlighet til utseendet.<\/p>\n","protected":false},"excerpt":{"rendered":"<p>Balenciaga 3xl hvite \/ S\u00f8lv joggesko er en stilig premiummodell som kombinerer naturlig skinn og pustende tekstiler. Takket v\u00e6re deres massive design og kontrasterende hvite og s\u00f8lvelementer ser de moderne og uttrykksfulle ut. Slitesterke materialer og Kinesisk produksjon av h\u00f8y kvalitet garanterer komfort og holdbarhet. Det perfekte valget for kjennere av trendy Balenciaga-sko, som gir selvtillit og personlighet til utseendet.<\/p>\n","protected":false},"featured_media":746333,"comment_status":"open","ping_status":"open","template":"","meta":[],"product_brand":[],"product_cat":[3277,3278],"product_tag":[],"class_list":{"0":"post-746332","1":"product","2":"type-product","3":"status-publish","4":"has-post-thumbnail","6":"product_cat-all-product","7":"product_cat-krosivky","8":"pa_rozmir-910","9":"pa_rozmir-912","10":"pa_rozmir-914","11":"pa_rozmir-915","12":"pa_rozmir-916","13":"pa_rozmir-917","14":"pa_rozmir-918","15":"pa_rozmir-919","16":"pa_rozmir-920","17":"pa_rozmir-921","18":"pa_rozmir-922","20":"first","21":"instock","22":"purchasable","23":"product-type-variable"},"_links":{"self":[{"href":"https:\/\/nextsnkr.com\/no\/wp-json\/wp\/v2\/product\/746332","targetHints":{"allow":["GET"]}}],"collection":[{"href":"https:\/\/nextsnkr.com\/no\/wp-json\/wp\/v2\/product"}],"about":[{"href":"https:\/\/nextsnkr.com\/no\/wp-json\/wp\/v2\/types\/product"}],"replies":[{"embeddable":true,"href":"https:\/\/nextsnkr.com\/no\/wp-json\/wp\/v2\/comments?post=746332"}],"version-history":[{"count":0,"href":"https:\/\/nextsnkr.com\/no\/wp-json\/wp\/v2\/product\/746332\/revisions"}],"wp:featuredmedia":[{"embeddable":true,"href":"https:\/\/nextsnkr.com\/no\/wp-json\/wp\/v2\/media\/746333"}],"wp:attachment":[{"href":"https:\/\/nextsnkr.com\/no\/wp-json\/wp\/v2\/media?parent=746332"}],"wp:term":[{"taxonomy":"product_brand","embeddable":true,"href":"https:\/\/nextsnkr.com\/no\/wp-json\/wp\/v2\/product_brand?post=746332"},{"taxonomy":"product_cat","embeddable":true,"href":"https:\/\/nextsnkr.com\/no\/wp-json\/wp\/v2\/product_cat?post=746332"},{"taxonomy":"product_tag","embeddable":true,"href":"https:\/\/nextsnkr.com\/no\/wp-json\/wp\/v2\/product_tag?post=746332"}],"curies":[{"name":"wp","href":"https:\/\/api.w.org\/{rel}","templated":true}]}}