{"id":744512,"date":"2025-06-14T16:16:54","date_gmt":"2025-06-14T13:16:54","guid":{"rendered":"https:\/\/nextsnkr.com\/product\/vans-rowley-xlt-khaki\/"},"modified":"2026-02-01T14:19:02","modified_gmt":"2026-02-01T11:19:02","slug":"vans-rowley-xlt-khaki","status":"publish","type":"product","link":"https:\/\/nextsnkr.com\/no\/produkt\/vans-rowley-xlt-khaki\/","title":{"rendered":"Vans Rowley Xlt Khaki sneakers-herresko i semsket skinn og l\u00e6r"},"content":{"rendered":"<h2>Vans Rowley Xlt Khaki sneakers-herresko i semsket skinn og l\u00e6r<\/h2>\n<p>&nbsp;<\/p>\n<p>Vans Rowley Xlt Khaki joggesko kombinerer semsket skinn, l\u00e6r og tekstiler, noe som gir styrke, komfort og holdbarhet. Modellen er designet for en aktiv livsstil og daglig bruk, med en slitesterk ytters\u00e5le for p\u00e5litelig demping og stabilitet. Khaki-skyggen gir allsidighet og er enkel \u00e5 kombinere med forskjellige utseende. Laget i Kina, vans Rowley XLT joggesko garanterer kvalitet, stil og praktisk for hverdagsbruk.<\/p>\n","protected":false},"excerpt":{"rendered":"<p>Vans Rowley Xlt Khaki joggesko kombinerer semsket skinn, l\u00e6r og tekstiler, noe som gir styrke, komfort og holdbarhet. Modellen er designet for en aktiv livsstil og daglig bruk, med en slitesterk ytters\u00e5le for p\u00e5litelig demping og stabilitet. Khaki-skyggen gir allsidighet og er enkel \u00e5 kombinere med forskjellige utseende. Laget i Kina, vans Rowley XLT joggesko garanterer kvalitet, stil og praktisk for hverdagsbruk.<\/p>\n","protected":false},"featured_media":744513,"comment_status":"open","ping_status":"open","template":"","meta":[],"product_brand":[],"product_cat":[3277,3324],"product_tag":[],"class_list":{"0":"post-744512","1":"product","2":"type-product","3":"status-publish","4":"has-post-thumbnail","6":"product_cat-all-product","7":"product_cat-kedy","8":"pa_rozmir-910","9":"pa_rozmir-912","10":"pa_rozmir-914","11":"pa_rozmir-915","12":"pa_rozmir-916","13":"pa_rozmir-917","14":"pa_rozmir-918","15":"pa_rozmir-919","16":"pa_rozmir-920","17":"pa_rozmir-921","18":"pa_rozmir-922","20":"first","21":"onbackorder","22":"purchasable","23":"product-type-variable"},"_links":{"self":[{"href":"https:\/\/nextsnkr.com\/no\/wp-json\/wp\/v2\/product\/744512","targetHints":{"allow":["GET"]}}],"collection":[{"href":"https:\/\/nextsnkr.com\/no\/wp-json\/wp\/v2\/product"}],"about":[{"href":"https:\/\/nextsnkr.com\/no\/wp-json\/wp\/v2\/types\/product"}],"replies":[{"embeddable":true,"href":"https:\/\/nextsnkr.com\/no\/wp-json\/wp\/v2\/comments?post=744512"}],"version-history":[{"count":0,"href":"https:\/\/nextsnkr.com\/no\/wp-json\/wp\/v2\/product\/744512\/revisions"}],"wp:featuredmedia":[{"embeddable":true,"href":"https:\/\/nextsnkr.com\/no\/wp-json\/wp\/v2\/media\/744513"}],"wp:attachment":[{"href":"https:\/\/nextsnkr.com\/no\/wp-json\/wp\/v2\/media?parent=744512"}],"wp:term":[{"taxonomy":"product_brand","embeddable":true,"href":"https:\/\/nextsnkr.com\/no\/wp-json\/wp\/v2\/product_brand?post=744512"},{"taxonomy":"product_cat","embeddable":true,"href":"https:\/\/nextsnkr.com\/no\/wp-json\/wp\/v2\/product_cat?post=744512"},{"taxonomy":"product_tag","embeddable":true,"href":"https:\/\/nextsnkr.com\/no\/wp-json\/wp\/v2\/product_tag?post=744512"}],"curies":[{"name":"wp","href":"https:\/\/api.w.org\/{rel}","templated":true}]}}