{"id":742692,"date":"2025-06-14T16:23:14","date_gmt":"2025-06-14T13:23:14","guid":{"rendered":"https:\/\/nextsnkr.com\/product\/ugg-classic-mini-platform-xl-black\/"},"modified":"2026-02-01T14:18:16","modified_gmt":"2026-02-01T11:18:16","slug":"ugg-classic-mini-platform-xl-black","status":"publish","type":"product","link":"https:\/\/nextsnkr.com\/no\/produkt\/ugg-classic-mini-platform-xl-black\/","title":{"rendered":"Ugg Classic Mini Platform XL Svart Suede Ankel St\u00f8vler med pels"},"content":{"rendered":"<h2>Ugg Classic Mini Platform XL Svart Suede Ankel St\u00f8vler med pels<\/h2>\n<p>&nbsp;<\/p>\n<p>Ugg Classic Mini Platform XL Svarte ankelst\u00f8vler er laget av semsket skinn og naturlig pels av h\u00f8y kvalitet, som gir varme, komfort og holdbarhet. Modellen har en plattform for en stilig passform og ekstra demping, ideell for byvandringer i kulden. Den svarte fargen gj\u00f8r dem allsidige og kan enkelt kombineres med hvilken som helst garderobe. Laget I Vietnam, Disse Ugg st\u00f8vlene er et p\u00e5litelig valg for de som verdsetter komfort og stil.<\/p>\n","protected":false},"excerpt":{"rendered":"<p>Ugg Classic Mini Platform XL Svarte ankelst\u00f8vler er laget av semsket skinn og naturlig pels av h\u00f8y kvalitet, som gir varme, komfort og holdbarhet. Modellen har en plattform for en stilig passform og ekstra demping, ideell for byvandringer i kulden. Den svarte fargen gj\u00f8r dem allsidige og kan enkelt kombineres med hvilken som helst garderobe. Laget I Vietnam, Disse Ugg st\u00f8vlene er et p\u00e5litelig valg for de som verdsetter komfort og stil.<\/p>\n","protected":false},"featured_media":742693,"comment_status":"open","ping_status":"open","template":"","meta":[],"product_brand":[],"product_cat":[3413,3277],"product_tag":[],"class_list":{"0":"post-742692","1":"product","2":"type-product","3":"status-publish","4":"has-post-thumbnail","6":"product_cat-ugg","7":"product_cat-all-product","8":"pa_rozmir-910","9":"pa_rozmir-912","10":"pa_rozmir-914","11":"pa_rozmir-915","12":"pa_rozmir-916","13":"pa_rozmir-917","14":"pa_rozmir-918","15":"pa_rozmir-919","16":"pa_rozmir-920","17":"pa_rozmir-921","18":"pa_rozmir-922","20":"first","21":"onbackorder","22":"purchasable","23":"product-type-variable"},"_links":{"self":[{"href":"https:\/\/nextsnkr.com\/no\/wp-json\/wp\/v2\/product\/742692","targetHints":{"allow":["GET"]}}],"collection":[{"href":"https:\/\/nextsnkr.com\/no\/wp-json\/wp\/v2\/product"}],"about":[{"href":"https:\/\/nextsnkr.com\/no\/wp-json\/wp\/v2\/types\/product"}],"replies":[{"embeddable":true,"href":"https:\/\/nextsnkr.com\/no\/wp-json\/wp\/v2\/comments?post=742692"}],"version-history":[{"count":0,"href":"https:\/\/nextsnkr.com\/no\/wp-json\/wp\/v2\/product\/742692\/revisions"}],"wp:featuredmedia":[{"embeddable":true,"href":"https:\/\/nextsnkr.com\/no\/wp-json\/wp\/v2\/media\/742693"}],"wp:attachment":[{"href":"https:\/\/nextsnkr.com\/no\/wp-json\/wp\/v2\/media?parent=742692"}],"wp:term":[{"taxonomy":"product_brand","embeddable":true,"href":"https:\/\/nextsnkr.com\/no\/wp-json\/wp\/v2\/product_brand?post=742692"},{"taxonomy":"product_cat","embeddable":true,"href":"https:\/\/nextsnkr.com\/no\/wp-json\/wp\/v2\/product_cat?post=742692"},{"taxonomy":"product_tag","embeddable":true,"href":"https:\/\/nextsnkr.com\/no\/wp-json\/wp\/v2\/product_tag?post=742692"}],"curies":[{"name":"wp","href":"https:\/\/api.w.org\/{rel}","templated":true}]}}