{"id":742146,"date":"2025-06-14T16:24:53","date_gmt":"2025-06-14T13:24:53","guid":{"rendered":"https:\/\/nextsnkr.com\/product\/ugg-classic-ultra-mini-platform-xl-khaki\/"},"modified":"2026-02-01T14:18:03","modified_gmt":"2026-02-01T11:18:03","slug":"ugg-classic-ultra-mini-platform-xl-khaki","status":"publish","type":"product","link":"https:\/\/nextsnkr.com\/no\/produkt\/ugg-classic-ultra-mini-platform-xl-khaki\/","title":{"rendered":"Ugg Klassiske Ultra Mini Plattform XL Khaki St\u00f8vler-semsket skinn med pels"},"content":{"rendered":"<h2>Ugg Klassiske Ultra Mini Plattform XL Khaki St\u00f8vler-semsket skinn med pels<\/h2>\n<p>&nbsp;<\/p>\n<p>Ugg Classic Ultra Mini Platform XL Khaki st\u00f8vler er laget av h\u00f8ykvalitets semsket skinn og myk pels, som gir varme, komfort og et stilig utseende. Plattformen gir en moderne aksent, og den allsidige kakifargen gj\u00f8r modellen enkel \u00e5 kombinere med hvilken som helst garderobe. Disse st\u00f8vlene er ideelle for daglig bruk i den kalde \u00e5rstiden, og er laget I Vietnam og kombinerer praktisk, holdbarhet og f\u00f8rsteklasses design.<\/p>\n","protected":false},"excerpt":{"rendered":"<p>Ugg Classic Ultra Mini Platform XL Khaki st\u00f8vler er laget av h\u00f8ykvalitets semsket skinn og myk pels, som gir varme, komfort og et stilig utseende. Plattformen gir en moderne aksent, og den allsidige kakifargen gj\u00f8r modellen enkel \u00e5 kombinere med hvilken som helst garderobe. Disse st\u00f8vlene er ideelle for daglig bruk i den kalde \u00e5rstiden, og er laget I Vietnam og kombinerer praktisk, holdbarhet og f\u00f8rsteklasses design.<\/p>\n","protected":false},"featured_media":742147,"comment_status":"open","ping_status":"open","template":"","meta":[],"product_brand":[],"product_cat":[3413,3277],"product_tag":[],"class_list":{"0":"post-742146","1":"product","2":"type-product","3":"status-publish","4":"has-post-thumbnail","6":"product_cat-ugg","7":"product_cat-all-product","8":"pa_rozmir-910","9":"pa_rozmir-912","10":"pa_rozmir-914","11":"pa_rozmir-915","12":"pa_rozmir-916","13":"pa_rozmir-917","14":"pa_rozmir-918","15":"pa_rozmir-919","16":"pa_rozmir-920","17":"pa_rozmir-921","18":"pa_rozmir-922","20":"first","21":"onbackorder","22":"purchasable","23":"product-type-variable"},"_links":{"self":[{"href":"https:\/\/nextsnkr.com\/no\/wp-json\/wp\/v2\/product\/742146","targetHints":{"allow":["GET"]}}],"collection":[{"href":"https:\/\/nextsnkr.com\/no\/wp-json\/wp\/v2\/product"}],"about":[{"href":"https:\/\/nextsnkr.com\/no\/wp-json\/wp\/v2\/types\/product"}],"replies":[{"embeddable":true,"href":"https:\/\/nextsnkr.com\/no\/wp-json\/wp\/v2\/comments?post=742146"}],"version-history":[{"count":0,"href":"https:\/\/nextsnkr.com\/no\/wp-json\/wp\/v2\/product\/742146\/revisions"}],"wp:featuredmedia":[{"embeddable":true,"href":"https:\/\/nextsnkr.com\/no\/wp-json\/wp\/v2\/media\/742147"}],"wp:attachment":[{"href":"https:\/\/nextsnkr.com\/no\/wp-json\/wp\/v2\/media?parent=742146"}],"wp:term":[{"taxonomy":"product_brand","embeddable":true,"href":"https:\/\/nextsnkr.com\/no\/wp-json\/wp\/v2\/product_brand?post=742146"},{"taxonomy":"product_cat","embeddable":true,"href":"https:\/\/nextsnkr.com\/no\/wp-json\/wp\/v2\/product_cat?post=742146"},{"taxonomy":"product_tag","embeddable":true,"href":"https:\/\/nextsnkr.com\/no\/wp-json\/wp\/v2\/product_tag?post=742146"}],"curies":[{"name":"wp","href":"https:\/\/api.w.org\/{rel}","templated":true}]}}