{"id":741782,"date":"2025-06-14T16:26:15","date_gmt":"2025-06-14T13:26:15","guid":{"rendered":"https:\/\/nextsnkr.com\/product\/ugg-classic-mini-lace-up-beige\/"},"modified":"2026-02-01T14:17:54","modified_gmt":"2026-02-01T11:17:54","slug":"ugg-classic-mini-lace-up-beige","status":"publish","type":"product","link":"https:\/\/nextsnkr.com\/no\/produkt\/ugg-classic-mini-lace-up-beige\/","title":{"rendered":"UGG Classic Mini Lace-Up Beige-beige semsket st\u00f8vler med pels"},"content":{"rendered":"<h2>UGG Classic Mini Lace-Up Beige-beige semsket st\u00f8vler med pels<\/h2>\n<p>&nbsp;<\/p>\n<p>UGG Classic Mini Lace-Up Beige st\u00f8vler er en kombinasjon av komfort, stil og varme for kaldt v\u00e6r. Laget av semsket skinn av h\u00f8y kvalitet med myk pels inni, gir de en behagelig passform og varme under alle forhold. Den lakoniske beige fargen og den klassiske designen gj\u00f8r modellen allsidig for daglig bruk. Laget I Kina, disse st\u00f8vlene er holdbare og p\u00e5litelige. Velg UGG Classic Mini-komfort, stil og kvalitet i hvert trinn.<\/p>\n","protected":false},"excerpt":{"rendered":"<p>UGG Classic Mini Lace-Up Beige st\u00f8vler er en kombinasjon av komfort, stil og varme for kaldt v\u00e6r. Laget av semsket skinn av h\u00f8y kvalitet med myk pels inni, gir de en behagelig passform og varme under alle forhold. Den lakoniske beige fargen og den klassiske designen gj\u00f8r modellen allsidig for daglig bruk. Laget I Kina, disse st\u00f8vlene er holdbare og p\u00e5litelige. Velg UGG Classic Mini-komfort, stil og kvalitet i hvert trinn.<\/p>\n","protected":false},"featured_media":741783,"comment_status":"open","ping_status":"open","template":"","meta":[],"product_brand":[],"product_cat":[3413,3277],"product_tag":[],"class_list":{"0":"post-741782","1":"product","2":"type-product","3":"status-publish","4":"has-post-thumbnail","6":"product_cat-ugg","7":"product_cat-all-product","8":"pa_rozmir-910","9":"pa_rozmir-912","10":"pa_rozmir-914","11":"pa_rozmir-915","12":"pa_rozmir-916","13":"pa_rozmir-917","14":"pa_rozmir-918","15":"pa_rozmir-919","16":"pa_rozmir-920","17":"pa_rozmir-921","18":"pa_rozmir-922","20":"first","21":"instock","22":"purchasable","23":"product-type-variable"},"_links":{"self":[{"href":"https:\/\/nextsnkr.com\/no\/wp-json\/wp\/v2\/product\/741782","targetHints":{"allow":["GET"]}}],"collection":[{"href":"https:\/\/nextsnkr.com\/no\/wp-json\/wp\/v2\/product"}],"about":[{"href":"https:\/\/nextsnkr.com\/no\/wp-json\/wp\/v2\/types\/product"}],"replies":[{"embeddable":true,"href":"https:\/\/nextsnkr.com\/no\/wp-json\/wp\/v2\/comments?post=741782"}],"version-history":[{"count":0,"href":"https:\/\/nextsnkr.com\/no\/wp-json\/wp\/v2\/product\/741782\/revisions"}],"wp:featuredmedia":[{"embeddable":true,"href":"https:\/\/nextsnkr.com\/no\/wp-json\/wp\/v2\/media\/741783"}],"wp:attachment":[{"href":"https:\/\/nextsnkr.com\/no\/wp-json\/wp\/v2\/media?parent=741782"}],"wp:term":[{"taxonomy":"product_brand","embeddable":true,"href":"https:\/\/nextsnkr.com\/no\/wp-json\/wp\/v2\/product_brand?post=741782"},{"taxonomy":"product_cat","embeddable":true,"href":"https:\/\/nextsnkr.com\/no\/wp-json\/wp\/v2\/product_cat?post=741782"},{"taxonomy":"product_tag","embeddable":true,"href":"https:\/\/nextsnkr.com\/no\/wp-json\/wp\/v2\/product_tag?post=741782"}],"curies":[{"name":"wp","href":"https:\/\/api.w.org\/{rel}","templated":true}]}}