{"id":740872,"date":"2025-06-14T16:29:42","date_gmt":"2025-06-14T13:29:42","guid":{"rendered":"https:\/\/nextsnkr.com\/product\/ugg-neumal-platform-zipper-chestnut\/"},"modified":"2026-02-01T14:17:18","modified_gmt":"2026-02-01T11:17:18","slug":"ugg-neumal-platform-zipper-chestnut","status":"publish","type":"product","link":"https:\/\/nextsnkr.com\/no\/produkt\/ugg-neumal-platform-zipper-chestnut\/","title":{"rendered":"Ugg Neumal Platform Zipper Chestnut-stilige kvinners ugg st\u00f8vler p\u00e5 plattformen"},"content":{"rendered":"<h2>Ugg Neumal Platform Zipper Chestnut-stilige kvinners ugg st\u00f8vler p\u00e5 plattformen<\/h2>\n<p>&nbsp;<\/p>\n<p>Ugg Neumal Platform Zipper Chestnut er laget av ekte semsket skinn og myk pels, som gir varme, komfort og holdbarhet. Plattformmodellen legger til moderne stil og eleganse, og glidel\u00e5sen gj\u00f8r det lettere \u00e5 sette p\u00e5 sko. Kastanjefargen gj\u00f8r ugg-st\u00f8vler allsidige og kan enkelt kombineres med hvilken som helst vintergarderobe. Velg Ugg Neumal Platform Zipper Chestnut for en koselig, moderne utseende og behagelig daglig slitasje.<\/p>\n","protected":false},"excerpt":{"rendered":"<p>Ugg Neumal Platform Zipper Chestnut er laget av ekte semsket skinn og myk pels, som gir varme, komfort og holdbarhet. Plattformmodellen legger til moderne stil og eleganse, og glidel\u00e5sen gj\u00f8r det lettere \u00e5 sette p\u00e5 sko. Kastanjefargen gj\u00f8r ugg-st\u00f8vler allsidige og kan enkelt kombineres med hvilken som helst vintergarderobe. Velg Ugg Neumal Platform Zipper Chestnut for en koselig, moderne utseende og behagelig daglig slitasje.<\/p>\n","protected":false},"featured_media":740873,"comment_status":"open","ping_status":"open","template":"","meta":[],"product_brand":[],"product_cat":[3413,3277],"product_tag":[],"class_list":{"0":"post-740872","1":"product","2":"type-product","3":"status-publish","4":"has-post-thumbnail","6":"product_cat-ugg","7":"product_cat-all-product","8":"pa_rozmir-910","9":"pa_rozmir-912","10":"pa_rozmir-914","11":"pa_rozmir-915","12":"pa_rozmir-916","13":"pa_rozmir-917","14":"pa_rozmir-918","15":"pa_rozmir-919","16":"pa_rozmir-920","17":"pa_rozmir-921","18":"pa_rozmir-922","20":"first","21":"onbackorder","22":"purchasable","23":"product-type-variable"},"_links":{"self":[{"href":"https:\/\/nextsnkr.com\/no\/wp-json\/wp\/v2\/product\/740872","targetHints":{"allow":["GET"]}}],"collection":[{"href":"https:\/\/nextsnkr.com\/no\/wp-json\/wp\/v2\/product"}],"about":[{"href":"https:\/\/nextsnkr.com\/no\/wp-json\/wp\/v2\/types\/product"}],"replies":[{"embeddable":true,"href":"https:\/\/nextsnkr.com\/no\/wp-json\/wp\/v2\/comments?post=740872"}],"version-history":[{"count":0,"href":"https:\/\/nextsnkr.com\/no\/wp-json\/wp\/v2\/product\/740872\/revisions"}],"wp:featuredmedia":[{"embeddable":true,"href":"https:\/\/nextsnkr.com\/no\/wp-json\/wp\/v2\/media\/740873"}],"wp:attachment":[{"href":"https:\/\/nextsnkr.com\/no\/wp-json\/wp\/v2\/media?parent=740872"}],"wp:term":[{"taxonomy":"product_brand","embeddable":true,"href":"https:\/\/nextsnkr.com\/no\/wp-json\/wp\/v2\/product_brand?post=740872"},{"taxonomy":"product_cat","embeddable":true,"href":"https:\/\/nextsnkr.com\/no\/wp-json\/wp\/v2\/product_cat?post=740872"},{"taxonomy":"product_tag","embeddable":true,"href":"https:\/\/nextsnkr.com\/no\/wp-json\/wp\/v2\/product_tag?post=740872"}],"curies":[{"name":"wp","href":"https:\/\/api.w.org\/{rel}","templated":true}]}}