{"id":740144,"date":"2025-06-14T16:32:23","date_gmt":"2025-06-14T13:32:23","guid":{"rendered":"https:\/\/nextsnkr.com\/product\/ugg-classic-mini-black\/"},"modified":"2026-02-01T14:16:58","modified_gmt":"2026-02-01T11:16:58","slug":"ugg-classic-mini-black","status":"publish","type":"product","link":"https:\/\/nextsnkr.com\/no\/produkt\/ugg-classic-mini-black\/","title":{"rendered":"Ugg Classic Mini Svart-kvinners semsket ugg st\u00f8vler med pels"},"content":{"rendered":"<h2>Ugg Classic Mini Svart-kvinners semsket ugg st\u00f8vler med pels<\/h2>\n<p>&nbsp;<\/p>\n<p>Ugg Classic Mini Black er en klassisk ugg-st\u00f8vler for kvinner laget av myk semsket skinn og naturlig pels, som gir varme, komfort og en behagelig passform p\u00e5 foten. Minimodellen er allsidig for daglig bruk og kan enkelt kombineres med hvilken som helst garderobe. Laget I Vietnam, er ugg st\u00f8vler preget av deres holdbarhet, mykhet og h\u00f8y kvalitet p\u00e5 utf\u00f8relse. Et ideelt valg for de som setter pris p\u00e5 stil, komfort og varme i den kalde \u00e5rstiden.<\/p>\n","protected":false},"excerpt":{"rendered":"<p>Ugg Classic Mini Black er en klassisk ugg-st\u00f8vler for kvinner laget av myk semsket skinn og naturlig pels, som gir varme, komfort og en behagelig passform p\u00e5 foten. Minimodellen er allsidig for daglig bruk og kan enkelt kombineres med hvilken som helst garderobe. Laget I Vietnam, er ugg st\u00f8vler preget av deres holdbarhet, mykhet og h\u00f8y kvalitet p\u00e5 utf\u00f8relse. Et ideelt valg for de som setter pris p\u00e5 stil, komfort og varme i den kalde \u00e5rstiden.<\/p>\n","protected":false},"featured_media":740145,"comment_status":"open","ping_status":"open","template":"","meta":[],"product_brand":[],"product_cat":[3413,3277],"product_tag":[],"class_list":{"0":"post-740144","1":"product","2":"type-product","3":"status-publish","4":"has-post-thumbnail","6":"product_cat-ugg","7":"product_cat-all-product","8":"pa_rozmir-910","9":"pa_rozmir-912","10":"pa_rozmir-914","11":"pa_rozmir-915","12":"pa_rozmir-916","13":"pa_rozmir-917","14":"pa_rozmir-918","15":"pa_rozmir-919","16":"pa_rozmir-920","17":"pa_rozmir-921","18":"pa_rozmir-922","20":"first","21":"onbackorder","22":"purchasable","23":"product-type-variable"},"_links":{"self":[{"href":"https:\/\/nextsnkr.com\/no\/wp-json\/wp\/v2\/product\/740144","targetHints":{"allow":["GET"]}}],"collection":[{"href":"https:\/\/nextsnkr.com\/no\/wp-json\/wp\/v2\/product"}],"about":[{"href":"https:\/\/nextsnkr.com\/no\/wp-json\/wp\/v2\/types\/product"}],"replies":[{"embeddable":true,"href":"https:\/\/nextsnkr.com\/no\/wp-json\/wp\/v2\/comments?post=740144"}],"version-history":[{"count":0,"href":"https:\/\/nextsnkr.com\/no\/wp-json\/wp\/v2\/product\/740144\/revisions"}],"wp:featuredmedia":[{"embeddable":true,"href":"https:\/\/nextsnkr.com\/no\/wp-json\/wp\/v2\/media\/740145"}],"wp:attachment":[{"href":"https:\/\/nextsnkr.com\/no\/wp-json\/wp\/v2\/media?parent=740144"}],"wp:term":[{"taxonomy":"product_brand","embeddable":true,"href":"https:\/\/nextsnkr.com\/no\/wp-json\/wp\/v2\/product_brand?post=740144"},{"taxonomy":"product_cat","embeddable":true,"href":"https:\/\/nextsnkr.com\/no\/wp-json\/wp\/v2\/product_cat?post=740144"},{"taxonomy":"product_tag","embeddable":true,"href":"https:\/\/nextsnkr.com\/no\/wp-json\/wp\/v2\/product_tag?post=740144"}],"curies":[{"name":"wp","href":"https:\/\/api.w.org\/{rel}","templated":true}]}}