{"id":739962,"date":"2025-06-14T16:32:59","date_gmt":"2025-06-14T13:32:59","guid":{"rendered":"https:\/\/nextsnkr.com\/product\/ugg-classic-ultra-mini-platform-xl-chestnut\/"},"modified":"2026-02-01T14:16:53","modified_gmt":"2026-02-01T11:16:53","slug":"ugg-classic-ultra-mini-platform-xl-chestnut","status":"publish","type":"product","link":"https:\/\/nextsnkr.com\/no\/produkt\/ugg-classic-ultra-mini-platform-xl-chestnut\/","title":{"rendered":"Ugg Klassiske Ultra Mini Platform XL Kastanje St\u00f8vler-semsket skinn med pels"},"content":{"rendered":"<h2>Ugg Klassiske Ultra Mini Platform XL Kastanje St\u00f8vler-semsket skinn med pels<\/h2>\n<p>&nbsp;<\/p>\n<p>Ugg Classic Ultra Mini Platform XL Chestnut boots kombinerer komfort, varme og stilig design. Laget av semsket skinn og naturlig pels av h\u00f8y kvalitet, gir de holdbarhet og utmerket varmeisolasjon. Plattformen gir en moderne aksent og gj\u00f8r silhuetten mer raffinert. Disse st\u00f8vlene er laget I Vietnam og er perfekte for den kalde \u00e5rstiden, fritidskl\u00e6r og utend\u00f8rsaktiviteter. Ugg Classic Ultra Mini er valget av de som verdsetter premium kvalitet og komfort i ethvert milj\u00f8.<\/p>\n","protected":false},"excerpt":{"rendered":"<p>Ugg Classic Ultra Mini Platform XL Chestnut boots kombinerer komfort, varme og stilig design. Laget av semsket skinn og naturlig pels av h\u00f8y kvalitet, gir de holdbarhet og utmerket varmeisolasjon. Plattformen gir en moderne aksent og gj\u00f8r silhuetten mer raffinert. Disse st\u00f8vlene er laget I Vietnam og er perfekte for den kalde \u00e5rstiden, fritidskl\u00e6r og utend\u00f8rsaktiviteter. Ugg Classic Ultra Mini er valget av de som verdsetter premium kvalitet og komfort i ethvert milj\u00f8.<\/p>\n","protected":false},"featured_media":739963,"comment_status":"open","ping_status":"open","template":"","meta":[],"product_brand":[],"product_cat":[3413,3277],"product_tag":[],"class_list":{"0":"post-739962","1":"product","2":"type-product","3":"status-publish","4":"has-post-thumbnail","6":"product_cat-ugg","7":"product_cat-all-product","8":"pa_rozmir-910","9":"pa_rozmir-912","10":"pa_rozmir-914","11":"pa_rozmir-915","12":"pa_rozmir-916","13":"pa_rozmir-917","14":"pa_rozmir-918","15":"pa_rozmir-919","16":"pa_rozmir-920","17":"pa_rozmir-921","18":"pa_rozmir-922","20":"first","21":"onbackorder","22":"purchasable","23":"product-type-variable"},"_links":{"self":[{"href":"https:\/\/nextsnkr.com\/no\/wp-json\/wp\/v2\/product\/739962","targetHints":{"allow":["GET"]}}],"collection":[{"href":"https:\/\/nextsnkr.com\/no\/wp-json\/wp\/v2\/product"}],"about":[{"href":"https:\/\/nextsnkr.com\/no\/wp-json\/wp\/v2\/types\/product"}],"replies":[{"embeddable":true,"href":"https:\/\/nextsnkr.com\/no\/wp-json\/wp\/v2\/comments?post=739962"}],"version-history":[{"count":0,"href":"https:\/\/nextsnkr.com\/no\/wp-json\/wp\/v2\/product\/739962\/revisions"}],"wp:featuredmedia":[{"embeddable":true,"href":"https:\/\/nextsnkr.com\/no\/wp-json\/wp\/v2\/media\/739963"}],"wp:attachment":[{"href":"https:\/\/nextsnkr.com\/no\/wp-json\/wp\/v2\/media?parent=739962"}],"wp:term":[{"taxonomy":"product_brand","embeddable":true,"href":"https:\/\/nextsnkr.com\/no\/wp-json\/wp\/v2\/product_brand?post=739962"},{"taxonomy":"product_cat","embeddable":true,"href":"https:\/\/nextsnkr.com\/no\/wp-json\/wp\/v2\/product_cat?post=739962"},{"taxonomy":"product_tag","embeddable":true,"href":"https:\/\/nextsnkr.com\/no\/wp-json\/wp\/v2\/product_tag?post=739962"}],"curies":[{"name":"wp","href":"https:\/\/api.w.org\/{rel}","templated":true}]}}