{"id":739052,"date":"2025-06-14T16:36:25","date_gmt":"2025-06-14T13:36:25","guid":{"rendered":"https:\/\/nextsnkr.com\/product\/ugg-classic-ultra-mini-chestnut\/"},"modified":"2026-02-01T14:16:31","modified_gmt":"2026-02-01T11:16:31","slug":"ugg-classic-ultra-mini-chestnut","status":"publish","type":"product","link":"https:\/\/nextsnkr.com\/no\/produkt\/ugg-classic-ultra-mini-chestnut\/","title":{"rendered":"Ugg Classic Ultra Mini Kastanje st\u00f8vler laget av semsket skinn og pels"},"content":{"rendered":"<h2>Ugg Classic Ultra Mini Kastanje st\u00f8vler laget av semsket skinn og pels<\/h2>\n<p>&nbsp;<\/p>\n<p>De stilige Ugg Classic Ultra Mini Chestnut-st\u00f8vlene er laget av semsket skinn og varm pels av h\u00f8y kvalitet, noe som gir komfort, varme og holdbarhet. Modellen har en minisilhuett og en klassisk brun farge som enkelt kan kombineres med ethvert utseende. Laget I Vietnam, er disse st\u00f8vlene perfekt for kaldt v\u00e6r, fritidskl\u00e6r og aktivt byliv, og kombinerer Ugg merkets premium stil og funksjonalitet.<\/p>\n","protected":false},"excerpt":{"rendered":"<p>De stilige Ugg Classic Ultra Mini Chestnut-st\u00f8vlene er laget av semsket skinn og varm pels av h\u00f8y kvalitet, noe som gir komfort, varme og holdbarhet. Modellen har en minisilhuett og en klassisk brun farge som enkelt kan kombineres med ethvert utseende. Laget I Vietnam, er disse st\u00f8vlene perfekt for kaldt v\u00e6r, fritidskl\u00e6r og aktivt byliv, og kombinerer Ugg merkets premium stil og funksjonalitet.<\/p>\n","protected":false},"featured_media":739053,"comment_status":"open","ping_status":"open","template":"","meta":[],"product_brand":[],"product_cat":[3413,3277],"product_tag":[],"class_list":{"0":"post-739052","1":"product","2":"type-product","3":"status-publish","4":"has-post-thumbnail","6":"product_cat-ugg","7":"product_cat-all-product","8":"pa_rozmir-910","9":"pa_rozmir-912","10":"pa_rozmir-914","11":"pa_rozmir-915","12":"pa_rozmir-916","13":"pa_rozmir-917","14":"pa_rozmir-918","15":"pa_rozmir-919","16":"pa_rozmir-920","17":"pa_rozmir-921","18":"pa_rozmir-922","20":"first","21":"onbackorder","22":"purchasable","23":"product-type-variable"},"_links":{"self":[{"href":"https:\/\/nextsnkr.com\/no\/wp-json\/wp\/v2\/product\/739052","targetHints":{"allow":["GET"]}}],"collection":[{"href":"https:\/\/nextsnkr.com\/no\/wp-json\/wp\/v2\/product"}],"about":[{"href":"https:\/\/nextsnkr.com\/no\/wp-json\/wp\/v2\/types\/product"}],"replies":[{"embeddable":true,"href":"https:\/\/nextsnkr.com\/no\/wp-json\/wp\/v2\/comments?post=739052"}],"version-history":[{"count":0,"href":"https:\/\/nextsnkr.com\/no\/wp-json\/wp\/v2\/product\/739052\/revisions"}],"wp:featuredmedia":[{"embeddable":true,"href":"https:\/\/nextsnkr.com\/no\/wp-json\/wp\/v2\/media\/739053"}],"wp:attachment":[{"href":"https:\/\/nextsnkr.com\/no\/wp-json\/wp\/v2\/media?parent=739052"}],"wp:term":[{"taxonomy":"product_brand","embeddable":true,"href":"https:\/\/nextsnkr.com\/no\/wp-json\/wp\/v2\/product_brand?post=739052"},{"taxonomy":"product_cat","embeddable":true,"href":"https:\/\/nextsnkr.com\/no\/wp-json\/wp\/v2\/product_cat?post=739052"},{"taxonomy":"product_tag","embeddable":true,"href":"https:\/\/nextsnkr.com\/no\/wp-json\/wp\/v2\/product_tag?post=739052"}],"curies":[{"name":"wp","href":"https:\/\/api.w.org\/{rel}","templated":true}]}}