{"id":736504,"date":"2025-06-14T16:44:39","date_gmt":"2025-06-14T13:44:39","guid":{"rendered":"https:\/\/nextsnkr.com\/product\/no-brand-white-art-010\/"},"modified":"2026-02-01T14:15:15","modified_gmt":"2026-02-01T11:15:15","slug":"no-brand-white-art-010","status":"publish","type":"product","link":"https:\/\/nextsnkr.com\/no\/produkt\/no-brand-white-art-010\/","title":{"rendered":"Ingen merke Hvite st\u00f8vler-kvinners skinnsko, stil og komfort"},"content":{"rendered":"<h2>Ingen merke Hvite st\u00f8vler-kvinners skinnsko, stil og komfort<\/h2>\n<p>&nbsp;<\/p>\n<p>No brand Hvite st\u00f8vler er laget av ekte skinn, som gir holdbarhet, en behagelig passform og beskyttelse mot kulde. Den elegante hvite fargen gir modernitet og allsidighet, og passer lett til enhver garderobe. Den slitesterke s\u00e5len garanterer p\u00e5litelig vandring i byen og utover. Disse st\u00f8vlene er laget I Vietnam og kombinerer kvalitet, stil og praktisk, noe som gj\u00f8r dem til det perfekte valget for daglig bruk i kulden.<\/p>\n","protected":false},"excerpt":{"rendered":"<p>No brand Hvite st\u00f8vler er laget av ekte skinn, som gir holdbarhet, en behagelig passform og beskyttelse mot kulde. Den elegante hvite fargen gir modernitet og allsidighet, og passer lett til enhver garderobe. Den slitesterke s\u00e5len garanterer p\u00e5litelig vandring i byen og utover. Disse st\u00f8vlene er laget I Vietnam og kombinerer kvalitet, stil og praktisk, noe som gj\u00f8r dem til det perfekte valget for daglig bruk i kulden.<\/p>\n","protected":false},"featured_media":736505,"comment_status":"open","ping_status":"open","template":"","meta":[],"product_brand":[],"product_cat":[3277,3337],"product_tag":[],"class_list":{"0":"post-736504","1":"product","2":"type-product","3":"status-publish","4":"has-post-thumbnail","6":"product_cat-all-product","7":"product_cat-cherevyky","8":"pa_rozmir-910","9":"pa_rozmir-912","10":"pa_rozmir-914","11":"pa_rozmir-915","12":"pa_rozmir-916","13":"pa_rozmir-917","14":"pa_rozmir-918","15":"pa_rozmir-919","16":"pa_rozmir-920","17":"pa_rozmir-921","18":"pa_rozmir-922","20":"first","21":"instock","22":"purchasable","23":"product-type-variable"},"_links":{"self":[{"href":"https:\/\/nextsnkr.com\/no\/wp-json\/wp\/v2\/product\/736504","targetHints":{"allow":["GET"]}}],"collection":[{"href":"https:\/\/nextsnkr.com\/no\/wp-json\/wp\/v2\/product"}],"about":[{"href":"https:\/\/nextsnkr.com\/no\/wp-json\/wp\/v2\/types\/product"}],"replies":[{"embeddable":true,"href":"https:\/\/nextsnkr.com\/no\/wp-json\/wp\/v2\/comments?post=736504"}],"version-history":[{"count":0,"href":"https:\/\/nextsnkr.com\/no\/wp-json\/wp\/v2\/product\/736504\/revisions"}],"wp:featuredmedia":[{"embeddable":true,"href":"https:\/\/nextsnkr.com\/no\/wp-json\/wp\/v2\/media\/736505"}],"wp:attachment":[{"href":"https:\/\/nextsnkr.com\/no\/wp-json\/wp\/v2\/media?parent=736504"}],"wp:term":[{"taxonomy":"product_brand","embeddable":true,"href":"https:\/\/nextsnkr.com\/no\/wp-json\/wp\/v2\/product_brand?post=736504"},{"taxonomy":"product_cat","embeddable":true,"href":"https:\/\/nextsnkr.com\/no\/wp-json\/wp\/v2\/product_cat?post=736504"},{"taxonomy":"product_tag","embeddable":true,"href":"https:\/\/nextsnkr.com\/no\/wp-json\/wp\/v2\/product_tag?post=736504"}],"curies":[{"name":"wp","href":"https:\/\/api.w.org\/{rel}","templated":true}]}}