{"id":735958,"date":"2025-06-14T16:46:27","date_gmt":"2025-06-14T13:46:27","guid":{"rendered":"https:\/\/nextsnkr.com\/product\/no-brand-white-art-011\/"},"modified":"2026-02-01T14:15:01","modified_gmt":"2026-02-01T11:15:01","slug":"no-brand-white-art-011","status":"publish","type":"product","link":"https:\/\/nextsnkr.com\/no\/produkt\/no-brand-white-art-011\/","title":{"rendered":"Boots No Brand Hvit Art 011-klassiske st\u00f8vletter til dame"},"content":{"rendered":"<h2>Boots No Brand Hvit Art 011-klassiske st\u00f8vletter til dame<\/h2>\n<p>&nbsp;<\/p>\n<p>No Brand White Art 011-elegante damest\u00f8vler laget av ekte l\u00e6r av h\u00f8y kvalitet, som gir styrke, holdbarhet og komfort under daglig bruk. Klassisk hvit farge gir friskhet og allsidighet til utseendet, lett kombinert med enhver stil av kl\u00e6r. Laget I Vietnam, st\u00f8vlene har en gjennomtenkt passform, en stabil s\u00e5le og et moderne design. Et ideelt valg for byen, turg\u00e5ing og den kalde \u00e5rstiden.<\/p>\n","protected":false},"excerpt":{"rendered":"<p>No Brand White Art 011-elegante damest\u00f8vler laget av ekte l\u00e6r av h\u00f8y kvalitet, som gir styrke, holdbarhet og komfort under daglig bruk. Klassisk hvit farge gir friskhet og allsidighet til utseendet, lett kombinert med enhver stil av kl\u00e6r. Laget I Vietnam, st\u00f8vlene har en gjennomtenkt passform, en stabil s\u00e5le og et moderne design. Et ideelt valg for byen, turg\u00e5ing og den kalde \u00e5rstiden.<\/p>\n","protected":false},"featured_media":735959,"comment_status":"open","ping_status":"open","template":"","meta":[],"product_brand":[],"product_cat":[3277,3337],"product_tag":[],"class_list":{"0":"post-735958","1":"product","2":"type-product","3":"status-publish","4":"has-post-thumbnail","6":"product_cat-all-product","7":"product_cat-cherevyky","8":"pa_rozmir-910","9":"pa_rozmir-912","10":"pa_rozmir-914","11":"pa_rozmir-915","12":"pa_rozmir-916","13":"pa_rozmir-917","14":"pa_rozmir-918","15":"pa_rozmir-919","16":"pa_rozmir-920","17":"pa_rozmir-921","18":"pa_rozmir-922","20":"first","21":"onbackorder","22":"purchasable","23":"product-type-variable"},"_links":{"self":[{"href":"https:\/\/nextsnkr.com\/no\/wp-json\/wp\/v2\/product\/735958","targetHints":{"allow":["GET"]}}],"collection":[{"href":"https:\/\/nextsnkr.com\/no\/wp-json\/wp\/v2\/product"}],"about":[{"href":"https:\/\/nextsnkr.com\/no\/wp-json\/wp\/v2\/types\/product"}],"replies":[{"embeddable":true,"href":"https:\/\/nextsnkr.com\/no\/wp-json\/wp\/v2\/comments?post=735958"}],"version-history":[{"count":0,"href":"https:\/\/nextsnkr.com\/no\/wp-json\/wp\/v2\/product\/735958\/revisions"}],"wp:featuredmedia":[{"embeddable":true,"href":"https:\/\/nextsnkr.com\/no\/wp-json\/wp\/v2\/media\/735959"}],"wp:attachment":[{"href":"https:\/\/nextsnkr.com\/no\/wp-json\/wp\/v2\/media?parent=735958"}],"wp:term":[{"taxonomy":"product_brand","embeddable":true,"href":"https:\/\/nextsnkr.com\/no\/wp-json\/wp\/v2\/product_brand?post=735958"},{"taxonomy":"product_cat","embeddable":true,"href":"https:\/\/nextsnkr.com\/no\/wp-json\/wp\/v2\/product_cat?post=735958"},{"taxonomy":"product_tag","embeddable":true,"href":"https:\/\/nextsnkr.com\/no\/wp-json\/wp\/v2\/product_tag?post=735958"}],"curies":[{"name":"wp","href":"https:\/\/api.w.org\/{rel}","templated":true}]}}