{"id":735416,"date":"2025-06-14T16:48:10","date_gmt":"2025-06-14T13:48:10","guid":{"rendered":"https:\/\/nextsnkr.com\/product\/no-brand-yellow-art-025\/"},"modified":"2026-02-01T14:14:47","modified_gmt":"2026-02-01T11:14:47","slug":"no-brand-yellow-art-025","status":"publish","type":"product","link":"https:\/\/nextsnkr.com\/no\/produkt\/no-brand-yellow-art-025\/","title":{"rendered":"Ingen Merke Gule t\u00f8fler-lette gule skumt\u00f8fler"},"content":{"rendered":"<h2>Ingen Merke Gule t\u00f8fler-lette gule skumt\u00f8fler<\/h2>\n<p>&nbsp;<\/p>\n<p>Ingen Merke Gule t\u00f8fler, art. 025-komfortable og lette t\u00f8fler laget av mykt skum. De gir komfort og varme til f\u00f8ttene, ideelt for daglig bruk hjemme. Den lyse gule fargen gir en munter aksent til interi\u00f8ret og l\u00f8fter stemningen. Den lette s\u00e5len garanterer komfort mens du g\u00e5r, og design av h\u00f8y kvalitet fra produsenten fra Kina sikrer holdbarhet. Velg Ingen Merke Gul for kos og komfort hver dag.<\/p>\n","protected":false},"excerpt":{"rendered":"<p>Ingen Merke Gule t\u00f8fler, art. 025-komfortable og lette t\u00f8fler laget av mykt skum. De gir komfort og varme til f\u00f8ttene, ideelt for daglig bruk hjemme. Den lyse gule fargen gir en munter aksent til interi\u00f8ret og l\u00f8fter stemningen. Den lette s\u00e5len garanterer komfort mens du g\u00e5r, og design av h\u00f8y kvalitet fra produsenten fra Kina sikrer holdbarhet. Velg Ingen Merke Gul for kos og komfort hver dag.<\/p>\n","protected":false},"featured_media":735417,"comment_status":"open","ping_status":"open","template":"","meta":[],"product_brand":[],"product_cat":[3277,3426],"product_tag":[],"class_list":{"0":"post-735416","1":"product","2":"type-product","3":"status-publish","4":"has-post-thumbnail","6":"product_cat-all-product","7":"product_cat-shlopantsi","8":"pa_rozmir-910","9":"pa_rozmir-912","10":"pa_rozmir-914","11":"pa_rozmir-915","12":"pa_rozmir-916","13":"pa_rozmir-917","14":"pa_rozmir-918","15":"pa_rozmir-919","16":"pa_rozmir-920","17":"pa_rozmir-921","18":"pa_rozmir-922","20":"first","21":"instock","22":"purchasable","23":"product-type-variable"},"_links":{"self":[{"href":"https:\/\/nextsnkr.com\/no\/wp-json\/wp\/v2\/product\/735416","targetHints":{"allow":["GET"]}}],"collection":[{"href":"https:\/\/nextsnkr.com\/no\/wp-json\/wp\/v2\/product"}],"about":[{"href":"https:\/\/nextsnkr.com\/no\/wp-json\/wp\/v2\/types\/product"}],"replies":[{"embeddable":true,"href":"https:\/\/nextsnkr.com\/no\/wp-json\/wp\/v2\/comments?post=735416"}],"version-history":[{"count":0,"href":"https:\/\/nextsnkr.com\/no\/wp-json\/wp\/v2\/product\/735416\/revisions"}],"wp:featuredmedia":[{"embeddable":true,"href":"https:\/\/nextsnkr.com\/no\/wp-json\/wp\/v2\/media\/735417"}],"wp:attachment":[{"href":"https:\/\/nextsnkr.com\/no\/wp-json\/wp\/v2\/media?parent=735416"}],"wp:term":[{"taxonomy":"product_brand","embeddable":true,"href":"https:\/\/nextsnkr.com\/no\/wp-json\/wp\/v2\/product_brand?post=735416"},{"taxonomy":"product_cat","embeddable":true,"href":"https:\/\/nextsnkr.com\/no\/wp-json\/wp\/v2\/product_cat?post=735416"},{"taxonomy":"product_tag","embeddable":true,"href":"https:\/\/nextsnkr.com\/no\/wp-json\/wp\/v2\/product_tag?post=735416"}],"curies":[{"name":"wp","href":"https:\/\/api.w.org\/{rel}","templated":true}]}}