{"id":732361,"date":"2025-06-14T21:03:19","date_gmt":"2025-06-14T18:03:19","guid":{"rendered":"https:\/\/nextsnkr.com\/product\/nike-air-jordan-1-retro-high-black-white-pink\/"},"modified":"2026-02-01T14:13:16","modified_gmt":"2026-02-01T11:13:16","slug":"nike-air-jordan-1-retro-high-black-white-pink","status":"publish","type":"product","link":"https:\/\/nextsnkr.com\/no\/produkt\/nike-air-jordan-1-retro-high-black-white-pink\/","title":{"rendered":"Nike Air Jordan 1 Retro High Sko Svart\/Hvit \/ Rosa L\u00e6r"},"content":{"rendered":"<h2>Nike Air Jordan 1 Retro High Sko Svart\/Hvit \/ Rosa L\u00e6r<\/h2>\n<p>&nbsp;<\/p>\n<p>De stilige Nike Air Jordan 1 Retro High Black\/White \/ Pink joggeskoene er laget av l\u00e6r av h\u00f8y kvalitet, som gir komfort, holdbarhet og p\u00e5litelig fotst\u00f8tte. Modellen har en klassisk h\u00f8y silhuett og kontrasterende svart, hvit og rosa design, som kombinerer den legendariske Air Jordan-stilen med moderne trender. Disse joggeskoene er laget I Vietnam og er ideelle for hverdagsbruk, aktivt byliv og de som setter pris p\u00e5 f\u00f8rsteklasses kvalitet og uttrykksfullt fasjonabelt utseende.<\/p>\n","protected":false},"excerpt":{"rendered":"<p>De stilige Nike Air Jordan 1 Retro High Black\/White \/ Pink joggeskoene er laget av l\u00e6r av h\u00f8y kvalitet, som gir komfort, holdbarhet og p\u00e5litelig fotst\u00f8tte. Modellen har en klassisk h\u00f8y silhuett og kontrasterende svart, hvit og rosa design, som kombinerer den legendariske Air Jordan-stilen med moderne trender. Disse joggeskoene er laget I Vietnam og er ideelle for hverdagsbruk, aktivt byliv og de som setter pris p\u00e5 f\u00f8rsteklasses kvalitet og uttrykksfullt fasjonabelt utseende.<\/p>\n","protected":false},"featured_media":732362,"comment_status":"open","ping_status":"open","template":"","meta":[],"product_brand":[],"product_cat":[3389,3277,3324],"product_tag":[],"class_list":{"0":"post-732361","1":"product","2":"type-product","3":"status-publish","4":"has-post-thumbnail","6":"product_cat-nike-jordan","7":"product_cat-all-product","8":"product_cat-kedy","9":"pa_rozmir-910","10":"pa_rozmir-912","11":"pa_rozmir-914","12":"pa_rozmir-915","13":"pa_rozmir-916","14":"pa_rozmir-917","15":"pa_rozmir-918","16":"pa_rozmir-919","17":"pa_rozmir-920","18":"pa_rozmir-921","19":"pa_rozmir-922","21":"first","22":"instock","23":"purchasable","24":"product-type-variable"},"_links":{"self":[{"href":"https:\/\/nextsnkr.com\/no\/wp-json\/wp\/v2\/product\/732361","targetHints":{"allow":["GET"]}}],"collection":[{"href":"https:\/\/nextsnkr.com\/no\/wp-json\/wp\/v2\/product"}],"about":[{"href":"https:\/\/nextsnkr.com\/no\/wp-json\/wp\/v2\/types\/product"}],"replies":[{"embeddable":true,"href":"https:\/\/nextsnkr.com\/no\/wp-json\/wp\/v2\/comments?post=732361"}],"version-history":[{"count":0,"href":"https:\/\/nextsnkr.com\/no\/wp-json\/wp\/v2\/product\/732361\/revisions"}],"wp:featuredmedia":[{"embeddable":true,"href":"https:\/\/nextsnkr.com\/no\/wp-json\/wp\/v2\/media\/732362"}],"wp:attachment":[{"href":"https:\/\/nextsnkr.com\/no\/wp-json\/wp\/v2\/media?parent=732361"}],"wp:term":[{"taxonomy":"product_brand","embeddable":true,"href":"https:\/\/nextsnkr.com\/no\/wp-json\/wp\/v2\/product_brand?post=732361"},{"taxonomy":"product_cat","embeddable":true,"href":"https:\/\/nextsnkr.com\/no\/wp-json\/wp\/v2\/product_cat?post=732361"},{"taxonomy":"product_tag","embeddable":true,"href":"https:\/\/nextsnkr.com\/no\/wp-json\/wp\/v2\/product_tag?post=732361"}],"curies":[{"name":"wp","href":"https:\/\/api.w.org\/{rel}","templated":true}]}}