{"id":731178,"date":"2025-06-14T21:09:03","date_gmt":"2025-06-14T18:09:03","guid":{"rendered":"https:\/\/nextsnkr.com\/product\/yeezy-350-full-black\/"},"modified":"2026-02-01T14:12:45","modified_gmt":"2026-02-01T11:12:45","slug":"yeezy-350-full-black","status":"publish","type":"product","link":"https:\/\/nextsnkr.com\/no\/produkt\/yeezy-350-full-black\/","title":{"rendered":"Yeezy 350 Full Svart tekstil og mesh sneakers-stil og komfort"},"content":{"rendered":"<h2>Yeezy 350 Full Svart tekstil og mesh sneakers-stil og komfort<\/h2>\n<p>&nbsp;<\/p>\n<p>Yeezy 350 Full Black er en moderne tekstil-og mesh-l\u00f8pesko som kombinerer letthet, komfort og utmerket ventilasjon. Den helt svarte designen gj\u00f8r modellen allsidig og enkel \u00e5 kombinere med ethvert antrekk. Den lette st\u00f8tdempende s\u00e5len gir komfort under daglig bruk, og materialer av f\u00f8rsteklasses kvalitet garanterer holdbarhet. Disse Yeezy-joggeskoene er laget I Vietnam og er et stilig og praktisk valg for et aktivt byliv.<\/p>\n","protected":false},"excerpt":{"rendered":"<p>Yeezy 350 Full Black er en moderne tekstil-og mesh-l\u00f8pesko som kombinerer letthet, komfort og utmerket ventilasjon. Den helt svarte designen gj\u00f8r modellen allsidig og enkel \u00e5 kombinere med ethvert antrekk. Den lette st\u00f8tdempende s\u00e5len gir komfort under daglig bruk, og materialer av f\u00f8rsteklasses kvalitet garanterer holdbarhet. Disse Yeezy-joggeskoene er laget I Vietnam og er et stilig og praktisk valg for et aktivt byliv.<\/p>\n","protected":false},"featured_media":731179,"comment_status":"open","ping_status":"open","template":"","meta":[],"product_brand":[],"product_cat":[3402,3277,3278],"product_tag":[],"class_list":{"0":"post-731178","1":"product","2":"type-product","3":"status-publish","4":"has-post-thumbnail","6":"product_cat-adidas-yeezy","7":"product_cat-all-product","8":"product_cat-krosivky","9":"pa_rozmir-910","10":"pa_rozmir-912","11":"pa_rozmir-914","12":"pa_rozmir-915","13":"pa_rozmir-916","14":"pa_rozmir-917","15":"pa_rozmir-918","16":"pa_rozmir-919","17":"pa_rozmir-920","18":"pa_rozmir-921","19":"pa_rozmir-922","21":"first","22":"instock","23":"purchasable","24":"product-type-variable"},"_links":{"self":[{"href":"https:\/\/nextsnkr.com\/no\/wp-json\/wp\/v2\/product\/731178","targetHints":{"allow":["GET"]}}],"collection":[{"href":"https:\/\/nextsnkr.com\/no\/wp-json\/wp\/v2\/product"}],"about":[{"href":"https:\/\/nextsnkr.com\/no\/wp-json\/wp\/v2\/types\/product"}],"replies":[{"embeddable":true,"href":"https:\/\/nextsnkr.com\/no\/wp-json\/wp\/v2\/comments?post=731178"}],"version-history":[{"count":0,"href":"https:\/\/nextsnkr.com\/no\/wp-json\/wp\/v2\/product\/731178\/revisions"}],"wp:featuredmedia":[{"embeddable":true,"href":"https:\/\/nextsnkr.com\/no\/wp-json\/wp\/v2\/media\/731179"}],"wp:attachment":[{"href":"https:\/\/nextsnkr.com\/no\/wp-json\/wp\/v2\/media?parent=731178"}],"wp:term":[{"taxonomy":"product_brand","embeddable":true,"href":"https:\/\/nextsnkr.com\/no\/wp-json\/wp\/v2\/product_brand?post=731178"},{"taxonomy":"product_cat","embeddable":true,"href":"https:\/\/nextsnkr.com\/no\/wp-json\/wp\/v2\/product_cat?post=731178"},{"taxonomy":"product_tag","embeddable":true,"href":"https:\/\/nextsnkr.com\/no\/wp-json\/wp\/v2\/product_tag?post=731178"}],"curies":[{"name":"wp","href":"https:\/\/api.w.org\/{rel}","templated":true}]}}