{"id":730671,"date":"2025-06-14T21:11:25","date_gmt":"2025-06-14T18:11:25","guid":{"rendered":"https:\/\/nextsnkr.com\/product\/yeezy-350-no-reflective\/"},"modified":"2026-02-01T14:12:20","modified_gmt":"2026-02-01T11:12:20","slug":"yeezy-350-no-reflective","status":"publish","type":"product","link":"https:\/\/nextsnkr.com\/no\/produkt\/yeezy-350-no-reflective\/","title":{"rendered":"Yeezy 350 No Reflective sneakers-stilig tekstil menns joggesko"},"content":{"rendered":"<h2>Yeezy 350 No Reflective sneakers-stilig tekstil menns joggesko<\/h2>\n<p>&nbsp;<\/p>\n<p>Yeezy 350 No Reflective sneakers er laget av lett tekstil og mesh, som gir ventilasjon, komfort og fleksibilitet mens du har p\u00e5 deg. Den moderne designen gj\u00f8r modellen til en merkbar aksent for ethvert utseende, og den slitesterke s\u00e5len garanterer p\u00e5litelig demping og trinnstabilitet. Laget I Vietnam, Kombinerer Yeezy 350 joggesko stil, praktisk og holdbarhet, ideell for aktivt byliv og hverdagsbruk.<\/p>\n","protected":false},"excerpt":{"rendered":"<p>Yeezy 350 No Reflective sneakers er laget av lett tekstil og mesh, som gir ventilasjon, komfort og fleksibilitet mens du har p\u00e5 deg. Den moderne designen gj\u00f8r modellen til en merkbar aksent for ethvert utseende, og den slitesterke s\u00e5len garanterer p\u00e5litelig demping og trinnstabilitet. Laget I Vietnam, Kombinerer Yeezy 350 joggesko stil, praktisk og holdbarhet, ideell for aktivt byliv og hverdagsbruk.<\/p>\n","protected":false},"featured_media":730672,"comment_status":"open","ping_status":"open","template":"","meta":[],"product_brand":[],"product_cat":[3402,3277,3278],"product_tag":[],"class_list":{"0":"post-730671","1":"product","2":"type-product","3":"status-publish","4":"has-post-thumbnail","6":"product_cat-adidas-yeezy","7":"product_cat-all-product","8":"product_cat-krosivky","9":"pa_rozmir-910","10":"pa_rozmir-912","11":"pa_rozmir-914","12":"pa_rozmir-915","13":"pa_rozmir-916","14":"pa_rozmir-917","15":"pa_rozmir-918","16":"pa_rozmir-919","17":"pa_rozmir-920","18":"pa_rozmir-921","19":"pa_rozmir-922","21":"first","22":"onbackorder","23":"purchasable","24":"product-type-variable"},"_links":{"self":[{"href":"https:\/\/nextsnkr.com\/no\/wp-json\/wp\/v2\/product\/730671","targetHints":{"allow":["GET"]}}],"collection":[{"href":"https:\/\/nextsnkr.com\/no\/wp-json\/wp\/v2\/product"}],"about":[{"href":"https:\/\/nextsnkr.com\/no\/wp-json\/wp\/v2\/types\/product"}],"replies":[{"embeddable":true,"href":"https:\/\/nextsnkr.com\/no\/wp-json\/wp\/v2\/comments?post=730671"}],"version-history":[{"count":0,"href":"https:\/\/nextsnkr.com\/no\/wp-json\/wp\/v2\/product\/730671\/revisions"}],"wp:featuredmedia":[{"embeddable":true,"href":"https:\/\/nextsnkr.com\/no\/wp-json\/wp\/v2\/media\/730672"}],"wp:attachment":[{"href":"https:\/\/nextsnkr.com\/no\/wp-json\/wp\/v2\/media?parent=730671"}],"wp:term":[{"taxonomy":"product_brand","embeddable":true,"href":"https:\/\/nextsnkr.com\/no\/wp-json\/wp\/v2\/product_brand?post=730671"},{"taxonomy":"product_cat","embeddable":true,"href":"https:\/\/nextsnkr.com\/no\/wp-json\/wp\/v2\/product_cat?post=730671"},{"taxonomy":"product_tag","embeddable":true,"href":"https:\/\/nextsnkr.com\/no\/wp-json\/wp\/v2\/product_tag?post=730671"}],"curies":[{"name":"wp","href":"https:\/\/api.w.org\/{rel}","templated":true}]}}