{"id":729995,"date":"2025-06-14T21:13:49","date_gmt":"2025-06-14T18:13:49","guid":{"rendered":"https:\/\/nextsnkr.com\/product\/yeezy-350-v2-salt\/"},"modified":"2026-02-01T14:11:59","modified_gmt":"2026-02-01T11:11:59","slug":"yeezy-350-v2-salt","status":"publish","type":"product","link":"https:\/\/nextsnkr.com\/no\/produkt\/yeezy-350-v2-salt\/","title":{"rendered":"Yeezy 350 V2 Salt sneakers-mesh, stilig og lett"},"content":{"rendered":"<h2>Yeezy 350 V2 Salt sneakers-mesh, stilig og lett<\/h2>\n<p>&nbsp;<\/p>\n<p>Yeezy 350 V2 Salt joggesko er en lett og behagelig pustende mesh-modell designet for daglig bruk og en aktiv livsstil. Den stilige lysegr\u00e5 skyggen gj\u00f8r dem allsidige og enkle \u00e5 matche med hvilken som helst garderobe. Kinesisk produksjon av h\u00f8y kvalitet garanterer holdbarhet og behagelig passform. Velg Yeezy 350 V2 Salt for et moderne utseende, komfort og selvtillit i hvert trinn.<\/p>\n","protected":false},"excerpt":{"rendered":"<p>Yeezy 350 V2 Salt joggesko er en lett og behagelig pustende mesh-modell designet for daglig bruk og en aktiv livsstil. Den stilige lysegr\u00e5 skyggen gj\u00f8r dem allsidige og enkle \u00e5 matche med hvilken som helst garderobe. Kinesisk produksjon av h\u00f8y kvalitet garanterer holdbarhet og behagelig passform. Velg Yeezy 350 V2 Salt for et moderne utseende, komfort og selvtillit i hvert trinn.<\/p>\n","protected":false},"featured_media":729996,"comment_status":"open","ping_status":"open","template":"","meta":[],"product_brand":[],"product_cat":[3402,3277,3278],"product_tag":[],"class_list":{"0":"post-729995","1":"product","2":"type-product","3":"status-publish","4":"has-post-thumbnail","6":"product_cat-adidas-yeezy","7":"product_cat-all-product","8":"product_cat-krosivky","9":"pa_rozmir-910","10":"pa_rozmir-912","11":"pa_rozmir-914","12":"pa_rozmir-915","13":"pa_rozmir-916","14":"pa_rozmir-917","15":"pa_rozmir-918","16":"pa_rozmir-919","17":"pa_rozmir-920","18":"pa_rozmir-921","19":"pa_rozmir-922","21":"first","22":"onbackorder","23":"purchasable","24":"product-type-variable"},"_links":{"self":[{"href":"https:\/\/nextsnkr.com\/no\/wp-json\/wp\/v2\/product\/729995","targetHints":{"allow":["GET"]}}],"collection":[{"href":"https:\/\/nextsnkr.com\/no\/wp-json\/wp\/v2\/product"}],"about":[{"href":"https:\/\/nextsnkr.com\/no\/wp-json\/wp\/v2\/types\/product"}],"replies":[{"embeddable":true,"href":"https:\/\/nextsnkr.com\/no\/wp-json\/wp\/v2\/comments?post=729995"}],"version-history":[{"count":0,"href":"https:\/\/nextsnkr.com\/no\/wp-json\/wp\/v2\/product\/729995\/revisions"}],"wp:featuredmedia":[{"embeddable":true,"href":"https:\/\/nextsnkr.com\/no\/wp-json\/wp\/v2\/media\/729996"}],"wp:attachment":[{"href":"https:\/\/nextsnkr.com\/no\/wp-json\/wp\/v2\/media?parent=729995"}],"wp:term":[{"taxonomy":"product_brand","embeddable":true,"href":"https:\/\/nextsnkr.com\/no\/wp-json\/wp\/v2\/product_brand?post=729995"},{"taxonomy":"product_cat","embeddable":true,"href":"https:\/\/nextsnkr.com\/no\/wp-json\/wp\/v2\/product_cat?post=729995"},{"taxonomy":"product_tag","embeddable":true,"href":"https:\/\/nextsnkr.com\/no\/wp-json\/wp\/v2\/product_tag?post=729995"}],"curies":[{"name":"wp","href":"https:\/\/api.w.org\/{rel}","templated":true}]}}