{"id":729826,"date":"2025-06-14T21:14:37","date_gmt":"2025-06-14T18:14:37","guid":{"rendered":"https:\/\/nextsnkr.com\/product\/black-ref-shnurky-premium\/"},"modified":"2026-02-01T14:11:55","modified_gmt":"2026-02-01T11:11:55","slug":"black-ref-shnurky-premium","status":"publish","type":"product","link":"https:\/\/nextsnkr.com\/no\/produkt\/black-ref-shnurky-premium\/","title":{"rendered":"Svart Premium sneakers-herretekstil med netting og lisser*"},"content":{"rendered":"<h2>Svart Premium sneakers-herretekstil med netting og lisser*<\/h2>\n<p>&nbsp;<\/p>\n<p>Svarte Joggesko * Premium kombinerer stilig design og komfort takket v\u00e6re lette tekstiler og meshinnsatser for ventilasjon. Modellen er praktisk for daglig bruk, utend\u00f8rsaktiviteter og sportsvandringer. De originale sn\u00f8rene sikrer et sikkert fothold, og den slitesterke s\u00e5len garanterer stabilitet og demping. Laget I Vietnam, disse joggeskoene er av h\u00f8y kvalitet og holdbar. Velg Black * Premium for en kombinasjon av praktisk, stil og komfort.<\/p>\n","protected":false},"excerpt":{"rendered":"<p>Svarte Joggesko * Premium kombinerer stilig design og komfort takket v\u00e6re lette tekstiler og meshinnsatser for ventilasjon. Modellen er praktisk for daglig bruk, utend\u00f8rsaktiviteter og sportsvandringer. De originale sn\u00f8rene sikrer et sikkert fothold, og den slitesterke s\u00e5len garanterer stabilitet og demping. Laget I Vietnam, disse joggeskoene er av h\u00f8y kvalitet og holdbar. Velg Black * Premium for en kombinasjon av praktisk, stil og komfort.<\/p>\n","protected":false},"featured_media":729827,"comment_status":"open","ping_status":"open","template":"","meta":[],"product_brand":[],"product_cat":[3277,3278],"product_tag":[],"class_list":{"0":"post-729826","1":"product","2":"type-product","3":"status-publish","4":"has-post-thumbnail","6":"product_cat-all-product","7":"product_cat-krosivky","8":"pa_rozmir-910","9":"pa_rozmir-912","10":"pa_rozmir-914","11":"pa_rozmir-915","12":"pa_rozmir-916","13":"pa_rozmir-917","14":"pa_rozmir-918","15":"pa_rozmir-919","16":"pa_rozmir-920","17":"pa_rozmir-921","18":"pa_rozmir-922","20":"first","21":"onbackorder","22":"purchasable","23":"product-type-variable"},"_links":{"self":[{"href":"https:\/\/nextsnkr.com\/no\/wp-json\/wp\/v2\/product\/729826","targetHints":{"allow":["GET"]}}],"collection":[{"href":"https:\/\/nextsnkr.com\/no\/wp-json\/wp\/v2\/product"}],"about":[{"href":"https:\/\/nextsnkr.com\/no\/wp-json\/wp\/v2\/types\/product"}],"replies":[{"embeddable":true,"href":"https:\/\/nextsnkr.com\/no\/wp-json\/wp\/v2\/comments?post=729826"}],"version-history":[{"count":0,"href":"https:\/\/nextsnkr.com\/no\/wp-json\/wp\/v2\/product\/729826\/revisions"}],"wp:featuredmedia":[{"embeddable":true,"href":"https:\/\/nextsnkr.com\/no\/wp-json\/wp\/v2\/media\/729827"}],"wp:attachment":[{"href":"https:\/\/nextsnkr.com\/no\/wp-json\/wp\/v2\/media?parent=729826"}],"wp:term":[{"taxonomy":"product_brand","embeddable":true,"href":"https:\/\/nextsnkr.com\/no\/wp-json\/wp\/v2\/product_brand?post=729826"},{"taxonomy":"product_cat","embeddable":true,"href":"https:\/\/nextsnkr.com\/no\/wp-json\/wp\/v2\/product_cat?post=729826"},{"taxonomy":"product_tag","embeddable":true,"href":"https:\/\/nextsnkr.com\/no\/wp-json\/wp\/v2\/product_tag?post=729826"}],"curies":[{"name":"wp","href":"https:\/\/api.w.org\/{rel}","templated":true}]}}