{"id":727797,"date":"2025-06-14T16:53:39","date_gmt":"2025-06-14T13:53:39","guid":{"rendered":"https:\/\/nextsnkr.com\/product\/yeezy-boost-350-static-reflective\/"},"modified":"2026-02-01T14:10:59","modified_gmt":"2026-02-01T11:10:59","slug":"yeezy-boost-350-static-reflective","status":"publish","type":"product","link":"https:\/\/nextsnkr.com\/no\/produkt\/yeezy-boost-350-static-reflective\/","title":{"rendered":"YEEZY BOOST 350 Statiske Reflekterende joggesko-tekstil med reflekterende"},"content":{"rendered":"<h2>YEEZY BOOST 350 Statiske Reflekterende joggesko-tekstil med reflekterende<\/h2>\n<p>&nbsp;<\/p>\n<p>YEEZY BOOST 350 Statiske Reflekterende joggesko kombinerer stil, komfort og innovative materialer. Tekstiloverdelen med reflekterende elementer gir synlighet i m\u00f8rket og et moderne utseende, mens den lette s\u00e5len garanterer demping og komfort mens du g\u00e5r. Ideell for et aktivt byliv og en sporty stil. Produsenten er Vietnam. Velg Yeezy BOOST 350 Statisk Reflekterende For en kombinasjon av trendy design, komfort og h\u00f8y kvalitet.<\/p>\n","protected":false},"excerpt":{"rendered":"<p>YEEZY BOOST 350 Statiske Reflekterende joggesko kombinerer stil, komfort og innovative materialer. Tekstiloverdelen med reflekterende elementer gir synlighet i m\u00f8rket og et moderne utseende, mens den lette s\u00e5len garanterer demping og komfort mens du g\u00e5r. Ideell for et aktivt byliv og en sporty stil. Produsenten er Vietnam. Velg Yeezy BOOST 350 Statisk Reflekterende For en kombinasjon av trendy design, komfort og h\u00f8y kvalitet.<\/p>\n","protected":false},"featured_media":727798,"comment_status":"open","ping_status":"open","template":"","meta":[],"product_brand":[],"product_cat":[3402,3277,3278],"product_tag":[],"class_list":{"0":"post-727797","1":"product","2":"type-product","3":"status-publish","4":"has-post-thumbnail","6":"product_cat-adidas-yeezy","7":"product_cat-all-product","8":"product_cat-krosivky","9":"pa_rozmir-910","10":"pa_rozmir-912","11":"pa_rozmir-914","12":"pa_rozmir-915","13":"pa_rozmir-916","14":"pa_rozmir-917","15":"pa_rozmir-918","16":"pa_rozmir-919","17":"pa_rozmir-920","18":"pa_rozmir-921","19":"pa_rozmir-922","21":"first","22":"onbackorder","23":"purchasable","24":"product-type-variable"},"_links":{"self":[{"href":"https:\/\/nextsnkr.com\/no\/wp-json\/wp\/v2\/product\/727797","targetHints":{"allow":["GET"]}}],"collection":[{"href":"https:\/\/nextsnkr.com\/no\/wp-json\/wp\/v2\/product"}],"about":[{"href":"https:\/\/nextsnkr.com\/no\/wp-json\/wp\/v2\/types\/product"}],"replies":[{"embeddable":true,"href":"https:\/\/nextsnkr.com\/no\/wp-json\/wp\/v2\/comments?post=727797"}],"version-history":[{"count":0,"href":"https:\/\/nextsnkr.com\/no\/wp-json\/wp\/v2\/product\/727797\/revisions"}],"wp:featuredmedia":[{"embeddable":true,"href":"https:\/\/nextsnkr.com\/no\/wp-json\/wp\/v2\/media\/727798"}],"wp:attachment":[{"href":"https:\/\/nextsnkr.com\/no\/wp-json\/wp\/v2\/media?parent=727797"}],"wp:term":[{"taxonomy":"product_brand","embeddable":true,"href":"https:\/\/nextsnkr.com\/no\/wp-json\/wp\/v2\/product_brand?post=727797"},{"taxonomy":"product_cat","embeddable":true,"href":"https:\/\/nextsnkr.com\/no\/wp-json\/wp\/v2\/product_cat?post=727797"},{"taxonomy":"product_tag","embeddable":true,"href":"https:\/\/nextsnkr.com\/no\/wp-json\/wp\/v2\/product_tag?post=727797"}],"curies":[{"name":"wp","href":"https:\/\/api.w.org\/{rel}","templated":true}]}}