{"id":727199,"date":"2025-06-14T16:59:41","date_gmt":"2025-06-14T13:59:41","guid":{"rendered":"https:\/\/nextsnkr.com\/product\/nike-blazer-x-sacai-white-black\/"},"modified":"2026-02-01T14:10:27","modified_gmt":"2026-02-01T11:10:27","slug":"nike-blazer-x-sacai-white-black","status":"publish","type":"product","link":"https:\/\/nextsnkr.com\/no\/produkt\/nike-blazer-x-sacai-white-black\/","title":{"rendered":"NIKE BLAZER x SACAI Hvit \/ Svart joggesko-stilige skinnsko"},"content":{"rendered":"<h2>NIKE BLAZER x SACAI Hvit \/ Svart joggesko-stilige skinnsko<\/h2>\n<p>&nbsp;<\/p>\n<p>NIKE BLAZER x SACAI hvit \/ Svart joggesko kombinerer skinn av h\u00f8y kvalitet og en slitesterk ytters\u00e5le i gummi for komfort og holdbarhet. SACAIS unike design gir volum og moderne stil, noe som gj\u00f8r modellen til en sl\u00e5ende aksent til ethvert utseende. Laget I Vietnam, garanterer joggeskoene en behagelig passform og p\u00e5litelig demping under daglig bruk. Et ideelt valg for byen, sport og en aktiv livsstil.<\/p>\n","protected":false},"excerpt":{"rendered":"<p>NIKE BLAZER x SACAI hvit \/ Svart joggesko kombinerer skinn av h\u00f8y kvalitet og en slitesterk ytters\u00e5le i gummi for komfort og holdbarhet. SACAIS unike design gir volum og moderne stil, noe som gj\u00f8r modellen til en sl\u00e5ende aksent til ethvert utseende. Laget I Vietnam, garanterer joggeskoene en behagelig passform og p\u00e5litelig demping under daglig bruk. Et ideelt valg for byen, sport og en aktiv livsstil.<\/p>\n","protected":false},"featured_media":727202,"comment_status":"open","ping_status":"open","template":"","meta":[],"product_brand":[2399],"product_cat":[3363,3277,3324],"product_tag":[],"class_list":{"0":"post-727199","1":"product","2":"type-product","3":"status-publish","4":"has-post-thumbnail","6":"product_brand-nike-blazer","7":"product_cat-nike-blazer","8":"product_cat-all-product","9":"product_cat-kedy","10":"pa_rozmir-910","11":"pa_rozmir-912","12":"pa_rozmir-914","13":"pa_rozmir-915","14":"pa_rozmir-916","15":"pa_rozmir-917","16":"pa_rozmir-918","17":"pa_rozmir-919","18":"pa_rozmir-920","19":"pa_rozmir-921","20":"pa_rozmir-922","22":"first","23":"instock","24":"purchasable","25":"product-type-variable"},"_links":{"self":[{"href":"https:\/\/nextsnkr.com\/no\/wp-json\/wp\/v2\/product\/727199","targetHints":{"allow":["GET"]}}],"collection":[{"href":"https:\/\/nextsnkr.com\/no\/wp-json\/wp\/v2\/product"}],"about":[{"href":"https:\/\/nextsnkr.com\/no\/wp-json\/wp\/v2\/types\/product"}],"replies":[{"embeddable":true,"href":"https:\/\/nextsnkr.com\/no\/wp-json\/wp\/v2\/comments?post=727199"}],"version-history":[{"count":0,"href":"https:\/\/nextsnkr.com\/no\/wp-json\/wp\/v2\/product\/727199\/revisions"}],"wp:featuredmedia":[{"embeddable":true,"href":"https:\/\/nextsnkr.com\/no\/wp-json\/wp\/v2\/media\/727202"}],"wp:attachment":[{"href":"https:\/\/nextsnkr.com\/no\/wp-json\/wp\/v2\/media?parent=727199"}],"wp:term":[{"taxonomy":"product_brand","embeddable":true,"href":"https:\/\/nextsnkr.com\/no\/wp-json\/wp\/v2\/product_brand?post=727199"},{"taxonomy":"product_cat","embeddable":true,"href":"https:\/\/nextsnkr.com\/no\/wp-json\/wp\/v2\/product_cat?post=727199"},{"taxonomy":"product_tag","embeddable":true,"href":"https:\/\/nextsnkr.com\/no\/wp-json\/wp\/v2\/product_tag?post=727199"}],"curies":[{"name":"wp","href":"https:\/\/api.w.org\/{rel}","templated":true}]}}