{"id":726273,"date":"2025-06-14T17:00:47","date_gmt":"2025-06-14T14:00:47","guid":{"rendered":"https:\/\/nextsnkr.com\/product\/nike-blazer-mid-77-metallic-swoosh-black\/"},"modified":"2026-02-01T14:09:59","modified_gmt":"2026-02-01T11:09:59","slug":"nike-blazer-mid-77-metallic-swoosh-black","status":"publish","type":"product","link":"https:\/\/nextsnkr.com\/no\/produkt\/nike-blazer-mid-77-metallic-swoosh-black\/","title":{"rendered":"Nike Blazer Mid &#8216; 77 Metallic Swoosh Svarte Joggesko-l\u00e6r og semsket skinn"},"content":{"rendered":"<h2>Nike Blazer Mid &#8216; 77 Metallic Swoosh Svarte Joggesko-l\u00e6r og semsket skinn<\/h2>\n<p>&nbsp;<\/p>\n<p>NIKE Blazer Mid &#8216; 77 &laquo;Metallic Swoosh&raquo; svarte joggesko kombinerer klassisk design og moderne stil. Laget av ekte l\u00e6r og ruskind, gir de holdbarhet, komfort og holdbarhet for daglig bruk. Den kontrasterende metalliske Swoosh-logoen gir unikhet og en lys aksent til utseendet. Disse joggeskoene er laget i Kina og er perfekte for urban stil, turg\u00e5ing og aktiv livsstil. NIKE Blazer Mid &#8216; 77 er valget for de som setter pris p\u00e5 det trendy utseendet og p\u00e5liteligheten til merket.<\/p>\n","protected":false},"excerpt":{"rendered":"<p>NIKE Blazer Mid &#8216; 77 &laquo;Metallic Swoosh&raquo; svarte joggesko kombinerer klassisk design og moderne stil. Laget av ekte l\u00e6r og ruskind, gir de holdbarhet, komfort og holdbarhet for daglig bruk. Den kontrasterende metalliske Swoosh-logoen gir unikhet og en lys aksent til utseendet. Disse joggeskoene er laget i Kina og er perfekte for urban stil, turg\u00e5ing og aktiv livsstil. NIKE Blazer Mid &#8216; 77 er valget for de som setter pris p\u00e5 det trendy utseendet og p\u00e5liteligheten til merket.<\/p>\n","protected":false},"featured_media":726274,"comment_status":"open","ping_status":"open","template":"","meta":[],"product_brand":[2399],"product_cat":[3363,3277,3324],"product_tag":[],"class_list":{"0":"post-726273","1":"product","2":"type-product","3":"status-publish","4":"has-post-thumbnail","6":"product_brand-nike-blazer","7":"product_cat-nike-blazer","8":"product_cat-all-product","9":"product_cat-kedy","10":"pa_rozmir-910","11":"pa_rozmir-912","12":"pa_rozmir-914","13":"pa_rozmir-915","14":"pa_rozmir-916","15":"pa_rozmir-917","16":"pa_rozmir-918","17":"pa_rozmir-919","18":"pa_rozmir-920","19":"pa_rozmir-921","20":"pa_rozmir-922","22":"first","23":"instock","24":"purchasable","25":"product-type-variable"},"_links":{"self":[{"href":"https:\/\/nextsnkr.com\/no\/wp-json\/wp\/v2\/product\/726273","targetHints":{"allow":["GET"]}}],"collection":[{"href":"https:\/\/nextsnkr.com\/no\/wp-json\/wp\/v2\/product"}],"about":[{"href":"https:\/\/nextsnkr.com\/no\/wp-json\/wp\/v2\/types\/product"}],"replies":[{"embeddable":true,"href":"https:\/\/nextsnkr.com\/no\/wp-json\/wp\/v2\/comments?post=726273"}],"version-history":[{"count":0,"href":"https:\/\/nextsnkr.com\/no\/wp-json\/wp\/v2\/product\/726273\/revisions"}],"wp:featuredmedia":[{"embeddable":true,"href":"https:\/\/nextsnkr.com\/no\/wp-json\/wp\/v2\/media\/726274"}],"wp:attachment":[{"href":"https:\/\/nextsnkr.com\/no\/wp-json\/wp\/v2\/media?parent=726273"}],"wp:term":[{"taxonomy":"product_brand","embeddable":true,"href":"https:\/\/nextsnkr.com\/no\/wp-json\/wp\/v2\/product_brand?post=726273"},{"taxonomy":"product_cat","embeddable":true,"href":"https:\/\/nextsnkr.com\/no\/wp-json\/wp\/v2\/product_cat?post=726273"},{"taxonomy":"product_tag","embeddable":true,"href":"https:\/\/nextsnkr.com\/no\/wp-json\/wp\/v2\/product_tag?post=726273"}],"curies":[{"name":"wp","href":"https:\/\/api.w.org\/{rel}","templated":true}]}}