{"id":725427,"date":"2025-06-16T20:48:08","date_gmt":"2025-06-16T17:48:08","guid":{"rendered":"https:\/\/nextsnkr.com\/product\/new-balance-530-silver-orange\/"},"modified":"2026-02-01T14:09:35","modified_gmt":"2026-02-01T11:09:35","slug":"new-balance-530-silver-orange","status":"publish","type":"product","link":"https:\/\/nextsnkr.com\/no\/produkt\/new-balance-530-silver-orange\/","title":{"rendered":"New Balance 530 Silver-Orange sneakers-kvinner tekstil og l\u00e6r sneakers"},"content":{"rendered":"<h2>New Balance 530 Silver-Orange sneakers-kvinner tekstil og l\u00e6r sneakers<\/h2>\n<p>&nbsp;<\/p>\n<p>De stilige new Balance 530 S\u00f8lv\/Oransje joggeskoene kombinerer lettheten i tekstilnett og styrken i l\u00e6r for maksimal komfort i l\u00f8pet av en aktiv dag. Den st\u00f8tdempende s\u00e5len gir mykhet og stabilitet, og den lyse kombinasjonen av s\u00f8lv og oransje gir dynamikk og personlighet til utseendet. Et ideelt valg for urban stil, sport eller fritidskl\u00e6r, n\u00e5r bekvemmelighet, kvalitet og stil P\u00e5 New Balance-merket er viktig.<\/p>\n","protected":false},"excerpt":{"rendered":"<p>De stilige new Balance 530 S\u00f8lv\/Oransje joggeskoene kombinerer lettheten i tekstilnett og styrken i l\u00e6r for maksimal komfort i l\u00f8pet av en aktiv dag. Den st\u00f8tdempende s\u00e5len gir mykhet og stabilitet, og den lyse kombinasjonen av s\u00f8lv og oransje gir dynamikk og personlighet til utseendet. Et ideelt valg for urban stil, sport eller fritidskl\u00e6r, n\u00e5r bekvemmelighet, kvalitet og stil P\u00e5 New Balance-merket er viktig.<\/p>\n","protected":false},"featured_media":725428,"comment_status":"open","ping_status":"open","template":"","meta":[],"product_brand":[],"product_cat":[3277,3278],"product_tag":[],"class_list":{"0":"post-725427","1":"product","2":"type-product","3":"status-publish","4":"has-post-thumbnail","6":"product_cat-all-product","7":"product_cat-krosivky","8":"pa_rozmir-910","9":"pa_rozmir-912","10":"pa_rozmir-914","11":"pa_rozmir-915","12":"pa_rozmir-916","13":"pa_rozmir-917","14":"pa_rozmir-918","15":"pa_rozmir-919","16":"pa_rozmir-920","17":"pa_rozmir-921","18":"pa_rozmir-922","20":"first","21":"onbackorder","22":"purchasable","23":"product-type-variable"},"_links":{"self":[{"href":"https:\/\/nextsnkr.com\/no\/wp-json\/wp\/v2\/product\/725427","targetHints":{"allow":["GET"]}}],"collection":[{"href":"https:\/\/nextsnkr.com\/no\/wp-json\/wp\/v2\/product"}],"about":[{"href":"https:\/\/nextsnkr.com\/no\/wp-json\/wp\/v2\/types\/product"}],"replies":[{"embeddable":true,"href":"https:\/\/nextsnkr.com\/no\/wp-json\/wp\/v2\/comments?post=725427"}],"version-history":[{"count":0,"href":"https:\/\/nextsnkr.com\/no\/wp-json\/wp\/v2\/product\/725427\/revisions"}],"wp:featuredmedia":[{"embeddable":true,"href":"https:\/\/nextsnkr.com\/no\/wp-json\/wp\/v2\/media\/725428"}],"wp:attachment":[{"href":"https:\/\/nextsnkr.com\/no\/wp-json\/wp\/v2\/media?parent=725427"}],"wp:term":[{"taxonomy":"product_brand","embeddable":true,"href":"https:\/\/nextsnkr.com\/no\/wp-json\/wp\/v2\/product_brand?post=725427"},{"taxonomy":"product_cat","embeddable":true,"href":"https:\/\/nextsnkr.com\/no\/wp-json\/wp\/v2\/product_cat?post=725427"},{"taxonomy":"product_tag","embeddable":true,"href":"https:\/\/nextsnkr.com\/no\/wp-json\/wp\/v2\/product_tag?post=725427"}],"curies":[{"name":"wp","href":"https:\/\/api.w.org\/{rel}","templated":true}]}}