{"id":725298,"date":"2025-06-14T17:01:25","date_gmt":"2025-06-14T14:01:25","guid":{"rendered":"https:\/\/nextsnkr.com\/product\/nike-m2k-tekno-bubble-gum\/"},"modified":"2026-02-01T14:09:31","modified_gmt":"2026-02-01T11:09:31","slug":"nike-m2k-tekno-bubble-gum","status":"publish","type":"product","link":"https:\/\/nextsnkr.com\/no\/produkt\/nike-m2k-tekno-bubble-gum\/","title":{"rendered":"NIKE M2K TEKNO&raquo; Bubble Gum &raquo; sneakers &#8211; &#8211; l\u00e6r-og tekstilsko-damer"},"content":{"rendered":"<h2>NIKE M2K TEKNO&raquo; Bubble Gum &raquo; sneakers &#8211; &#8211; l\u00e6r-og tekstilsko-damer<\/h2>\n<p>&nbsp;<\/p>\n<p>NIKE M2K TEKNO&raquo; Bubble Gum &raquo; joggesko er en stilig modell som kombinerer l\u00e6r og tekstiler for komfort og holdbarhet. Den lyse designen i Tyggegummi nyanser gj\u00f8r dem fengende og moderne, mens den slitesterke ytters\u00e5len gir stabilitet og demping med hvert trinn. Disse joggeskoene er laget I Vietnam og er perfekte for daglig bruk, turg\u00e5ing og en aktiv livsstil. Velg Nike M2K TEKNO for et levende, komfortabelt og fasjonabelt utseende.<\/p>\n","protected":false},"excerpt":{"rendered":"<p>NIKE M2K TEKNO&raquo; Bubble Gum &raquo; joggesko er en stilig modell som kombinerer l\u00e6r og tekstiler for komfort og holdbarhet. Den lyse designen i Tyggegummi nyanser gj\u00f8r dem fengende og moderne, mens den slitesterke ytters\u00e5len gir stabilitet og demping med hvert trinn. Disse joggeskoene er laget I Vietnam og er perfekte for daglig bruk, turg\u00e5ing og en aktiv livsstil. Velg Nike M2K TEKNO for et levende, komfortabelt og fasjonabelt utseende.<\/p>\n","protected":false},"featured_media":725303,"comment_status":"open","ping_status":"open","template":"","meta":[],"product_brand":[],"product_cat":[3277,3278],"product_tag":[],"class_list":{"0":"post-725298","1":"product","2":"type-product","3":"status-publish","4":"has-post-thumbnail","6":"product_cat-all-product","7":"product_cat-krosivky","8":"pa_rozmir-910","9":"pa_rozmir-912","10":"pa_rozmir-914","11":"pa_rozmir-915","12":"pa_rozmir-916","13":"pa_rozmir-917","14":"pa_rozmir-918","15":"pa_rozmir-919","16":"pa_rozmir-920","17":"pa_rozmir-921","18":"pa_rozmir-922","20":"first","21":"instock","22":"purchasable","23":"product-type-variable"},"_links":{"self":[{"href":"https:\/\/nextsnkr.com\/no\/wp-json\/wp\/v2\/product\/725298","targetHints":{"allow":["GET"]}}],"collection":[{"href":"https:\/\/nextsnkr.com\/no\/wp-json\/wp\/v2\/product"}],"about":[{"href":"https:\/\/nextsnkr.com\/no\/wp-json\/wp\/v2\/types\/product"}],"replies":[{"embeddable":true,"href":"https:\/\/nextsnkr.com\/no\/wp-json\/wp\/v2\/comments?post=725298"}],"version-history":[{"count":0,"href":"https:\/\/nextsnkr.com\/no\/wp-json\/wp\/v2\/product\/725298\/revisions"}],"wp:featuredmedia":[{"embeddable":true,"href":"https:\/\/nextsnkr.com\/no\/wp-json\/wp\/v2\/media\/725303"}],"wp:attachment":[{"href":"https:\/\/nextsnkr.com\/no\/wp-json\/wp\/v2\/media?parent=725298"}],"wp:term":[{"taxonomy":"product_brand","embeddable":true,"href":"https:\/\/nextsnkr.com\/no\/wp-json\/wp\/v2\/product_brand?post=725298"},{"taxonomy":"product_cat","embeddable":true,"href":"https:\/\/nextsnkr.com\/no\/wp-json\/wp\/v2\/product_cat?post=725298"},{"taxonomy":"product_tag","embeddable":true,"href":"https:\/\/nextsnkr.com\/no\/wp-json\/wp\/v2\/product_tag?post=725298"}],"curies":[{"name":"wp","href":"https:\/\/api.w.org\/{rel}","templated":true}]}}